{"id":9120,"date":"2021-06-11T10:05:05","date_gmt":"2021-06-11T08:05:05","guid":{"rendered":"https:\/\/nitroerg.pl\/?page_id=9120"},"modified":"2021-06-11T10:05:05","modified_gmt":"2021-06-11T08:05:05","slug":"unique-formula","status":"publish","type":"page","link":"https:\/\/nitroerg.pl\/fr\/unique-formula\/","title":{"rendered":"Unique formula"},"content":{"rendered":"<p>The feature that distinguishes the nitrON package from other products of this type available on the global market is its unique formula, which allowed to combine properties seemingly impossible to combine. Fuel blends with FAME (Fatty Acid Methyl Esters) tend to degrade faster as a result of the fuel biocomponent being more susceptible to oxidation. It is known that cetane improvers also tend to have a negative impact on the oxidation stability of diesel fuel. The products of the oxidation reactions occurring in fuels are substances that may compromise the proper operation of engine, especially the HPCR injection systems. Diesel fuels enriched with the addition of nitrON additive, stored for 6 weeks at 43 \u00b0 C, showed an excellent oxidation stability throughout the entire duration of the study (Rancimat\u00ae method).<\/p>\n<p><img loading=\"lazy\" decoding=\"async\" class=\"aligncenter wp-image-9121 size-full\" src=\"https:\/\/nitroerg.pl\/wp-content\/uploads\/2021\/06\/angnitroerg23.png\" alt=\"\" width=\"1078\" height=\"544\" srcset=\"https:\/\/nitroerg.pl\/wp-content\/uploads\/2021\/06\/angnitroerg23.png 1078w, https:\/\/nitroerg.pl\/wp-content\/uploads\/2021\/06\/angnitroerg23-300x151.png 300w, https:\/\/nitroerg.pl\/wp-content\/uploads\/2021\/06\/angnitroerg23-1024x517.png 1024w, https:\/\/nitroerg.pl\/wp-content\/uploads\/2021\/06\/angnitroerg23-768x388.png 768w, https:\/\/nitroerg.pl\/wp-content\/uploads\/2021\/06\/angnitroerg23-440x222.png 440w\" sizes=\"auto, (max-width: 1078px) 100vw, 1078px\" \/><\/p>\n<p>&nbsp;<\/p>\n<p>The optimal level of nitrON dose used to increase the cetane number of the fuel depends, among others, on the base cetane number of the fuel (BCN). To help our customers make the most of nitrON additive, the effect of the additive dosage on the cetane number of the fuel is presented below (diesel fuel with BCN of 52.3).<\/p>\n<p>&nbsp;<\/p>\n<p><img loading=\"lazy\" decoding=\"async\" class=\"aligncenter wp-image-9125 size-full\" src=\"https:\/\/nitroerg.pl\/wp-content\/uploads\/2021\/06\/angnitroerg234.png\" alt=\"\" width=\"924\" height=\"479\" srcset=\"https:\/\/nitroerg.pl\/wp-content\/uploads\/2021\/06\/angnitroerg234.png 924w, https:\/\/nitroerg.pl\/wp-content\/uploads\/2021\/06\/angnitroerg234-300x156.png 300w, https:\/\/nitroerg.pl\/wp-content\/uploads\/2021\/06\/angnitroerg234-768x398.png 768w, https:\/\/nitroerg.pl\/wp-content\/uploads\/2021\/06\/angnitroerg234-440x228.png 440w\" sizes=\"auto, (max-width: 924px) 100vw, 924px\" \/><\/p>\n","protected":false},"excerpt":{"rendered":"<p>The feature that distinguishes the nitrON package from other products of this type available on the global market is its<a class=\"more-link\" href=\"https:\/\/nitroerg.pl\/fr\/unique-formula\/\">&#8230;<\/a><\/p>\n","protected":false},"author":2,"featured_media":0,"parent":8750,"menu_order":0,"comment_status":"closed","ping_status":"closed","template":"templates\/template-action.php","meta":{"_acf_changed":false,"footnotes":""},"class_list":["post-9120","page","type-page","status-publish","hentry"],"acf":[],"yoast_head":"<!-- This site is optimized with the Yoast SEO plugin v27.1.1 - https:\/\/yoast.com\/product\/yoast-seo-wordpress\/ -->\n<title>Unique formula - NITROERG<\/title>\n<meta name=\"robots\" content=\"index, follow, max-snippet:-1, max-image-preview:large, max-video-preview:-1\" \/>\n<link rel=\"canonical\" href=\"https:\/\/nitroerg.pl\/dodatek-nitron\/unikalna-formula\/\" \/>\n<meta property=\"og:locale\" content=\"fr_FR\" \/>\n<meta property=\"og:type\" content=\"article\" \/>\n<meta property=\"og:title\" content=\"Unique formula - NITROERG\" \/>\n<meta property=\"og:description\" content=\"The feature that distinguishes the nitrON package from other products of this type available on the global market is its...\" \/>\n<meta property=\"og:url\" content=\"https:\/\/nitroerg.pl\/dodatek-nitron\/unikalna-formula\/\" \/>\n<meta property=\"og:site_name\" content=\"NITROERG\" \/>\n<meta property=\"og:image\" content=\"https:\/\/nitroerg.pl\/wp-content\/uploads\/2021\/06\/angnitroerg23.png\" \/>\n<meta name=\"twitter:card\" content=\"summary_large_image\" \/>\n<meta name=\"twitter:label1\" content=\"Dur\u00e9e de lecture estim\u00e9e\" \/>\n\t<meta name=\"twitter:data1\" content=\"1 minute\" \/>\n<script type=\"application\/ld+json\" class=\"yoast-schema-graph\">{\"@context\":\"https:\/\/schema.org\",\"@graph\":[{\"@type\":\"WebPage\",\"@id\":\"https:\/\/nitroerg.pl\/dodatek-nitron\/unikalna-formula\/\",\"url\":\"https:\/\/nitroerg.pl\/dodatek-nitron\/unikalna-formula\/\",\"name\":\"Unique formula - NITROERG\",\"isPartOf\":{\"@id\":\"https:\/\/nitroerg.pl\/#website\"},\"primaryImageOfPage\":{\"@id\":\"https:\/\/nitroerg.pl\/dodatek-nitron\/unikalna-formula\/#primaryimage\"},\"image\":{\"@id\":\"https:\/\/nitroerg.pl\/dodatek-nitron\/unikalna-formula\/#primaryimage\"},\"thumbnailUrl\":\"https:\/\/nitroerg.pl\/wp-content\/uploads\/2021\/06\/angnitroerg23.png\",\"datePublished\":\"2021-06-11T08:05:05+00:00\",\"breadcrumb\":{\"@id\":\"https:\/\/nitroerg.pl\/dodatek-nitron\/unikalna-formula\/#breadcrumb\"},\"inLanguage\":\"fr-FR\",\"potentialAction\":[{\"@type\":\"ReadAction\",\"target\":[\"https:\/\/nitroerg.pl\/dodatek-nitron\/unikalna-formula\/\"]}]},{\"@type\":\"ImageObject\",\"inLanguage\":\"fr-FR\",\"@id\":\"https:\/\/nitroerg.pl\/dodatek-nitron\/unikalna-formula\/#primaryimage\",\"url\":\"https:\/\/nitroerg.pl\/wp-content\/uploads\/2021\/06\/angnitroerg23.png\",\"contentUrl\":\"https:\/\/nitroerg.pl\/wp-content\/uploads\/2021\/06\/angnitroerg23.png\"},{\"@type\":\"BreadcrumbList\",\"@id\":\"https:\/\/nitroerg.pl\/dodatek-nitron\/unikalna-formula\/#breadcrumb\",\"itemListElement\":[{\"@type\":\"ListItem\",\"position\":1,\"name\":\"Home\",\"item\":\"https:\/\/nitroerg.pl\/fr\/\"},{\"@type\":\"ListItem\",\"position\":2,\"name\":\"Akcjonariusze\",\"item\":\"https:\/\/nitroerg.pl\/dodatek-nitron\/\"},{\"@type\":\"ListItem\",\"position\":3,\"name\":\"Unique formula\"}]},{\"@type\":\"WebSite\",\"@id\":\"https:\/\/nitroerg.pl\/#website\",\"url\":\"https:\/\/nitroerg.pl\/\",\"name\":\"NITROERG\",\"description\":\"Najwi\u0119kszy w Polsce i jeden z najwi\u0119kszych w Europie producent materia\u0142\u00f3w wybuchowych\",\"potentialAction\":[{\"@type\":\"SearchAction\",\"target\":{\"@type\":\"EntryPoint\",\"urlTemplate\":\"https:\/\/nitroerg.pl\/?s={search_term_string}\"},\"query-input\":{\"@type\":\"PropertyValueSpecification\",\"valueRequired\":true,\"valueName\":\"search_term_string\"}}],\"inLanguage\":\"fr-FR\"}]}<\/script>\n<!-- \/ Yoast SEO plugin. -->","yoast_head_json":{"title":"Unique formula - NITROERG","robots":{"index":"index","follow":"follow","max-snippet":"max-snippet:-1","max-image-preview":"max-image-preview:large","max-video-preview":"max-video-preview:-1"},"canonical":"https:\/\/nitroerg.pl\/dodatek-nitron\/unikalna-formula\/","og_locale":"fr_FR","og_type":"article","og_title":"Unique formula - NITROERG","og_description":"The feature that distinguishes the nitrON package from other products of this type available on the global market is its...","og_url":"https:\/\/nitroerg.pl\/dodatek-nitron\/unikalna-formula\/","og_site_name":"NITROERG","og_image":[{"url":"https:\/\/nitroerg.pl\/wp-content\/uploads\/2021\/06\/angnitroerg23.png","type":"","width":"","height":""}],"twitter_card":"summary_large_image","twitter_misc":{"Dur\u00e9e de lecture estim\u00e9e":"1 minute"},"schema":{"@context":"https:\/\/schema.org","@graph":[{"@type":"WebPage","@id":"https:\/\/nitroerg.pl\/dodatek-nitron\/unikalna-formula\/","url":"https:\/\/nitroerg.pl\/dodatek-nitron\/unikalna-formula\/","name":"Unique formula - NITROERG","isPartOf":{"@id":"https:\/\/nitroerg.pl\/#website"},"primaryImageOfPage":{"@id":"https:\/\/nitroerg.pl\/dodatek-nitron\/unikalna-formula\/#primaryimage"},"image":{"@id":"https:\/\/nitroerg.pl\/dodatek-nitron\/unikalna-formula\/#primaryimage"},"thumbnailUrl":"https:\/\/nitroerg.pl\/wp-content\/uploads\/2021\/06\/angnitroerg23.png","datePublished":"2021-06-11T08:05:05+00:00","breadcrumb":{"@id":"https:\/\/nitroerg.pl\/dodatek-nitron\/unikalna-formula\/#breadcrumb"},"inLanguage":"fr-FR","potentialAction":[{"@type":"ReadAction","target":["https:\/\/nitroerg.pl\/dodatek-nitron\/unikalna-formula\/"]}]},{"@type":"ImageObject","inLanguage":"fr-FR","@id":"https:\/\/nitroerg.pl\/dodatek-nitron\/unikalna-formula\/#primaryimage","url":"https:\/\/nitroerg.pl\/wp-content\/uploads\/2021\/06\/angnitroerg23.png","contentUrl":"https:\/\/nitroerg.pl\/wp-content\/uploads\/2021\/06\/angnitroerg23.png"},{"@type":"BreadcrumbList","@id":"https:\/\/nitroerg.pl\/dodatek-nitron\/unikalna-formula\/#breadcrumb","itemListElement":[{"@type":"ListItem","position":1,"name":"Home","item":"https:\/\/nitroerg.pl\/fr\/"},{"@type":"ListItem","position":2,"name":"Akcjonariusze","item":"https:\/\/nitroerg.pl\/dodatek-nitron\/"},{"@type":"ListItem","position":3,"name":"Unique formula"}]},{"@type":"WebSite","@id":"https:\/\/nitroerg.pl\/#website","url":"https:\/\/nitroerg.pl\/","name":"NITROERG","description":"Najwi\u0119kszy w Polsce i jeden z najwi\u0119kszych w Europie producent materia\u0142\u00f3w wybuchowych","potentialAction":[{"@type":"SearchAction","target":{"@type":"EntryPoint","urlTemplate":"https:\/\/nitroerg.pl\/?s={search_term_string}"},"query-input":{"@type":"PropertyValueSpecification","valueRequired":true,"valueName":"search_term_string"}}],"inLanguage":"fr-FR"}]}},"_links":{"self":[{"href":"https:\/\/nitroerg.pl\/fr\/wp-json\/wp\/v2\/pages\/9120","targetHints":{"allow":["GET"]}}],"collection":[{"href":"https:\/\/nitroerg.pl\/fr\/wp-json\/wp\/v2\/pages"}],"about":[{"href":"https:\/\/nitroerg.pl\/fr\/wp-json\/wp\/v2\/types\/page"}],"author":[{"embeddable":true,"href":"https:\/\/nitroerg.pl\/fr\/wp-json\/wp\/v2\/users\/2"}],"replies":[{"embeddable":true,"href":"https:\/\/nitroerg.pl\/fr\/wp-json\/wp\/v2\/comments?post=9120"}],"version-history":[{"count":1,"href":"https:\/\/nitroerg.pl\/fr\/wp-json\/wp\/v2\/pages\/9120\/revisions"}],"predecessor-version":[{"id":9129,"href":"https:\/\/nitroerg.pl\/fr\/wp-json\/wp\/v2\/pages\/9120\/revisions\/9129"}],"up":[{"embeddable":true,"href":"https:\/\/nitroerg.pl\/fr\/wp-json\/wp\/v2\/pages\/8750"}],"wp:attachment":[{"href":"https:\/\/nitroerg.pl\/fr\/wp-json\/wp\/v2\/media?parent=9120"}],"curies":[{"name":"wp","href":"https:\/\/api.w.org\/{rel}","templated":true}]}}