{"id":4440,"date":"2019-03-07T12:23:17","date_gmt":"2019-03-07T11:23:17","guid":{"rendered":"http:\/\/nitroerg.pl\/?page_id=4440"},"modified":"2023-09-12T12:05:11","modified_gmt":"2023-09-12T10:05:11","slug":"contact","status":"publish","type":"page","link":"https:\/\/nitroerg.pl\/fr\/media\/contact\/","title":{"rendered":"Contact"},"content":{"rendered":"<p>Dans les onglets \u00e0 gauche, vous trouverez des informations et du mat\u00e9riel promotionnel de la soci\u00e9t\u00e9 NITROERG S.A. En cas de questions, les repr\u00e9sentants des m\u00e9dias sont pri\u00e9s de contacter directement notre porte-parole.<\/p>\n<p><span style=\"font-size: 14pt;\"><img decoding=\"async\" src=\"http:\/\/nitroerg.pl\/wp-content\/themes\/nitroerg\/assets\/images\/phone.png\" \/> \u00a0(+48) 32 466 11 35<\/span><\/p>\n<p><span style=\"font-size: 14pt;\">\u00a0 \u00a0 \u00a0<\/span><\/p>\n","protected":false},"excerpt":{"rendered":"<p>Dans les onglets \u00e0 gauche, vous trouverez des informations et du mat\u00e9riel promotionnel de la soci\u00e9t\u00e9 NITROERG S.A. En cas<a class=\"more-link\" href=\"https:\/\/nitroerg.pl\/fr\/media\/contact\/\">&#8230;<\/a><\/p>\n","protected":false},"author":2,"featured_media":0,"parent":4465,"menu_order":0,"comment_status":"closed","ping_status":"closed","template":"","meta":{"_acf_changed":false,"footnotes":""},"class_list":["post-4440","page","type-page","status-publish","hentry"],"acf":[],"yoast_head":"<!-- This site is optimized with the Yoast SEO plugin v27.1.1 - https:\/\/yoast.com\/product\/yoast-seo-wordpress\/ -->\n<title>Contact - NITROERG<\/title>\n<meta name=\"robots\" content=\"index, follow, max-snippet:-1, max-image-preview:large, max-video-preview:-1\" \/>\n<link rel=\"canonical\" href=\"https:\/\/nitroerg.pl\/fr\/media\/contact\/\" \/>\n<meta property=\"og:locale\" content=\"fr_FR\" \/>\n<meta property=\"og:type\" content=\"article\" \/>\n<meta property=\"og:title\" content=\"Contact - NITROERG\" \/>\n<meta property=\"og:description\" content=\"Dans les onglets \u00e0 gauche, vous trouverez des informations et du mat\u00e9riel promotionnel de la soci\u00e9t\u00e9 NITROERG S.A. En cas...\" \/>\n<meta property=\"og:url\" content=\"https:\/\/nitroerg.pl\/fr\/media\/contact\/\" \/>\n<meta property=\"og:site_name\" content=\"NITROERG\" \/>\n<meta property=\"article:modified_time\" content=\"2023-09-12T10:05:11+00:00\" \/>\n<meta property=\"og:image\" content=\"http:\/\/nitroerg.pl\/wp-content\/themes\/nitroerg\/assets\/images\/phone.png\" \/>\n<meta name=\"twitter:card\" content=\"summary_large_image\" \/>\n<meta name=\"twitter:label1\" content=\"Dur\u00e9e de lecture estim\u00e9e\" \/>\n\t<meta name=\"twitter:data1\" content=\"1 minute\" \/>\n<script type=\"application\/ld+json\" class=\"yoast-schema-graph\">{\"@context\":\"https:\/\/schema.org\",\"@graph\":[{\"@type\":\"WebPage\",\"@id\":\"https:\/\/nitroerg.pl\/fr\/media\/contact\/\",\"url\":\"https:\/\/nitroerg.pl\/fr\/media\/contact\/\",\"name\":\"Contact - NITROERG\",\"isPartOf\":{\"@id\":\"https:\/\/nitroerg.pl\/#website\"},\"primaryImageOfPage\":{\"@id\":\"https:\/\/nitroerg.pl\/fr\/media\/contact\/#primaryimage\"},\"image\":{\"@id\":\"https:\/\/nitroerg.pl\/fr\/media\/contact\/#primaryimage\"},\"thumbnailUrl\":\"http:\/\/nitroerg.pl\/wp-content\/themes\/nitroerg\/assets\/images\/phone.png\",\"datePublished\":\"2019-03-07T11:23:17+00:00\",\"dateModified\":\"2023-09-12T10:05:11+00:00\",\"breadcrumb\":{\"@id\":\"https:\/\/nitroerg.pl\/fr\/media\/contact\/#breadcrumb\"},\"inLanguage\":\"fr-FR\",\"potentialAction\":[{\"@type\":\"ReadAction\",\"target\":[\"https:\/\/nitroerg.pl\/fr\/media\/contact\/\"]}]},{\"@type\":\"ImageObject\",\"inLanguage\":\"fr-FR\",\"@id\":\"https:\/\/nitroerg.pl\/fr\/media\/contact\/#primaryimage\",\"url\":\"http:\/\/nitroerg.pl\/wp-content\/themes\/nitroerg\/assets\/images\/phone.png\",\"contentUrl\":\"http:\/\/nitroerg.pl\/wp-content\/themes\/nitroerg\/assets\/images\/phone.png\"},{\"@type\":\"BreadcrumbList\",\"@id\":\"https:\/\/nitroerg.pl\/fr\/media\/contact\/#breadcrumb\",\"itemListElement\":[{\"@type\":\"ListItem\",\"position\":1,\"name\":\"Home\",\"item\":\"https:\/\/nitroerg.pl\/fr\/\"},{\"@type\":\"ListItem\",\"position\":2,\"name\":\"M\u00e9dia\",\"item\":\"https:\/\/nitroerg.pl\/fr\/media\/\"},{\"@type\":\"ListItem\",\"position\":3,\"name\":\"Contact\"}]},{\"@type\":\"WebSite\",\"@id\":\"https:\/\/nitroerg.pl\/#website\",\"url\":\"https:\/\/nitroerg.pl\/\",\"name\":\"NITROERG\",\"description\":\"Najwi\u0119kszy w Polsce i jeden z najwi\u0119kszych w Europie producent materia\u0142\u00f3w wybuchowych\",\"potentialAction\":[{\"@type\":\"SearchAction\",\"target\":{\"@type\":\"EntryPoint\",\"urlTemplate\":\"https:\/\/nitroerg.pl\/?s={search_term_string}\"},\"query-input\":{\"@type\":\"PropertyValueSpecification\",\"valueRequired\":true,\"valueName\":\"search_term_string\"}}],\"inLanguage\":\"fr-FR\"}]}<\/script>\n<!-- \/ Yoast SEO plugin. -->","yoast_head_json":{"title":"Contact - NITROERG","robots":{"index":"index","follow":"follow","max-snippet":"max-snippet:-1","max-image-preview":"max-image-preview:large","max-video-preview":"max-video-preview:-1"},"canonical":"https:\/\/nitroerg.pl\/fr\/media\/contact\/","og_locale":"fr_FR","og_type":"article","og_title":"Contact - NITROERG","og_description":"Dans les onglets \u00e0 gauche, vous trouverez des informations et du mat\u00e9riel promotionnel de la soci\u00e9t\u00e9 NITROERG S.A. En cas...","og_url":"https:\/\/nitroerg.pl\/fr\/media\/contact\/","og_site_name":"NITROERG","article_modified_time":"2023-09-12T10:05:11+00:00","og_image":[{"url":"http:\/\/nitroerg.pl\/wp-content\/themes\/nitroerg\/assets\/images\/phone.png","type":"","width":"","height":""}],"twitter_card":"summary_large_image","twitter_misc":{"Dur\u00e9e de lecture estim\u00e9e":"1 minute"},"schema":{"@context":"https:\/\/schema.org","@graph":[{"@type":"WebPage","@id":"https:\/\/nitroerg.pl\/fr\/media\/contact\/","url":"https:\/\/nitroerg.pl\/fr\/media\/contact\/","name":"Contact - NITROERG","isPartOf":{"@id":"https:\/\/nitroerg.pl\/#website"},"primaryImageOfPage":{"@id":"https:\/\/nitroerg.pl\/fr\/media\/contact\/#primaryimage"},"image":{"@id":"https:\/\/nitroerg.pl\/fr\/media\/contact\/#primaryimage"},"thumbnailUrl":"http:\/\/nitroerg.pl\/wp-content\/themes\/nitroerg\/assets\/images\/phone.png","datePublished":"2019-03-07T11:23:17+00:00","dateModified":"2023-09-12T10:05:11+00:00","breadcrumb":{"@id":"https:\/\/nitroerg.pl\/fr\/media\/contact\/#breadcrumb"},"inLanguage":"fr-FR","potentialAction":[{"@type":"ReadAction","target":["https:\/\/nitroerg.pl\/fr\/media\/contact\/"]}]},{"@type":"ImageObject","inLanguage":"fr-FR","@id":"https:\/\/nitroerg.pl\/fr\/media\/contact\/#primaryimage","url":"http:\/\/nitroerg.pl\/wp-content\/themes\/nitroerg\/assets\/images\/phone.png","contentUrl":"http:\/\/nitroerg.pl\/wp-content\/themes\/nitroerg\/assets\/images\/phone.png"},{"@type":"BreadcrumbList","@id":"https:\/\/nitroerg.pl\/fr\/media\/contact\/#breadcrumb","itemListElement":[{"@type":"ListItem","position":1,"name":"Home","item":"https:\/\/nitroerg.pl\/fr\/"},{"@type":"ListItem","position":2,"name":"M\u00e9dia","item":"https:\/\/nitroerg.pl\/fr\/media\/"},{"@type":"ListItem","position":3,"name":"Contact"}]},{"@type":"WebSite","@id":"https:\/\/nitroerg.pl\/#website","url":"https:\/\/nitroerg.pl\/","name":"NITROERG","description":"Najwi\u0119kszy w Polsce i jeden z najwi\u0119kszych w Europie producent materia\u0142\u00f3w wybuchowych","potentialAction":[{"@type":"SearchAction","target":{"@type":"EntryPoint","urlTemplate":"https:\/\/nitroerg.pl\/?s={search_term_string}"},"query-input":{"@type":"PropertyValueSpecification","valueRequired":true,"valueName":"search_term_string"}}],"inLanguage":"fr-FR"}]}},"_links":{"self":[{"href":"https:\/\/nitroerg.pl\/fr\/wp-json\/wp\/v2\/pages\/4440","targetHints":{"allow":["GET"]}}],"collection":[{"href":"https:\/\/nitroerg.pl\/fr\/wp-json\/wp\/v2\/pages"}],"about":[{"href":"https:\/\/nitroerg.pl\/fr\/wp-json\/wp\/v2\/types\/page"}],"author":[{"embeddable":true,"href":"https:\/\/nitroerg.pl\/fr\/wp-json\/wp\/v2\/users\/2"}],"replies":[{"embeddable":true,"href":"https:\/\/nitroerg.pl\/fr\/wp-json\/wp\/v2\/comments?post=4440"}],"version-history":[{"count":8,"href":"https:\/\/nitroerg.pl\/fr\/wp-json\/wp\/v2\/pages\/4440\/revisions"}],"predecessor-version":[{"id":13025,"href":"https:\/\/nitroerg.pl\/fr\/wp-json\/wp\/v2\/pages\/4440\/revisions\/13025"}],"up":[{"embeddable":true,"href":"https:\/\/nitroerg.pl\/fr\/wp-json\/wp\/v2\/pages\/4465"}],"wp:attachment":[{"href":"https:\/\/nitroerg.pl\/fr\/wp-json\/wp\/v2\/media?parent=4440"}],"curies":[{"name":"wp","href":"https:\/\/api.w.org\/{rel}","templated":true}]}}