{"id":1823,"date":"2018-11-19T17:20:10","date_gmt":"2018-11-19T16:20:10","guid":{"rendered":"http:\/\/nitroerg.pl\/materialy-wybuchowe\/"},"modified":"2019-03-17T16:39:37","modified_gmt":"2019-03-17T15:39:37","slug":"explosifs","status":"publish","type":"page","link":"https:\/\/nitroerg.pl\/fr\/produkty\/explosifs\/","title":{"rendered":"Explosifs"},"content":{"rendered":"","protected":false},"excerpt":{"rendered":"","protected":false},"author":3,"featured_media":0,"parent":1723,"menu_order":0,"comment_status":"closed","ping_status":"closed","template":"templates\/template-products.php","meta":{"_acf_changed":false,"footnotes":""},"class_list":["post-1823","page","type-page","status-publish","hentry"],"acf":[],"yoast_head":"<!-- This site is optimized with the Yoast SEO plugin v27.1.1 - https:\/\/yoast.com\/product\/yoast-seo-wordpress\/ -->\n<title>Explosifs - NITROERG<\/title>\n<meta name=\"robots\" content=\"index, follow, max-snippet:-1, max-image-preview:large, max-video-preview:-1\" \/>\n<link rel=\"canonical\" href=\"https:\/\/nitroerg.pl\/fr\/produkty\/explosifs\/\" \/>\n<meta property=\"og:locale\" content=\"fr_FR\" \/>\n<meta property=\"og:type\" content=\"article\" \/>\n<meta property=\"og:title\" content=\"Explosifs - NITROERG\" \/>\n<meta property=\"og:url\" content=\"https:\/\/nitroerg.pl\/fr\/produkty\/explosifs\/\" \/>\n<meta property=\"og:site_name\" content=\"NITROERG\" \/>\n<meta property=\"article:modified_time\" content=\"2019-03-17T15:39:37+00:00\" \/>\n<meta name=\"twitter:card\" content=\"summary_large_image\" \/>\n<script type=\"application\/ld+json\" class=\"yoast-schema-graph\">{\"@context\":\"https:\/\/schema.org\",\"@graph\":[{\"@type\":\"WebPage\",\"@id\":\"https:\/\/nitroerg.pl\/fr\/produkty\/explosifs\/\",\"url\":\"https:\/\/nitroerg.pl\/fr\/produkty\/explosifs\/\",\"name\":\"Explosifs - NITROERG\",\"isPartOf\":{\"@id\":\"https:\/\/nitroerg.pl\/#website\"},\"datePublished\":\"2018-11-19T16:20:10+00:00\",\"dateModified\":\"2019-03-17T15:39:37+00:00\",\"breadcrumb\":{\"@id\":\"https:\/\/nitroerg.pl\/fr\/produkty\/explosifs\/#breadcrumb\"},\"inLanguage\":\"fr-FR\",\"potentialAction\":[{\"@type\":\"ReadAction\",\"target\":[\"https:\/\/nitroerg.pl\/fr\/produkty\/explosifs\/\"]}]},{\"@type\":\"BreadcrumbList\",\"@id\":\"https:\/\/nitroerg.pl\/fr\/produkty\/explosifs\/#breadcrumb\",\"itemListElement\":[{\"@type\":\"ListItem\",\"position\":1,\"name\":\"Home\",\"item\":\"https:\/\/nitroerg.pl\/fr\/\"},{\"@type\":\"ListItem\",\"position\":2,\"name\":\"Produkty\",\"item\":\"https:\/\/nitroerg.pl\/fr\/produkty\/\"},{\"@type\":\"ListItem\",\"position\":3,\"name\":\"Explosifs\"}]},{\"@type\":\"WebSite\",\"@id\":\"https:\/\/nitroerg.pl\/#website\",\"url\":\"https:\/\/nitroerg.pl\/\",\"name\":\"NITROERG\",\"description\":\"Najwi\u0119kszy w Polsce i jeden z najwi\u0119kszych w Europie producent materia\u0142\u00f3w wybuchowych\",\"potentialAction\":[{\"@type\":\"SearchAction\",\"target\":{\"@type\":\"EntryPoint\",\"urlTemplate\":\"https:\/\/nitroerg.pl\/?s={search_term_string}\"},\"query-input\":{\"@type\":\"PropertyValueSpecification\",\"valueRequired\":true,\"valueName\":\"search_term_string\"}}],\"inLanguage\":\"fr-FR\"}]}<\/script>\n<!-- \/ Yoast SEO plugin. -->","yoast_head_json":{"title":"Explosifs - NITROERG","robots":{"index":"index","follow":"follow","max-snippet":"max-snippet:-1","max-image-preview":"max-image-preview:large","max-video-preview":"max-video-preview:-1"},"canonical":"https:\/\/nitroerg.pl\/fr\/produkty\/explosifs\/","og_locale":"fr_FR","og_type":"article","og_title":"Explosifs - NITROERG","og_url":"https:\/\/nitroerg.pl\/fr\/produkty\/explosifs\/","og_site_name":"NITROERG","article_modified_time":"2019-03-17T15:39:37+00:00","twitter_card":"summary_large_image","schema":{"@context":"https:\/\/schema.org","@graph":[{"@type":"WebPage","@id":"https:\/\/nitroerg.pl\/fr\/produkty\/explosifs\/","url":"https:\/\/nitroerg.pl\/fr\/produkty\/explosifs\/","name":"Explosifs - NITROERG","isPartOf":{"@id":"https:\/\/nitroerg.pl\/#website"},"datePublished":"2018-11-19T16:20:10+00:00","dateModified":"2019-03-17T15:39:37+00:00","breadcrumb":{"@id":"https:\/\/nitroerg.pl\/fr\/produkty\/explosifs\/#breadcrumb"},"inLanguage":"fr-FR","potentialAction":[{"@type":"ReadAction","target":["https:\/\/nitroerg.pl\/fr\/produkty\/explosifs\/"]}]},{"@type":"BreadcrumbList","@id":"https:\/\/nitroerg.pl\/fr\/produkty\/explosifs\/#breadcrumb","itemListElement":[{"@type":"ListItem","position":1,"name":"Home","item":"https:\/\/nitroerg.pl\/fr\/"},{"@type":"ListItem","position":2,"name":"Produkty","item":"https:\/\/nitroerg.pl\/fr\/produkty\/"},{"@type":"ListItem","position":3,"name":"Explosifs"}]},{"@type":"WebSite","@id":"https:\/\/nitroerg.pl\/#website","url":"https:\/\/nitroerg.pl\/","name":"NITROERG","description":"Najwi\u0119kszy w Polsce i jeden z najwi\u0119kszych w Europie producent materia\u0142\u00f3w wybuchowych","potentialAction":[{"@type":"SearchAction","target":{"@type":"EntryPoint","urlTemplate":"https:\/\/nitroerg.pl\/?s={search_term_string}"},"query-input":{"@type":"PropertyValueSpecification","valueRequired":true,"valueName":"search_term_string"}}],"inLanguage":"fr-FR"}]}},"_links":{"self":[{"href":"https:\/\/nitroerg.pl\/fr\/wp-json\/wp\/v2\/pages\/1823","targetHints":{"allow":["GET"]}}],"collection":[{"href":"https:\/\/nitroerg.pl\/fr\/wp-json\/wp\/v2\/pages"}],"about":[{"href":"https:\/\/nitroerg.pl\/fr\/wp-json\/wp\/v2\/types\/page"}],"author":[{"embeddable":true,"href":"https:\/\/nitroerg.pl\/fr\/wp-json\/wp\/v2\/users\/3"}],"replies":[{"embeddable":true,"href":"https:\/\/nitroerg.pl\/fr\/wp-json\/wp\/v2\/comments?post=1823"}],"version-history":[{"count":17,"href":"https:\/\/nitroerg.pl\/fr\/wp-json\/wp\/v2\/pages\/1823\/revisions"}],"predecessor-version":[{"id":4190,"href":"https:\/\/nitroerg.pl\/fr\/wp-json\/wp\/v2\/pages\/1823\/revisions\/4190"}],"up":[{"embeddable":true,"href":"https:\/\/nitroerg.pl\/fr\/wp-json\/wp\/v2\/pages\/1723"}],"wp:attachment":[{"href":"https:\/\/nitroerg.pl\/fr\/wp-json\/wp\/v2\/media?parent=1823"}],"curies":[{"name":"wp","href":"https:\/\/api.w.org\/{rel}","templated":true}]}}