{"id":1792,"date":"2018-11-20T09:57:05","date_gmt":"2018-11-20T08:57:05","guid":{"rendered":"http:\/\/nitroerg.pl\/podstawowe-informacje\/"},"modified":"2019-10-10T20:45:48","modified_gmt":"2019-10-10T18:45:48","slug":"actionnaires","status":"publish","type":"page","link":"https:\/\/nitroerg.pl\/fr\/akcjonariusze\/actionnaires\/","title":{"rendered":"Actionnaires"},"content":{"rendered":"<p>Le capital social de la Soci\u00e9t\u00e9 NITROERG S.A. <b>s\u2019\u00e9l\u00e8ve \u00e0 61 892 000 PLN fractionn\u00e9 en 6 189 200 actions<\/b>. L\u2019actionnaire majoritaire est la Soci\u00e9t\u00e9 KGHM Polska Mied\u017a S.A.<\/p>\n<p>&nbsp;<\/p>\n<p>Structure des actionnaires NITROERG S.A.<\/p>\n<p><img loading=\"lazy\" decoding=\"async\" class=\"alignnone wp-image-4388 size-full\" src=\"http:\/\/nitroerg.pl\/wp-content\/uploads\/2019\/03\/wykres-3.png\" alt=\"\" width=\"694\" height=\"323\" srcset=\"https:\/\/nitroerg.pl\/wp-content\/uploads\/2019\/03\/wykres-3.png 694w, https:\/\/nitroerg.pl\/wp-content\/uploads\/2019\/03\/wykres-3-300x140.png 300w, https:\/\/nitroerg.pl\/wp-content\/uploads\/2019\/03\/wykres-3-440x205.png 440w\" sizes=\"auto, (max-width: 694px) 100vw, 694px\" \/><\/p>\n<p>&nbsp;<\/p>\n","protected":false},"excerpt":{"rendered":"<p>Le capital social de la Soci\u00e9t\u00e9 NITROERG S.A. s\u2019\u00e9l\u00e8ve \u00e0 61 892 000 PLN fractionn\u00e9 en 6 189 200 actions.<a class=\"more-link\" href=\"https:\/\/nitroerg.pl\/fr\/akcjonariusze\/actionnaires\/\">&#8230;<\/a><\/p>\n","protected":false},"author":3,"featured_media":0,"parent":1802,"menu_order":0,"comment_status":"closed","ping_status":"closed","template":"","meta":{"_acf_changed":false,"footnotes":""},"class_list":["post-1792","page","type-page","status-publish","hentry"],"acf":[],"yoast_head":"<!-- This site is optimized with the Yoast SEO plugin v27.1.1 - https:\/\/yoast.com\/product\/yoast-seo-wordpress\/ -->\n<title>Actionnaires I NITROERG<\/title>\n<meta name=\"robots\" content=\"index, follow, max-snippet:-1, max-image-preview:large, max-video-preview:-1\" \/>\n<link rel=\"canonical\" href=\"https:\/\/nitroerg.pl\/fr\/akcjonariusze\/actionnaires\/\" \/>\n<meta property=\"og:locale\" content=\"fr_FR\" \/>\n<meta property=\"og:type\" content=\"article\" \/>\n<meta property=\"og:title\" content=\"Actionnaires I NITROERG\" \/>\n<meta property=\"og:description\" content=\"Le capital social de la Soci\u00e9t\u00e9 NITROERG S.A. s\u2019\u00e9l\u00e8ve \u00e0 61 892 000 PLN fractionn\u00e9 en 6 189 200 actions....\" \/>\n<meta property=\"og:url\" content=\"https:\/\/nitroerg.pl\/fr\/akcjonariusze\/actionnaires\/\" \/>\n<meta property=\"og:site_name\" content=\"NITROERG\" \/>\n<meta property=\"article:modified_time\" content=\"2019-10-10T18:45:48+00:00\" \/>\n<meta property=\"og:image\" content=\"http:\/\/nitroerg.pl\/wp-content\/uploads\/2019\/03\/wykres-3.png\" \/>\n<meta name=\"twitter:card\" content=\"summary_large_image\" \/>\n<script type=\"application\/ld+json\" class=\"yoast-schema-graph\">{\"@context\":\"https:\/\/schema.org\",\"@graph\":[{\"@type\":\"WebPage\",\"@id\":\"https:\/\/nitroerg.pl\/fr\/akcjonariusze\/actionnaires\/\",\"url\":\"https:\/\/nitroerg.pl\/fr\/akcjonariusze\/actionnaires\/\",\"name\":\"Actionnaires I NITROERG\",\"isPartOf\":{\"@id\":\"https:\/\/nitroerg.pl\/#website\"},\"primaryImageOfPage\":{\"@id\":\"https:\/\/nitroerg.pl\/fr\/akcjonariusze\/actionnaires\/#primaryimage\"},\"image\":{\"@id\":\"https:\/\/nitroerg.pl\/fr\/akcjonariusze\/actionnaires\/#primaryimage\"},\"thumbnailUrl\":\"http:\/\/nitroerg.pl\/wp-content\/uploads\/2019\/03\/wykres-3.png\",\"datePublished\":\"2018-11-20T08:57:05+00:00\",\"dateModified\":\"2019-10-10T18:45:48+00:00\",\"breadcrumb\":{\"@id\":\"https:\/\/nitroerg.pl\/fr\/akcjonariusze\/actionnaires\/#breadcrumb\"},\"inLanguage\":\"fr-FR\",\"potentialAction\":[{\"@type\":\"ReadAction\",\"target\":[\"https:\/\/nitroerg.pl\/fr\/akcjonariusze\/actionnaires\/\"]}]},{\"@type\":\"ImageObject\",\"inLanguage\":\"fr-FR\",\"@id\":\"https:\/\/nitroerg.pl\/fr\/akcjonariusze\/actionnaires\/#primaryimage\",\"url\":\"http:\/\/nitroerg.pl\/wp-content\/uploads\/2019\/03\/wykres-3.png\",\"contentUrl\":\"http:\/\/nitroerg.pl\/wp-content\/uploads\/2019\/03\/wykres-3.png\"},{\"@type\":\"BreadcrumbList\",\"@id\":\"https:\/\/nitroerg.pl\/fr\/akcjonariusze\/actionnaires\/#breadcrumb\",\"itemListElement\":[{\"@type\":\"ListItem\",\"position\":1,\"name\":\"Home\",\"item\":\"https:\/\/nitroerg.pl\/fr\/\"},{\"@type\":\"ListItem\",\"position\":2,\"name\":\"Akcjonariusze\",\"item\":\"https:\/\/nitroerg.pl\/fr\/akcjonariusze\/\"},{\"@type\":\"ListItem\",\"position\":3,\"name\":\"Actionnaires\"}]},{\"@type\":\"WebSite\",\"@id\":\"https:\/\/nitroerg.pl\/#website\",\"url\":\"https:\/\/nitroerg.pl\/\",\"name\":\"NITROERG\",\"description\":\"Najwi\u0119kszy w Polsce i jeden z najwi\u0119kszych w Europie producent materia\u0142\u00f3w wybuchowych\",\"potentialAction\":[{\"@type\":\"SearchAction\",\"target\":{\"@type\":\"EntryPoint\",\"urlTemplate\":\"https:\/\/nitroerg.pl\/?s={search_term_string}\"},\"query-input\":{\"@type\":\"PropertyValueSpecification\",\"valueRequired\":true,\"valueName\":\"search_term_string\"}}],\"inLanguage\":\"fr-FR\"}]}<\/script>\n<!-- \/ Yoast SEO plugin. -->","yoast_head_json":{"title":"Actionnaires I NITROERG","robots":{"index":"index","follow":"follow","max-snippet":"max-snippet:-1","max-image-preview":"max-image-preview:large","max-video-preview":"max-video-preview:-1"},"canonical":"https:\/\/nitroerg.pl\/fr\/akcjonariusze\/actionnaires\/","og_locale":"fr_FR","og_type":"article","og_title":"Actionnaires I NITROERG","og_description":"Le capital social de la Soci\u00e9t\u00e9 NITROERG S.A. s\u2019\u00e9l\u00e8ve \u00e0 61 892 000 PLN fractionn\u00e9 en 6 189 200 actions....","og_url":"https:\/\/nitroerg.pl\/fr\/akcjonariusze\/actionnaires\/","og_site_name":"NITROERG","article_modified_time":"2019-10-10T18:45:48+00:00","og_image":[{"url":"http:\/\/nitroerg.pl\/wp-content\/uploads\/2019\/03\/wykres-3.png","type":"","width":"","height":""}],"twitter_card":"summary_large_image","schema":{"@context":"https:\/\/schema.org","@graph":[{"@type":"WebPage","@id":"https:\/\/nitroerg.pl\/fr\/akcjonariusze\/actionnaires\/","url":"https:\/\/nitroerg.pl\/fr\/akcjonariusze\/actionnaires\/","name":"Actionnaires I NITROERG","isPartOf":{"@id":"https:\/\/nitroerg.pl\/#website"},"primaryImageOfPage":{"@id":"https:\/\/nitroerg.pl\/fr\/akcjonariusze\/actionnaires\/#primaryimage"},"image":{"@id":"https:\/\/nitroerg.pl\/fr\/akcjonariusze\/actionnaires\/#primaryimage"},"thumbnailUrl":"http:\/\/nitroerg.pl\/wp-content\/uploads\/2019\/03\/wykres-3.png","datePublished":"2018-11-20T08:57:05+00:00","dateModified":"2019-10-10T18:45:48+00:00","breadcrumb":{"@id":"https:\/\/nitroerg.pl\/fr\/akcjonariusze\/actionnaires\/#breadcrumb"},"inLanguage":"fr-FR","potentialAction":[{"@type":"ReadAction","target":["https:\/\/nitroerg.pl\/fr\/akcjonariusze\/actionnaires\/"]}]},{"@type":"ImageObject","inLanguage":"fr-FR","@id":"https:\/\/nitroerg.pl\/fr\/akcjonariusze\/actionnaires\/#primaryimage","url":"http:\/\/nitroerg.pl\/wp-content\/uploads\/2019\/03\/wykres-3.png","contentUrl":"http:\/\/nitroerg.pl\/wp-content\/uploads\/2019\/03\/wykres-3.png"},{"@type":"BreadcrumbList","@id":"https:\/\/nitroerg.pl\/fr\/akcjonariusze\/actionnaires\/#breadcrumb","itemListElement":[{"@type":"ListItem","position":1,"name":"Home","item":"https:\/\/nitroerg.pl\/fr\/"},{"@type":"ListItem","position":2,"name":"Akcjonariusze","item":"https:\/\/nitroerg.pl\/fr\/akcjonariusze\/"},{"@type":"ListItem","position":3,"name":"Actionnaires"}]},{"@type":"WebSite","@id":"https:\/\/nitroerg.pl\/#website","url":"https:\/\/nitroerg.pl\/","name":"NITROERG","description":"Najwi\u0119kszy w Polsce i jeden z najwi\u0119kszych w Europie producent materia\u0142\u00f3w wybuchowych","potentialAction":[{"@type":"SearchAction","target":{"@type":"EntryPoint","urlTemplate":"https:\/\/nitroerg.pl\/?s={search_term_string}"},"query-input":{"@type":"PropertyValueSpecification","valueRequired":true,"valueName":"search_term_string"}}],"inLanguage":"fr-FR"}]}},"_links":{"self":[{"href":"https:\/\/nitroerg.pl\/fr\/wp-json\/wp\/v2\/pages\/1792","targetHints":{"allow":["GET"]}}],"collection":[{"href":"https:\/\/nitroerg.pl\/fr\/wp-json\/wp\/v2\/pages"}],"about":[{"href":"https:\/\/nitroerg.pl\/fr\/wp-json\/wp\/v2\/types\/page"}],"author":[{"embeddable":true,"href":"https:\/\/nitroerg.pl\/fr\/wp-json\/wp\/v2\/users\/3"}],"replies":[{"embeddable":true,"href":"https:\/\/nitroerg.pl\/fr\/wp-json\/wp\/v2\/comments?post=1792"}],"version-history":[{"count":17,"href":"https:\/\/nitroerg.pl\/fr\/wp-json\/wp\/v2\/pages\/1792\/revisions"}],"predecessor-version":[{"id":6427,"href":"https:\/\/nitroerg.pl\/fr\/wp-json\/wp\/v2\/pages\/1792\/revisions\/6427"}],"up":[{"embeddable":true,"href":"https:\/\/nitroerg.pl\/fr\/wp-json\/wp\/v2\/pages\/1802"}],"wp:attachment":[{"href":"https:\/\/nitroerg.pl\/fr\/wp-json\/wp\/v2\/media?parent=1792"}],"curies":[{"name":"wp","href":"https:\/\/api.w.org\/{rel}","templated":true}]}}