{"id":1747,"date":"2018-11-21T10:30:55","date_gmt":"2018-11-21T09:30:55","guid":{"rendered":"http:\/\/nitroerg.pl\/uslugi-transportowe\/"},"modified":"2019-02-18T16:26:35","modified_gmt":"2019-02-18T15:26:35","slug":"services-de-transport","status":"publish","type":"page","link":"https:\/\/nitroerg.pl\/fr\/services-de-transport\/","title":{"rendered":"Services de transport"},"content":{"rendered":"<p align=\"JUSTIFY\"><span lang=\"fr-FR\">Depuis plus de 30 ans NITROERG S.A. pr\u00eate les services de transport de marchandises dangereuses, en se sp\u00e9cialisant dans le transport des explosifs de classe 1 selon l\u2019ADR.<\/span><\/p>\n","protected":false},"excerpt":{"rendered":"<p>Depuis plus de 30 ans NITROERG S.A. pr\u00eate les services de transport de marchandises dangereuses, en se sp\u00e9cialisant dans le<a class=\"more-link\" href=\"https:\/\/nitroerg.pl\/fr\/services-de-transport\/\">&#8230;<\/a><\/p>\n","protected":false},"author":3,"featured_media":0,"parent":0,"menu_order":0,"comment_status":"closed","ping_status":"closed","template":"templates\/template-service.php","meta":{"_acf_changed":false,"footnotes":""},"class_list":["post-1747","page","type-page","status-publish","hentry"],"acf":[],"yoast_head":"<!-- This site is optimized with the Yoast SEO plugin v27.1.1 - https:\/\/yoast.com\/product\/yoast-seo-wordpress\/ -->\n<title>Services de transport - NITROERG<\/title>\n<meta name=\"robots\" content=\"index, follow, max-snippet:-1, max-image-preview:large, max-video-preview:-1\" \/>\n<link rel=\"canonical\" href=\"https:\/\/nitroerg.pl\/fr\/services-de-transport\/\" \/>\n<meta property=\"og:locale\" content=\"fr_FR\" \/>\n<meta property=\"og:type\" content=\"article\" \/>\n<meta property=\"og:title\" content=\"Services de transport - NITROERG\" \/>\n<meta property=\"og:description\" content=\"Depuis plus de 30 ans NITROERG S.A. pr\u00eate les services de transport de marchandises dangereuses, en se sp\u00e9cialisant dans le...\" \/>\n<meta property=\"og:url\" content=\"https:\/\/nitroerg.pl\/fr\/services-de-transport\/\" \/>\n<meta property=\"og:site_name\" content=\"NITROERG\" \/>\n<meta property=\"article:modified_time\" content=\"2019-02-18T15:26:35+00:00\" \/>\n<meta name=\"twitter:card\" content=\"summary_large_image\" \/>\n<script type=\"application\/ld+json\" class=\"yoast-schema-graph\">{\"@context\":\"https:\/\/schema.org\",\"@graph\":[{\"@type\":\"WebPage\",\"@id\":\"https:\/\/nitroerg.pl\/fr\/services-de-transport\/\",\"url\":\"https:\/\/nitroerg.pl\/fr\/services-de-transport\/\",\"name\":\"Services de transport - NITROERG\",\"isPartOf\":{\"@id\":\"https:\/\/nitroerg.pl\/#website\"},\"datePublished\":\"2018-11-21T09:30:55+00:00\",\"dateModified\":\"2019-02-18T15:26:35+00:00\",\"breadcrumb\":{\"@id\":\"https:\/\/nitroerg.pl\/fr\/services-de-transport\/#breadcrumb\"},\"inLanguage\":\"fr-FR\",\"potentialAction\":[{\"@type\":\"ReadAction\",\"target\":[\"https:\/\/nitroerg.pl\/fr\/services-de-transport\/\"]}]},{\"@type\":\"BreadcrumbList\",\"@id\":\"https:\/\/nitroerg.pl\/fr\/services-de-transport\/#breadcrumb\",\"itemListElement\":[{\"@type\":\"ListItem\",\"position\":1,\"name\":\"Home\",\"item\":\"https:\/\/nitroerg.pl\/fr\/\"},{\"@type\":\"ListItem\",\"position\":2,\"name\":\"Services de transport\"}]},{\"@type\":\"WebSite\",\"@id\":\"https:\/\/nitroerg.pl\/#website\",\"url\":\"https:\/\/nitroerg.pl\/\",\"name\":\"NITROERG\",\"description\":\"Najwi\u0119kszy w Polsce i jeden z najwi\u0119kszych w Europie producent materia\u0142\u00f3w wybuchowych\",\"potentialAction\":[{\"@type\":\"SearchAction\",\"target\":{\"@type\":\"EntryPoint\",\"urlTemplate\":\"https:\/\/nitroerg.pl\/?s={search_term_string}\"},\"query-input\":{\"@type\":\"PropertyValueSpecification\",\"valueRequired\":true,\"valueName\":\"search_term_string\"}}],\"inLanguage\":\"fr-FR\"}]}<\/script>\n<!-- \/ Yoast SEO plugin. -->","yoast_head_json":{"title":"Services de transport - NITROERG","robots":{"index":"index","follow":"follow","max-snippet":"max-snippet:-1","max-image-preview":"max-image-preview:large","max-video-preview":"max-video-preview:-1"},"canonical":"https:\/\/nitroerg.pl\/fr\/services-de-transport\/","og_locale":"fr_FR","og_type":"article","og_title":"Services de transport - NITROERG","og_description":"Depuis plus de 30 ans NITROERG S.A. pr\u00eate les services de transport de marchandises dangereuses, en se sp\u00e9cialisant dans le...","og_url":"https:\/\/nitroerg.pl\/fr\/services-de-transport\/","og_site_name":"NITROERG","article_modified_time":"2019-02-18T15:26:35+00:00","twitter_card":"summary_large_image","schema":{"@context":"https:\/\/schema.org","@graph":[{"@type":"WebPage","@id":"https:\/\/nitroerg.pl\/fr\/services-de-transport\/","url":"https:\/\/nitroerg.pl\/fr\/services-de-transport\/","name":"Services de transport - NITROERG","isPartOf":{"@id":"https:\/\/nitroerg.pl\/#website"},"datePublished":"2018-11-21T09:30:55+00:00","dateModified":"2019-02-18T15:26:35+00:00","breadcrumb":{"@id":"https:\/\/nitroerg.pl\/fr\/services-de-transport\/#breadcrumb"},"inLanguage":"fr-FR","potentialAction":[{"@type":"ReadAction","target":["https:\/\/nitroerg.pl\/fr\/services-de-transport\/"]}]},{"@type":"BreadcrumbList","@id":"https:\/\/nitroerg.pl\/fr\/services-de-transport\/#breadcrumb","itemListElement":[{"@type":"ListItem","position":1,"name":"Home","item":"https:\/\/nitroerg.pl\/fr\/"},{"@type":"ListItem","position":2,"name":"Services de transport"}]},{"@type":"WebSite","@id":"https:\/\/nitroerg.pl\/#website","url":"https:\/\/nitroerg.pl\/","name":"NITROERG","description":"Najwi\u0119kszy w Polsce i jeden z najwi\u0119kszych w Europie producent materia\u0142\u00f3w wybuchowych","potentialAction":[{"@type":"SearchAction","target":{"@type":"EntryPoint","urlTemplate":"https:\/\/nitroerg.pl\/?s={search_term_string}"},"query-input":{"@type":"PropertyValueSpecification","valueRequired":true,"valueName":"search_term_string"}}],"inLanguage":"fr-FR"}]}},"_links":{"self":[{"href":"https:\/\/nitroerg.pl\/fr\/wp-json\/wp\/v2\/pages\/1747","targetHints":{"allow":["GET"]}}],"collection":[{"href":"https:\/\/nitroerg.pl\/fr\/wp-json\/wp\/v2\/pages"}],"about":[{"href":"https:\/\/nitroerg.pl\/fr\/wp-json\/wp\/v2\/types\/page"}],"author":[{"embeddable":true,"href":"https:\/\/nitroerg.pl\/fr\/wp-json\/wp\/v2\/users\/3"}],"replies":[{"embeddable":true,"href":"https:\/\/nitroerg.pl\/fr\/wp-json\/wp\/v2\/comments?post=1747"}],"version-history":[{"count":12,"href":"https:\/\/nitroerg.pl\/fr\/wp-json\/wp\/v2\/pages\/1747\/revisions"}],"predecessor-version":[{"id":3917,"href":"https:\/\/nitroerg.pl\/fr\/wp-json\/wp\/v2\/pages\/1747\/revisions\/3917"}],"wp:attachment":[{"href":"https:\/\/nitroerg.pl\/fr\/wp-json\/wp\/v2\/media?parent=1747"}],"curies":[{"name":"wp","href":"https:\/\/api.w.org\/{rel}","templated":true}]}}