{"id":1738,"date":"2018-11-21T10:33:39","date_gmt":"2018-11-21T09:33:39","guid":{"rendered":"http:\/\/nitroerg.pl\/uslugi-wiertniczo-strzalowe\/"},"modified":"2019-02-18T16:11:27","modified_gmt":"2019-02-18T15:11:27","slug":"services-de-forage-et-de-dynamitage","status":"publish","type":"page","link":"https:\/\/nitroerg.pl\/fr\/services-de-forage-et-de-dynamitage\/","title":{"rendered":"Services de forage et de dynamitage"},"content":{"rendered":"<p><span lang=\"fr-FR\">La soci\u00e9t\u00e9 NITROERG SERWIS est un repr\u00e9sentant et distributeur d\u2019agents de tir de NITROERG S.A. sur le march\u00e9 des mines \u00e0 ciel ouvert et dans le domaine des travaux de g\u00e9nie civil r\u00e9alis\u00e9s avec l\u2019utilisation d\u2019explosifs.<\/span><\/p>\n","protected":false},"excerpt":{"rendered":"<p>La soci\u00e9t\u00e9 NITROERG SERWIS est un repr\u00e9sentant et distributeur d\u2019agents de tir de NITROERG S.A. sur le march\u00e9 des mines<a class=\"more-link\" href=\"https:\/\/nitroerg.pl\/fr\/services-de-forage-et-de-dynamitage\/\">&#8230;<\/a><\/p>\n","protected":false},"author":3,"featured_media":0,"parent":0,"menu_order":0,"comment_status":"closed","ping_status":"closed","template":"templates\/template-service.php","meta":{"_acf_changed":false,"footnotes":""},"class_list":["post-1738","page","type-page","status-publish","hentry"],"acf":[],"yoast_head":"<!-- This site is optimized with the Yoast SEO plugin v27.1.1 - https:\/\/yoast.com\/product\/yoast-seo-wordpress\/ -->\n<title>Services de forage et de dynamitage - NITROERG<\/title>\n<meta name=\"robots\" content=\"index, follow, max-snippet:-1, max-image-preview:large, max-video-preview:-1\" \/>\n<link rel=\"canonical\" href=\"https:\/\/nitroerg.pl\/fr\/services-de-forage-et-de-dynamitage\/\" \/>\n<meta property=\"og:locale\" content=\"fr_FR\" \/>\n<meta property=\"og:type\" content=\"article\" \/>\n<meta property=\"og:title\" content=\"Services de forage et de dynamitage - NITROERG\" \/>\n<meta property=\"og:description\" content=\"La soci\u00e9t\u00e9 NITROERG SERWIS est un repr\u00e9sentant et distributeur d\u2019agents de tir de NITROERG S.A. sur le march\u00e9 des mines...\" \/>\n<meta property=\"og:url\" content=\"https:\/\/nitroerg.pl\/fr\/services-de-forage-et-de-dynamitage\/\" \/>\n<meta property=\"og:site_name\" content=\"NITROERG\" \/>\n<meta property=\"article:modified_time\" content=\"2019-02-18T15:11:27+00:00\" \/>\n<meta name=\"twitter:card\" content=\"summary_large_image\" \/>\n<script type=\"application\/ld+json\" class=\"yoast-schema-graph\">{\"@context\":\"https:\/\/schema.org\",\"@graph\":[{\"@type\":\"WebPage\",\"@id\":\"https:\/\/nitroerg.pl\/fr\/services-de-forage-et-de-dynamitage\/\",\"url\":\"https:\/\/nitroerg.pl\/fr\/services-de-forage-et-de-dynamitage\/\",\"name\":\"Services de forage et de dynamitage - NITROERG\",\"isPartOf\":{\"@id\":\"https:\/\/nitroerg.pl\/#website\"},\"datePublished\":\"2018-11-21T09:33:39+00:00\",\"dateModified\":\"2019-02-18T15:11:27+00:00\",\"breadcrumb\":{\"@id\":\"https:\/\/nitroerg.pl\/fr\/services-de-forage-et-de-dynamitage\/#breadcrumb\"},\"inLanguage\":\"fr-FR\",\"potentialAction\":[{\"@type\":\"ReadAction\",\"target\":[\"https:\/\/nitroerg.pl\/fr\/services-de-forage-et-de-dynamitage\/\"]}]},{\"@type\":\"BreadcrumbList\",\"@id\":\"https:\/\/nitroerg.pl\/fr\/services-de-forage-et-de-dynamitage\/#breadcrumb\",\"itemListElement\":[{\"@type\":\"ListItem\",\"position\":1,\"name\":\"Home\",\"item\":\"https:\/\/nitroerg.pl\/fr\/\"},{\"@type\":\"ListItem\",\"position\":2,\"name\":\"Services de forage et de dynamitage\"}]},{\"@type\":\"WebSite\",\"@id\":\"https:\/\/nitroerg.pl\/#website\",\"url\":\"https:\/\/nitroerg.pl\/\",\"name\":\"NITROERG\",\"description\":\"Najwi\u0119kszy w Polsce i jeden z najwi\u0119kszych w Europie producent materia\u0142\u00f3w wybuchowych\",\"potentialAction\":[{\"@type\":\"SearchAction\",\"target\":{\"@type\":\"EntryPoint\",\"urlTemplate\":\"https:\/\/nitroerg.pl\/?s={search_term_string}\"},\"query-input\":{\"@type\":\"PropertyValueSpecification\",\"valueRequired\":true,\"valueName\":\"search_term_string\"}}],\"inLanguage\":\"fr-FR\"}]}<\/script>\n<!-- \/ Yoast SEO plugin. -->","yoast_head_json":{"title":"Services de forage et de dynamitage - NITROERG","robots":{"index":"index","follow":"follow","max-snippet":"max-snippet:-1","max-image-preview":"max-image-preview:large","max-video-preview":"max-video-preview:-1"},"canonical":"https:\/\/nitroerg.pl\/fr\/services-de-forage-et-de-dynamitage\/","og_locale":"fr_FR","og_type":"article","og_title":"Services de forage et de dynamitage - NITROERG","og_description":"La soci\u00e9t\u00e9 NITROERG SERWIS est un repr\u00e9sentant et distributeur d\u2019agents de tir de NITROERG S.A. sur le march\u00e9 des mines...","og_url":"https:\/\/nitroerg.pl\/fr\/services-de-forage-et-de-dynamitage\/","og_site_name":"NITROERG","article_modified_time":"2019-02-18T15:11:27+00:00","twitter_card":"summary_large_image","schema":{"@context":"https:\/\/schema.org","@graph":[{"@type":"WebPage","@id":"https:\/\/nitroerg.pl\/fr\/services-de-forage-et-de-dynamitage\/","url":"https:\/\/nitroerg.pl\/fr\/services-de-forage-et-de-dynamitage\/","name":"Services de forage et de dynamitage - NITROERG","isPartOf":{"@id":"https:\/\/nitroerg.pl\/#website"},"datePublished":"2018-11-21T09:33:39+00:00","dateModified":"2019-02-18T15:11:27+00:00","breadcrumb":{"@id":"https:\/\/nitroerg.pl\/fr\/services-de-forage-et-de-dynamitage\/#breadcrumb"},"inLanguage":"fr-FR","potentialAction":[{"@type":"ReadAction","target":["https:\/\/nitroerg.pl\/fr\/services-de-forage-et-de-dynamitage\/"]}]},{"@type":"BreadcrumbList","@id":"https:\/\/nitroerg.pl\/fr\/services-de-forage-et-de-dynamitage\/#breadcrumb","itemListElement":[{"@type":"ListItem","position":1,"name":"Home","item":"https:\/\/nitroerg.pl\/fr\/"},{"@type":"ListItem","position":2,"name":"Services de forage et de dynamitage"}]},{"@type":"WebSite","@id":"https:\/\/nitroerg.pl\/#website","url":"https:\/\/nitroerg.pl\/","name":"NITROERG","description":"Najwi\u0119kszy w Polsce i jeden z najwi\u0119kszych w Europie producent materia\u0142\u00f3w wybuchowych","potentialAction":[{"@type":"SearchAction","target":{"@type":"EntryPoint","urlTemplate":"https:\/\/nitroerg.pl\/?s={search_term_string}"},"query-input":{"@type":"PropertyValueSpecification","valueRequired":true,"valueName":"search_term_string"}}],"inLanguage":"fr-FR"}]}},"_links":{"self":[{"href":"https:\/\/nitroerg.pl\/fr\/wp-json\/wp\/v2\/pages\/1738","targetHints":{"allow":["GET"]}}],"collection":[{"href":"https:\/\/nitroerg.pl\/fr\/wp-json\/wp\/v2\/pages"}],"about":[{"href":"https:\/\/nitroerg.pl\/fr\/wp-json\/wp\/v2\/types\/page"}],"author":[{"embeddable":true,"href":"https:\/\/nitroerg.pl\/fr\/wp-json\/wp\/v2\/users\/3"}],"replies":[{"embeddable":true,"href":"https:\/\/nitroerg.pl\/fr\/wp-json\/wp\/v2\/comments?post=1738"}],"version-history":[{"count":16,"href":"https:\/\/nitroerg.pl\/fr\/wp-json\/wp\/v2\/pages\/1738\/revisions"}],"predecessor-version":[{"id":3904,"href":"https:\/\/nitroerg.pl\/fr\/wp-json\/wp\/v2\/pages\/1738\/revisions\/3904"}],"wp:attachment":[{"href":"https:\/\/nitroerg.pl\/fr\/wp-json\/wp\/v2\/media?parent=1738"}],"curies":[{"name":"wp","href":"https:\/\/api.w.org\/{rel}","templated":true}]}}