{"id":1734,"date":"2018-11-21T10:55:35","date_gmt":"2018-11-21T09:55:35","guid":{"rendered":"http:\/\/nitroerg.pl\/wladze-spolki\/"},"modified":"2025-11-17T23:40:49","modified_gmt":"2025-11-17T22:40:49","slug":"autorites-de-la-societe","status":"publish","type":"page","link":"https:\/\/nitroerg.pl\/fr\/autorites-de-la-societe\/","title":{"rendered":"Conseil d\u2019administration"},"content":{"rendered":"<p>L\u2019efficacit\u00e9 et la coh\u00e9sion des activit\u00e9s de NITROERG S.A. sont surveill\u00e9es par la Direction et le Conseil de surveillance. Gr\u00e2ce \u00e0 la coop\u00e9ration et \u00e0 des objectifs clairement d\u00e9finis, l\u2019entreprise peut mettre en \u0153uvre la strat\u00e9gie adopt\u00e9e et poursuivre son d\u00e9veloppement.<\/p>\n","protected":false},"excerpt":{"rendered":"<p>L\u2019efficacit\u00e9 et la coh\u00e9sion des activit\u00e9s de NITROERG S.A. sont surveill\u00e9es par la Direction et le Conseil de surveillance. Gr\u00e2ce<a class=\"more-link\" href=\"https:\/\/nitroerg.pl\/fr\/autorites-de-la-societe\/\">&#8230;<\/a><\/p>\n","protected":false},"author":3,"featured_media":0,"parent":0,"menu_order":0,"comment_status":"closed","ping_status":"closed","template":"templates\/template-management.php","meta":{"_acf_changed":false,"footnotes":""},"class_list":["post-1734","page","type-page","status-publish","hentry"],"acf":[],"yoast_head":"<!-- This site is optimized with the Yoast SEO plugin v27.1.1 - https:\/\/yoast.com\/product\/yoast-seo-wordpress\/ -->\n<title>Autorites de la societe<\/title>\n<meta name=\"robots\" content=\"index, follow, max-snippet:-1, max-image-preview:large, max-video-preview:-1\" \/>\n<link rel=\"canonical\" href=\"https:\/\/nitroerg.pl\/fr\/autorites-de-la-societe\/\" \/>\n<meta property=\"og:locale\" content=\"fr_FR\" \/>\n<meta property=\"og:type\" content=\"article\" \/>\n<meta property=\"og:title\" content=\"Autorites de la societe\" \/>\n<meta property=\"og:description\" content=\"L\u2019efficacit\u00e9 et la coh\u00e9sion des activit\u00e9s de NITROERG S.A. sont surveill\u00e9es par la Direction et le Conseil de surveillance. Gr\u00e2ce...\" \/>\n<meta property=\"og:url\" content=\"https:\/\/nitroerg.pl\/fr\/autorites-de-la-societe\/\" \/>\n<meta property=\"og:site_name\" content=\"NITROERG\" \/>\n<meta property=\"article:modified_time\" content=\"2025-11-17T22:40:49+00:00\" \/>\n<meta name=\"twitter:card\" content=\"summary_large_image\" \/>\n<meta name=\"twitter:label1\" content=\"Dur\u00e9e de lecture estim\u00e9e\" \/>\n\t<meta name=\"twitter:data1\" content=\"1 minute\" \/>\n<script type=\"application\/ld+json\" class=\"yoast-schema-graph\">{\"@context\":\"https:\/\/schema.org\",\"@graph\":[{\"@type\":\"WebPage\",\"@id\":\"https:\/\/nitroerg.pl\/fr\/autorites-de-la-societe\/\",\"url\":\"https:\/\/nitroerg.pl\/fr\/autorites-de-la-societe\/\",\"name\":\"Autorites de la societe\",\"isPartOf\":{\"@id\":\"https:\/\/nitroerg.pl\/#website\"},\"datePublished\":\"2018-11-21T09:55:35+00:00\",\"dateModified\":\"2025-11-17T22:40:49+00:00\",\"breadcrumb\":{\"@id\":\"https:\/\/nitroerg.pl\/fr\/autorites-de-la-societe\/#breadcrumb\"},\"inLanguage\":\"fr-FR\",\"potentialAction\":[{\"@type\":\"ReadAction\",\"target\":[\"https:\/\/nitroerg.pl\/fr\/autorites-de-la-societe\/\"]}]},{\"@type\":\"BreadcrumbList\",\"@id\":\"https:\/\/nitroerg.pl\/fr\/autorites-de-la-societe\/#breadcrumb\",\"itemListElement\":[{\"@type\":\"ListItem\",\"position\":1,\"name\":\"Home\",\"item\":\"https:\/\/nitroerg.pl\/fr\/\"},{\"@type\":\"ListItem\",\"position\":2,\"name\":\"Conseil d\u2019administration\"}]},{\"@type\":\"WebSite\",\"@id\":\"https:\/\/nitroerg.pl\/#website\",\"url\":\"https:\/\/nitroerg.pl\/\",\"name\":\"NITROERG\",\"description\":\"Najwi\u0119kszy w Polsce i jeden z najwi\u0119kszych w Europie producent materia\u0142\u00f3w wybuchowych\",\"potentialAction\":[{\"@type\":\"SearchAction\",\"target\":{\"@type\":\"EntryPoint\",\"urlTemplate\":\"https:\/\/nitroerg.pl\/?s={search_term_string}\"},\"query-input\":{\"@type\":\"PropertyValueSpecification\",\"valueRequired\":true,\"valueName\":\"search_term_string\"}}],\"inLanguage\":\"fr-FR\"}]}<\/script>\n<!-- \/ Yoast SEO plugin. -->","yoast_head_json":{"title":"Autorites de la societe","robots":{"index":"index","follow":"follow","max-snippet":"max-snippet:-1","max-image-preview":"max-image-preview:large","max-video-preview":"max-video-preview:-1"},"canonical":"https:\/\/nitroerg.pl\/fr\/autorites-de-la-societe\/","og_locale":"fr_FR","og_type":"article","og_title":"Autorites de la societe","og_description":"L\u2019efficacit\u00e9 et la coh\u00e9sion des activit\u00e9s de NITROERG S.A. sont surveill\u00e9es par la Direction et le Conseil de surveillance. Gr\u00e2ce...","og_url":"https:\/\/nitroerg.pl\/fr\/autorites-de-la-societe\/","og_site_name":"NITROERG","article_modified_time":"2025-11-17T22:40:49+00:00","twitter_card":"summary_large_image","twitter_misc":{"Dur\u00e9e de lecture estim\u00e9e":"1 minute"},"schema":{"@context":"https:\/\/schema.org","@graph":[{"@type":"WebPage","@id":"https:\/\/nitroerg.pl\/fr\/autorites-de-la-societe\/","url":"https:\/\/nitroerg.pl\/fr\/autorites-de-la-societe\/","name":"Autorites de la societe","isPartOf":{"@id":"https:\/\/nitroerg.pl\/#website"},"datePublished":"2018-11-21T09:55:35+00:00","dateModified":"2025-11-17T22:40:49+00:00","breadcrumb":{"@id":"https:\/\/nitroerg.pl\/fr\/autorites-de-la-societe\/#breadcrumb"},"inLanguage":"fr-FR","potentialAction":[{"@type":"ReadAction","target":["https:\/\/nitroerg.pl\/fr\/autorites-de-la-societe\/"]}]},{"@type":"BreadcrumbList","@id":"https:\/\/nitroerg.pl\/fr\/autorites-de-la-societe\/#breadcrumb","itemListElement":[{"@type":"ListItem","position":1,"name":"Home","item":"https:\/\/nitroerg.pl\/fr\/"},{"@type":"ListItem","position":2,"name":"Conseil d\u2019administration"}]},{"@type":"WebSite","@id":"https:\/\/nitroerg.pl\/#website","url":"https:\/\/nitroerg.pl\/","name":"NITROERG","description":"Najwi\u0119kszy w Polsce i jeden z najwi\u0119kszych w Europie producent materia\u0142\u00f3w wybuchowych","potentialAction":[{"@type":"SearchAction","target":{"@type":"EntryPoint","urlTemplate":"https:\/\/nitroerg.pl\/?s={search_term_string}"},"query-input":{"@type":"PropertyValueSpecification","valueRequired":true,"valueName":"search_term_string"}}],"inLanguage":"fr-FR"}]}},"_links":{"self":[{"href":"https:\/\/nitroerg.pl\/fr\/wp-json\/wp\/v2\/pages\/1734","targetHints":{"allow":["GET"]}}],"collection":[{"href":"https:\/\/nitroerg.pl\/fr\/wp-json\/wp\/v2\/pages"}],"about":[{"href":"https:\/\/nitroerg.pl\/fr\/wp-json\/wp\/v2\/types\/page"}],"author":[{"embeddable":true,"href":"https:\/\/nitroerg.pl\/fr\/wp-json\/wp\/v2\/users\/3"}],"replies":[{"embeddable":true,"href":"https:\/\/nitroerg.pl\/fr\/wp-json\/wp\/v2\/comments?post=1734"}],"version-history":[{"count":31,"href":"https:\/\/nitroerg.pl\/fr\/wp-json\/wp\/v2\/pages\/1734\/revisions"}],"predecessor-version":[{"id":19042,"href":"https:\/\/nitroerg.pl\/fr\/wp-json\/wp\/v2\/pages\/1734\/revisions\/19042"}],"wp:attachment":[{"href":"https:\/\/nitroerg.pl\/fr\/wp-json\/wp\/v2\/media?parent=1734"}],"curies":[{"name":"wp","href":"https:\/\/api.w.org\/{rel}","templated":true}]}}