{"id":1710,"date":"2018-12-03T12:44:19","date_gmt":"2018-12-03T11:44:19","guid":{"rendered":"http:\/\/nitroerg.pl\/ochrona-srodowiska\/"},"modified":"2025-11-12T14:37:29","modified_gmt":"2025-11-12T13:37:29","slug":"systeme-de-management-environnemental","status":"publish","type":"page","link":"https:\/\/nitroerg.pl\/fr\/systeme-de-management-environnemental\/","title":{"rendered":"Syst\u00e8me de management environnemental"},"content":{"rendered":"<p style=\"text-align: justify;\"><strong>Syst\u00e8me de management environnemental selon les exigences de la norme ISO 14001 : 2015.<\/strong><\/p>\n<p style=\"text-align: justify;\">Sur le site \u00e0 Krupski M\u0142yn, NITROERG S.A. a mis en place le syst\u00e8me de gestion (certifi\u00e9 et toujours am\u00e9lior\u00e9) dans le domaine de la protection de l&rsquo;environnement &#8211; conforme aux exigences de la norme ISO 14001 : 2015.<\/p>\n<p style=\"text-align: justify;\">Ce syst\u00e8me est op\u00e9rationnel depuis 2003 et est soumis \u00e0 une \u00e9valuation annuelle par les auditeurs de l&rsquo;organisme de certification T\u00dcV Rheinland \u2013 les r\u00e9sultats des audits confirment l&rsquo;efficacit\u00e9 du syst\u00e8me utilis\u00e9.<\/p>\n<p style=\"text-align: justify;\">Les objectifs environnementaux sont d\u00e9finis par la \u00ab\u00a0Politique du Syst\u00e8me de Management Int\u00e9gr\u00e9\u00a0\u00bb, adapt\u00e9e par le Conseil d\u2019administration de NITROERG S.A. et d\u00e9finissant les orientations de l&rsquo;ensemble de l&rsquo;entreprise.<\/p>\n<p style=\"text-align: justify;\">Conform\u00e9ment aux exigences de la norme ISO 14001 : 2015, des audits internes et des inspections environnementales sont effectu\u00e9s de mani\u00e8re continue. Les risques et les opportunit\u00e9s sont \u00e9galement \u00e9valu\u00e9s, y compris les aspects environnementaux, accompagn\u00e9s d\u2019une comparaison de leurs valeurs avec les exigences incluses dans les d\u00e9cisions des organismes administratifs. Le cycle de vie de nos produits a \u00e9t\u00e9 d\u00e9fini, ainsi que le contexte interne et externe de l&rsquo;organisation. La port\u00e9e, la m\u00e9thode et la fr\u00e9quence de surveillance des processus technologiques, y compris la mesure et l&rsquo;enregistrement des volumes d&rsquo;\u00e9mission, se r\u00e9f\u00e8rent aux conditions d\u00e9finies dans les d\u00e9cisions environnementales applicables.<\/p>\n","protected":false},"excerpt":{"rendered":"<p>Syst\u00e8me de management environnemental selon les exigences de la norme ISO 14001 : 2015. Sur le site \u00e0 Krupski M\u0142yn,<a class=\"more-link\" href=\"https:\/\/nitroerg.pl\/fr\/systeme-de-management-environnemental\/\">&#8230;<\/a><\/p>\n","protected":false},"author":3,"featured_media":0,"parent":0,"menu_order":0,"comment_status":"closed","ping_status":"closed","template":"","meta":{"_acf_changed":false,"footnotes":""},"class_list":["post-1710","page","type-page","status-publish","hentry"],"acf":[],"yoast_head":"<!-- This site is optimized with the Yoast SEO plugin v27.1.1 - https:\/\/yoast.com\/product\/yoast-seo-wordpress\/ -->\n<title>Syst\u00e8me de management environnemental - NITROERG<\/title>\n<meta name=\"robots\" content=\"index, follow, max-snippet:-1, max-image-preview:large, max-video-preview:-1\" \/>\n<link rel=\"canonical\" href=\"https:\/\/nitroerg.pl\/fr\/systeme-de-management-environnemental\/\" \/>\n<meta property=\"og:locale\" content=\"fr_FR\" \/>\n<meta property=\"og:type\" content=\"article\" \/>\n<meta property=\"og:title\" content=\"Syst\u00e8me de management environnemental - NITROERG\" \/>\n<meta property=\"og:description\" content=\"Syst\u00e8me de management environnemental selon les exigences de la norme ISO 14001 : 2015. Sur le site \u00e0 Krupski M\u0142yn,...\" \/>\n<meta property=\"og:url\" content=\"https:\/\/nitroerg.pl\/fr\/systeme-de-management-environnemental\/\" \/>\n<meta property=\"og:site_name\" content=\"NITROERG\" \/>\n<meta property=\"article:modified_time\" content=\"2025-11-12T13:37:29+00:00\" \/>\n<meta name=\"twitter:card\" content=\"summary_large_image\" \/>\n<meta name=\"twitter:label1\" content=\"Dur\u00e9e de lecture estim\u00e9e\" \/>\n\t<meta name=\"twitter:data1\" content=\"2 minutes\" \/>\n<script type=\"application\/ld+json\" class=\"yoast-schema-graph\">{\"@context\":\"https:\/\/schema.org\",\"@graph\":[{\"@type\":\"WebPage\",\"@id\":\"https:\/\/nitroerg.pl\/fr\/systeme-de-management-environnemental\/\",\"url\":\"https:\/\/nitroerg.pl\/fr\/systeme-de-management-environnemental\/\",\"name\":\"Syst\u00e8me de management environnemental - NITROERG\",\"isPartOf\":{\"@id\":\"https:\/\/nitroerg.pl\/#website\"},\"datePublished\":\"2018-12-03T11:44:19+00:00\",\"dateModified\":\"2025-11-12T13:37:29+00:00\",\"breadcrumb\":{\"@id\":\"https:\/\/nitroerg.pl\/fr\/systeme-de-management-environnemental\/#breadcrumb\"},\"inLanguage\":\"fr-FR\",\"potentialAction\":[{\"@type\":\"ReadAction\",\"target\":[\"https:\/\/nitroerg.pl\/fr\/systeme-de-management-environnemental\/\"]}]},{\"@type\":\"BreadcrumbList\",\"@id\":\"https:\/\/nitroerg.pl\/fr\/systeme-de-management-environnemental\/#breadcrumb\",\"itemListElement\":[{\"@type\":\"ListItem\",\"position\":1,\"name\":\"Home\",\"item\":\"https:\/\/nitroerg.pl\/fr\/\"},{\"@type\":\"ListItem\",\"position\":2,\"name\":\"Syst\u00e8me de management environnemental\"}]},{\"@type\":\"WebSite\",\"@id\":\"https:\/\/nitroerg.pl\/#website\",\"url\":\"https:\/\/nitroerg.pl\/\",\"name\":\"NITROERG\",\"description\":\"Najwi\u0119kszy w Polsce i jeden z najwi\u0119kszych w Europie producent materia\u0142\u00f3w wybuchowych\",\"potentialAction\":[{\"@type\":\"SearchAction\",\"target\":{\"@type\":\"EntryPoint\",\"urlTemplate\":\"https:\/\/nitroerg.pl\/?s={search_term_string}\"},\"query-input\":{\"@type\":\"PropertyValueSpecification\",\"valueRequired\":true,\"valueName\":\"search_term_string\"}}],\"inLanguage\":\"fr-FR\"}]}<\/script>\n<!-- \/ Yoast SEO plugin. -->","yoast_head_json":{"title":"Syst\u00e8me de management environnemental - NITROERG","robots":{"index":"index","follow":"follow","max-snippet":"max-snippet:-1","max-image-preview":"max-image-preview:large","max-video-preview":"max-video-preview:-1"},"canonical":"https:\/\/nitroerg.pl\/fr\/systeme-de-management-environnemental\/","og_locale":"fr_FR","og_type":"article","og_title":"Syst\u00e8me de management environnemental - NITROERG","og_description":"Syst\u00e8me de management environnemental selon les exigences de la norme ISO 14001 : 2015. Sur le site \u00e0 Krupski M\u0142yn,...","og_url":"https:\/\/nitroerg.pl\/fr\/systeme-de-management-environnemental\/","og_site_name":"NITROERG","article_modified_time":"2025-11-12T13:37:29+00:00","twitter_card":"summary_large_image","twitter_misc":{"Dur\u00e9e de lecture estim\u00e9e":"2 minutes"},"schema":{"@context":"https:\/\/schema.org","@graph":[{"@type":"WebPage","@id":"https:\/\/nitroerg.pl\/fr\/systeme-de-management-environnemental\/","url":"https:\/\/nitroerg.pl\/fr\/systeme-de-management-environnemental\/","name":"Syst\u00e8me de management environnemental - NITROERG","isPartOf":{"@id":"https:\/\/nitroerg.pl\/#website"},"datePublished":"2018-12-03T11:44:19+00:00","dateModified":"2025-11-12T13:37:29+00:00","breadcrumb":{"@id":"https:\/\/nitroerg.pl\/fr\/systeme-de-management-environnemental\/#breadcrumb"},"inLanguage":"fr-FR","potentialAction":[{"@type":"ReadAction","target":["https:\/\/nitroerg.pl\/fr\/systeme-de-management-environnemental\/"]}]},{"@type":"BreadcrumbList","@id":"https:\/\/nitroerg.pl\/fr\/systeme-de-management-environnemental\/#breadcrumb","itemListElement":[{"@type":"ListItem","position":1,"name":"Home","item":"https:\/\/nitroerg.pl\/fr\/"},{"@type":"ListItem","position":2,"name":"Syst\u00e8me de management environnemental"}]},{"@type":"WebSite","@id":"https:\/\/nitroerg.pl\/#website","url":"https:\/\/nitroerg.pl\/","name":"NITROERG","description":"Najwi\u0119kszy w Polsce i jeden z najwi\u0119kszych w Europie producent materia\u0142\u00f3w wybuchowych","potentialAction":[{"@type":"SearchAction","target":{"@type":"EntryPoint","urlTemplate":"https:\/\/nitroerg.pl\/?s={search_term_string}"},"query-input":{"@type":"PropertyValueSpecification","valueRequired":true,"valueName":"search_term_string"}}],"inLanguage":"fr-FR"}]}},"_links":{"self":[{"href":"https:\/\/nitroerg.pl\/fr\/wp-json\/wp\/v2\/pages\/1710","targetHints":{"allow":["GET"]}}],"collection":[{"href":"https:\/\/nitroerg.pl\/fr\/wp-json\/wp\/v2\/pages"}],"about":[{"href":"https:\/\/nitroerg.pl\/fr\/wp-json\/wp\/v2\/types\/page"}],"author":[{"embeddable":true,"href":"https:\/\/nitroerg.pl\/fr\/wp-json\/wp\/v2\/users\/3"}],"replies":[{"embeddable":true,"href":"https:\/\/nitroerg.pl\/fr\/wp-json\/wp\/v2\/comments?post=1710"}],"version-history":[{"count":12,"href":"https:\/\/nitroerg.pl\/fr\/wp-json\/wp\/v2\/pages\/1710\/revisions"}],"predecessor-version":[{"id":18887,"href":"https:\/\/nitroerg.pl\/fr\/wp-json\/wp\/v2\/pages\/1710\/revisions\/18887"}],"wp:attachment":[{"href":"https:\/\/nitroerg.pl\/fr\/wp-json\/wp\/v2\/media?parent=1710"}],"curies":[{"name":"wp","href":"https:\/\/api.w.org\/{rel}","templated":true}]}}