{"id":11541,"date":"2022-03-22T16:24:35","date_gmt":"2022-03-22T15:24:35","guid":{"rendered":"https:\/\/nitroerg.pl\/?page_id=11541"},"modified":"2022-03-22T16:24:35","modified_gmt":"2022-03-22T15:24:35","slug":"presentations","status":"publish","type":"page","link":"https:\/\/nitroerg.pl\/fr\/presentations\/","title":{"rendered":"Pr\u00e9sentations"},"content":{"rendered":"<p>Nous vous invitons \u00e0 vous familiariser avec la pr\u00e9sentation sur les activit\u00e9s de la soci\u00e9t\u00e9 NITROERG S.A.<\/p>\n","protected":false},"excerpt":{"rendered":"<p>Nous vous invitons \u00e0 vous familiariser avec la pr\u00e9sentation sur les activit\u00e9s de la soci\u00e9t\u00e9 NITROERG S.A.<\/p>\n","protected":false},"author":2,"featured_media":0,"parent":0,"menu_order":0,"comment_status":"closed","ping_status":"closed","template":"","meta":{"_acf_changed":false,"footnotes":""},"class_list":["post-11541","page","type-page","status-publish","hentry"],"acf":[],"yoast_head":"<!-- This site is optimized with the Yoast SEO plugin v27.5 - https:\/\/yoast.com\/product\/yoast-seo-wordpress\/ -->\n<title>Pr\u00e9sentations - NITROERG<\/title>\n<meta name=\"robots\" content=\"index, follow, max-snippet:-1, max-image-preview:large, max-video-preview:-1\" \/>\n<link rel=\"canonical\" href=\"https:\/\/nitroerg.pl\/fr\/presentations\/\" \/>\n<meta property=\"og:locale\" content=\"fr_FR\" \/>\n<meta property=\"og:type\" content=\"article\" \/>\n<meta property=\"og:title\" content=\"Pr\u00e9sentations - NITROERG\" \/>\n<meta property=\"og:description\" content=\"Nous vous invitons \u00e0 vous familiariser avec la pr\u00e9sentation sur les activit\u00e9s de la soci\u00e9t\u00e9 NITROERG S.A.\" \/>\n<meta property=\"og:url\" content=\"https:\/\/nitroerg.pl\/fr\/presentations\/\" \/>\n<meta property=\"og:site_name\" content=\"NITROERG\" \/>\n<meta name=\"twitter:card\" content=\"summary_large_image\" \/>\n<script type=\"application\/ld+json\" class=\"yoast-schema-graph\">{\"@context\":\"https:\\\/\\\/schema.org\",\"@graph\":[{\"@type\":\"WebPage\",\"@id\":\"https:\\\/\\\/nitroerg.pl\\\/fr\\\/presentations\\\/\",\"url\":\"https:\\\/\\\/nitroerg.pl\\\/fr\\\/presentations\\\/\",\"name\":\"Pr\u00e9sentations - NITROERG\",\"isPartOf\":{\"@id\":\"https:\\\/\\\/nitroerg.pl\\\/#website\"},\"datePublished\":\"2022-03-22T15:24:35+00:00\",\"breadcrumb\":{\"@id\":\"https:\\\/\\\/nitroerg.pl\\\/fr\\\/presentations\\\/#breadcrumb\"},\"inLanguage\":\"fr-FR\",\"potentialAction\":[{\"@type\":\"ReadAction\",\"target\":[\"https:\\\/\\\/nitroerg.pl\\\/fr\\\/presentations\\\/\"]}]},{\"@type\":\"BreadcrumbList\",\"@id\":\"https:\\\/\\\/nitroerg.pl\\\/fr\\\/presentations\\\/#breadcrumb\",\"itemListElement\":[{\"@type\":\"ListItem\",\"position\":1,\"name\":\"Home\",\"item\":\"https:\\\/\\\/nitroerg.pl\\\/fr\\\/\"},{\"@type\":\"ListItem\",\"position\":2,\"name\":\"Pr\u00e9sentations\"}]},{\"@type\":\"WebSite\",\"@id\":\"https:\\\/\\\/nitroerg.pl\\\/#website\",\"url\":\"https:\\\/\\\/nitroerg.pl\\\/\",\"name\":\"NITROERG\",\"description\":\"Najwi\u0119kszy w Polsce i jeden z najwi\u0119kszych w Europie producent materia\u0142\u00f3w wybuchowych\",\"potentialAction\":[{\"@type\":\"SearchAction\",\"target\":{\"@type\":\"EntryPoint\",\"urlTemplate\":\"https:\\\/\\\/nitroerg.pl\\\/?s={search_term_string}\"},\"query-input\":{\"@type\":\"PropertyValueSpecification\",\"valueRequired\":true,\"valueName\":\"search_term_string\"}}],\"inLanguage\":\"fr-FR\"}]}<\/script>\n<!-- \/ Yoast SEO plugin. -->","yoast_head_json":{"title":"Pr\u00e9sentations - NITROERG","robots":{"index":"index","follow":"follow","max-snippet":"max-snippet:-1","max-image-preview":"max-image-preview:large","max-video-preview":"max-video-preview:-1"},"canonical":"https:\/\/nitroerg.pl\/fr\/presentations\/","og_locale":"fr_FR","og_type":"article","og_title":"Pr\u00e9sentations - NITROERG","og_description":"Nous vous invitons \u00e0 vous familiariser avec la pr\u00e9sentation sur les activit\u00e9s de la soci\u00e9t\u00e9 NITROERG S.A.","og_url":"https:\/\/nitroerg.pl\/fr\/presentations\/","og_site_name":"NITROERG","twitter_card":"summary_large_image","schema":{"@context":"https:\/\/schema.org","@graph":[{"@type":"WebPage","@id":"https:\/\/nitroerg.pl\/fr\/presentations\/","url":"https:\/\/nitroerg.pl\/fr\/presentations\/","name":"Pr\u00e9sentations - NITROERG","isPartOf":{"@id":"https:\/\/nitroerg.pl\/#website"},"datePublished":"2022-03-22T15:24:35+00:00","breadcrumb":{"@id":"https:\/\/nitroerg.pl\/fr\/presentations\/#breadcrumb"},"inLanguage":"fr-FR","potentialAction":[{"@type":"ReadAction","target":["https:\/\/nitroerg.pl\/fr\/presentations\/"]}]},{"@type":"BreadcrumbList","@id":"https:\/\/nitroerg.pl\/fr\/presentations\/#breadcrumb","itemListElement":[{"@type":"ListItem","position":1,"name":"Home","item":"https:\/\/nitroerg.pl\/fr\/"},{"@type":"ListItem","position":2,"name":"Pr\u00e9sentations"}]},{"@type":"WebSite","@id":"https:\/\/nitroerg.pl\/#website","url":"https:\/\/nitroerg.pl\/","name":"NITROERG","description":"Najwi\u0119kszy w Polsce i jeden z najwi\u0119kszych w Europie producent materia\u0142\u00f3w wybuchowych","potentialAction":[{"@type":"SearchAction","target":{"@type":"EntryPoint","urlTemplate":"https:\/\/nitroerg.pl\/?s={search_term_string}"},"query-input":{"@type":"PropertyValueSpecification","valueRequired":true,"valueName":"search_term_string"}}],"inLanguage":"fr-FR"}]}},"_links":{"self":[{"href":"https:\/\/nitroerg.pl\/fr\/wp-json\/wp\/v2\/pages\/11541","targetHints":{"allow":["GET"]}}],"collection":[{"href":"https:\/\/nitroerg.pl\/fr\/wp-json\/wp\/v2\/pages"}],"about":[{"href":"https:\/\/nitroerg.pl\/fr\/wp-json\/wp\/v2\/types\/page"}],"author":[{"embeddable":true,"href":"https:\/\/nitroerg.pl\/fr\/wp-json\/wp\/v2\/users\/2"}],"replies":[{"embeddable":true,"href":"https:\/\/nitroerg.pl\/fr\/wp-json\/wp\/v2\/comments?post=11541"}],"version-history":[{"count":1,"href":"https:\/\/nitroerg.pl\/fr\/wp-json\/wp\/v2\/pages\/11541\/revisions"}],"predecessor-version":[{"id":11551,"href":"https:\/\/nitroerg.pl\/fr\/wp-json\/wp\/v2\/pages\/11541\/revisions\/11551"}],"wp:attachment":[{"href":"https:\/\/nitroerg.pl\/fr\/wp-json\/wp\/v2\/media?parent=11541"}],"curies":[{"name":"wp","href":"https:\/\/api.w.org\/{rel}","templated":true}]}}