{"id":4492,"date":"2019-03-07T12:52:30","date_gmt":"2019-03-07T11:52:30","guid":{"rendered":"http:\/\/nitroerg.pl\/?page_id=4492"},"modified":"2019-03-07T16:15:57","modified_gmt":"2019-03-07T15:15:57","slug":"fotografias","status":"publish","type":"page","link":"https:\/\/nitroerg.pl\/es\/medios\/fotografias\/","title":{"rendered":"Fotograf\u00edas"},"content":{"rendered":"<div class=\"rl-gallery-container rl-loading rl-pagination-paged\" id=\"rl-gallery-container-1\" data-gallery_id=\"3281\"> <div class=\"rl-gallery rl-basicgrid-gallery rl-hover-effect-1 rl-hover-icon-2\" id=\"rl-gallery-1\" data-gallery_no=\"1\"> <div class=\"rl-gallery-item\"><a href=\"https:\/\/nitroerg.pl\/wp-content\/uploads\/2019\/01\/PRACE-STRZA\u0141OWE.jpg\" title=\"PRACE STRZA\u0141OWE\" data-rl_title=\"PRACE STRZA\u0141OWE\" class=\"rl-gallery-link\" data-rl_caption=\"\" data-rel=\"lightbox-gallery-1\"><img loading=\"lazy\" decoding=\"async\" src=\"https:\/\/nitroerg.pl\/wp-content\/uploads\/2019\/01\/PRACE-STRZA\u0141OWE-300x200.jpg\" width=\"300\" height=\"200\" alt=\"PRACE STRZA\u0141OWE\" \/><\/a><\/div><div class=\"rl-gallery-item\"><a href=\"https:\/\/nitroerg.pl\/wp-content\/uploads\/2019\/01\/NITROERG_TRANSPORT.jpg\" title=\"NITROERG TRANSPORT\" data-rl_title=\"NITROERG TRANSPORT\" class=\"rl-gallery-link\" data-rl_caption=\"\" data-rel=\"lightbox-gallery-1\"><img loading=\"lazy\" decoding=\"async\" src=\"https:\/\/nitroerg.pl\/wp-content\/uploads\/2019\/01\/NITROERG_TRANSPORT-300x200.jpg\" width=\"300\" height=\"200\" alt=\"NITROERG TRANSPORT\" \/><\/a><\/div><div class=\"rl-gallery-item\"><a href=\"https:\/\/nitroerg.pl\/wp-content\/uploads\/2019\/01\/NITROERG_SIEDZIBA-G\u0141\u00d3WNA.jpg\" title=\"NITROERG SIEDZIBA G\u0141\u00d3WNA\" data-rl_title=\"NITROERG SIEDZIBA G\u0141\u00d3WNA\" class=\"rl-gallery-link\" data-rl_caption=\"\" data-rel=\"lightbox-gallery-1\"><img loading=\"lazy\" decoding=\"async\" src=\"https:\/\/nitroerg.pl\/wp-content\/uploads\/2019\/01\/NITROERG_SIEDZIBA-G\u0141\u00d3WNA-300x200.jpg\" width=\"300\" height=\"200\" alt=\"NITROERG SIEDZIBA G\u0141\u00d3WNA\" \/><\/a><\/div> <\/div> <div class=\"rl-pagination rl-pagination-bottom\"><\/div> <\/div>\n","protected":false},"excerpt":{"rendered":"","protected":false},"author":2,"featured_media":0,"parent":4486,"menu_order":0,"comment_status":"closed","ping_status":"closed","template":"","meta":{"_acf_changed":false,"footnotes":""},"class_list":["post-4492","page","type-page","status-publish","hentry"],"acf":[],"yoast_head":"<!-- This site is optimized with the Yoast SEO plugin v27.1.1 - https:\/\/yoast.com\/product\/yoast-seo-wordpress\/ -->\n<title>Fotograf\u00edas - NITROERG<\/title>\n<meta name=\"robots\" content=\"index, follow, max-snippet:-1, max-image-preview:large, max-video-preview:-1\" \/>\n<link rel=\"canonical\" href=\"https:\/\/nitroerg.pl\/media\/fotografie\/\" \/>\n<meta property=\"og:locale\" content=\"es_ES\" \/>\n<meta property=\"og:type\" content=\"article\" \/>\n<meta property=\"og:title\" content=\"Fotograf\u00edas - NITROERG\" \/>\n<meta property=\"og:url\" content=\"https:\/\/nitroerg.pl\/media\/fotografie\/\" \/>\n<meta property=\"og:site_name\" content=\"NITROERG\" \/>\n<meta property=\"article:modified_time\" content=\"2019-03-07T15:15:57+00:00\" \/>\n<meta name=\"twitter:card\" content=\"summary_large_image\" \/>\n<script type=\"application\/ld+json\" class=\"yoast-schema-graph\">{\"@context\":\"https:\/\/schema.org\",\"@graph\":[{\"@type\":\"WebPage\",\"@id\":\"https:\/\/nitroerg.pl\/media\/fotografie\/\",\"url\":\"https:\/\/nitroerg.pl\/media\/fotografie\/\",\"name\":\"Fotograf\u00edas - NITROERG\",\"isPartOf\":{\"@id\":\"https:\/\/nitroerg.pl\/#website\"},\"datePublished\":\"2019-03-07T11:52:30+00:00\",\"dateModified\":\"2019-03-07T15:15:57+00:00\",\"breadcrumb\":{\"@id\":\"https:\/\/nitroerg.pl\/media\/fotografie\/#breadcrumb\"},\"inLanguage\":\"es\",\"potentialAction\":[{\"@type\":\"ReadAction\",\"target\":[\"https:\/\/nitroerg.pl\/media\/fotografie\/\"]}]},{\"@type\":\"BreadcrumbList\",\"@id\":\"https:\/\/nitroerg.pl\/media\/fotografie\/#breadcrumb\",\"itemListElement\":[{\"@type\":\"ListItem\",\"position\":1,\"name\":\"Home\",\"item\":\"https:\/\/nitroerg.pl\/es\/\"},{\"@type\":\"ListItem\",\"position\":2,\"name\":\"Medios\",\"item\":\"https:\/\/nitroerg.pl\/media\/\"},{\"@type\":\"ListItem\",\"position\":3,\"name\":\"Fotograf\u00edas\"}]},{\"@type\":\"WebSite\",\"@id\":\"https:\/\/nitroerg.pl\/#website\",\"url\":\"https:\/\/nitroerg.pl\/\",\"name\":\"NITROERG\",\"description\":\"Najwi\u0119kszy w Polsce i jeden z najwi\u0119kszych w Europie producent materia\u0142\u00f3w wybuchowych\",\"potentialAction\":[{\"@type\":\"SearchAction\",\"target\":{\"@type\":\"EntryPoint\",\"urlTemplate\":\"https:\/\/nitroerg.pl\/?s={search_term_string}\"},\"query-input\":{\"@type\":\"PropertyValueSpecification\",\"valueRequired\":true,\"valueName\":\"search_term_string\"}}],\"inLanguage\":\"es\"}]}<\/script>\n<!-- \/ Yoast SEO plugin. -->","yoast_head_json":{"title":"Fotograf\u00edas - NITROERG","robots":{"index":"index","follow":"follow","max-snippet":"max-snippet:-1","max-image-preview":"max-image-preview:large","max-video-preview":"max-video-preview:-1"},"canonical":"https:\/\/nitroerg.pl\/media\/fotografie\/","og_locale":"es_ES","og_type":"article","og_title":"Fotograf\u00edas - NITROERG","og_url":"https:\/\/nitroerg.pl\/media\/fotografie\/","og_site_name":"NITROERG","article_modified_time":"2019-03-07T15:15:57+00:00","twitter_card":"summary_large_image","schema":{"@context":"https:\/\/schema.org","@graph":[{"@type":"WebPage","@id":"https:\/\/nitroerg.pl\/media\/fotografie\/","url":"https:\/\/nitroerg.pl\/media\/fotografie\/","name":"Fotograf\u00edas - NITROERG","isPartOf":{"@id":"https:\/\/nitroerg.pl\/#website"},"datePublished":"2019-03-07T11:52:30+00:00","dateModified":"2019-03-07T15:15:57+00:00","breadcrumb":{"@id":"https:\/\/nitroerg.pl\/media\/fotografie\/#breadcrumb"},"inLanguage":"es","potentialAction":[{"@type":"ReadAction","target":["https:\/\/nitroerg.pl\/media\/fotografie\/"]}]},{"@type":"BreadcrumbList","@id":"https:\/\/nitroerg.pl\/media\/fotografie\/#breadcrumb","itemListElement":[{"@type":"ListItem","position":1,"name":"Home","item":"https:\/\/nitroerg.pl\/es\/"},{"@type":"ListItem","position":2,"name":"Medios","item":"https:\/\/nitroerg.pl\/media\/"},{"@type":"ListItem","position":3,"name":"Fotograf\u00edas"}]},{"@type":"WebSite","@id":"https:\/\/nitroerg.pl\/#website","url":"https:\/\/nitroerg.pl\/","name":"NITROERG","description":"Najwi\u0119kszy w Polsce i jeden z najwi\u0119kszych w Europie producent materia\u0142\u00f3w wybuchowych","potentialAction":[{"@type":"SearchAction","target":{"@type":"EntryPoint","urlTemplate":"https:\/\/nitroerg.pl\/?s={search_term_string}"},"query-input":{"@type":"PropertyValueSpecification","valueRequired":true,"valueName":"search_term_string"}}],"inLanguage":"es"}]}},"_links":{"self":[{"href":"https:\/\/nitroerg.pl\/es\/wp-json\/wp\/v2\/pages\/4492","targetHints":{"allow":["GET"]}}],"collection":[{"href":"https:\/\/nitroerg.pl\/es\/wp-json\/wp\/v2\/pages"}],"about":[{"href":"https:\/\/nitroerg.pl\/es\/wp-json\/wp\/v2\/types\/page"}],"author":[{"embeddable":true,"href":"https:\/\/nitroerg.pl\/es\/wp-json\/wp\/v2\/users\/2"}],"replies":[{"embeddable":true,"href":"https:\/\/nitroerg.pl\/es\/wp-json\/wp\/v2\/comments?post=4492"}],"version-history":[{"count":2,"href":"https:\/\/nitroerg.pl\/es\/wp-json\/wp\/v2\/pages\/4492\/revisions"}],"predecessor-version":[{"id":4507,"href":"https:\/\/nitroerg.pl\/es\/wp-json\/wp\/v2\/pages\/4492\/revisions\/4507"}],"up":[{"embeddable":true,"href":"https:\/\/nitroerg.pl\/es\/wp-json\/wp\/v2\/pages\/4486"}],"wp:attachment":[{"href":"https:\/\/nitroerg.pl\/es\/wp-json\/wp\/v2\/media?parent=4492"}],"curies":[{"name":"wp","href":"https:\/\/api.w.org\/{rel}","templated":true}]}}