{"id":1793,"date":"2018-11-20T09:57:05","date_gmt":"2018-11-20T08:57:05","guid":{"rendered":"http:\/\/nitroerg.pl\/podstawowe-informacje\/"},"modified":"2019-10-10T20:46:12","modified_gmt":"2019-10-10T18:46:12","slug":"akconariusze-nitroerg","status":"publish","type":"page","link":"https:\/\/nitroerg.pl\/es\/akcjonariusze\/akconariusze-nitroerg\/","title":{"rendered":"Accionistas"},"content":{"rendered":"<p>El capital social de NITROERG S.A.\u00a0<b>es de PLN 61.892.000 y se divide en 6.189.200 acciones. <\/b>El\u00a0accionista mayoritario es KGHM Polska Mied\u017a S.A.<\/p>\n<p>&nbsp;<\/p>\n<p>Estructura accionarial de NITROERG S.A.<\/p>\n<p><img loading=\"lazy\" decoding=\"async\" class=\"alignnone wp-image-4393 size-full\" src=\"http:\/\/nitroerg.pl\/wp-content\/uploads\/2019\/03\/wykres-4.png\" alt=\"\" width=\"694\" height=\"323\" srcset=\"https:\/\/nitroerg.pl\/wp-content\/uploads\/2019\/03\/wykres-4.png 694w, https:\/\/nitroerg.pl\/wp-content\/uploads\/2019\/03\/wykres-4-300x140.png 300w, https:\/\/nitroerg.pl\/wp-content\/uploads\/2019\/03\/wykres-4-440x205.png 440w\" sizes=\"auto, (max-width: 694px) 100vw, 694px\" \/><\/p>\n<p>&nbsp;<\/p>\n","protected":false},"excerpt":{"rendered":"<p>El capital social de NITROERG S.A.\u00a0es de PLN 61.892.000 y se divide en 6.189.200 acciones. El\u00a0accionista mayoritario es KGHM Polska<a class=\"more-link\" href=\"https:\/\/nitroerg.pl\/es\/akcjonariusze\/akconariusze-nitroerg\/\">&#8230;<\/a><\/p>\n","protected":false},"author":3,"featured_media":0,"parent":1800,"menu_order":0,"comment_status":"closed","ping_status":"closed","template":"","meta":{"_acf_changed":false,"footnotes":""},"class_list":["post-1793","page","type-page","status-publish","hentry"],"acf":[],"yoast_head":"<!-- This site is optimized with the Yoast SEO plugin v27.1.1 - https:\/\/yoast.com\/product\/yoast-seo-wordpress\/ -->\n<title>Accionistas I NITROERG<\/title>\n<meta name=\"robots\" content=\"index, follow, max-snippet:-1, max-image-preview:large, max-video-preview:-1\" \/>\n<link rel=\"canonical\" href=\"https:\/\/nitroerg.pl\/akcjonariusze\/akconariusze-nitroerg\/\" \/>\n<meta property=\"og:locale\" content=\"es_ES\" \/>\n<meta property=\"og:type\" content=\"article\" \/>\n<meta property=\"og:title\" content=\"Accionistas I NITROERG\" \/>\n<meta property=\"og:description\" content=\"El capital social de NITROERG S.A.\u00a0es de PLN 61.892.000 y se divide en 6.189.200 acciones. El\u00a0accionista mayoritario es KGHM Polska...\" \/>\n<meta property=\"og:url\" content=\"https:\/\/nitroerg.pl\/akcjonariusze\/akconariusze-nitroerg\/\" \/>\n<meta property=\"og:site_name\" content=\"NITROERG\" \/>\n<meta property=\"article:modified_time\" content=\"2019-10-10T18:46:12+00:00\" \/>\n<meta property=\"og:image\" content=\"http:\/\/nitroerg.pl\/wp-content\/uploads\/2019\/03\/wykres-4.png\" \/>\n<meta name=\"twitter:card\" content=\"summary_large_image\" \/>\n<script type=\"application\/ld+json\" class=\"yoast-schema-graph\">{\"@context\":\"https:\/\/schema.org\",\"@graph\":[{\"@type\":\"WebPage\",\"@id\":\"https:\/\/nitroerg.pl\/akcjonariusze\/akconariusze-nitroerg\/\",\"url\":\"https:\/\/nitroerg.pl\/akcjonariusze\/akconariusze-nitroerg\/\",\"name\":\"Accionistas I NITROERG\",\"isPartOf\":{\"@id\":\"https:\/\/nitroerg.pl\/#website\"},\"primaryImageOfPage\":{\"@id\":\"https:\/\/nitroerg.pl\/akcjonariusze\/akconariusze-nitroerg\/#primaryimage\"},\"image\":{\"@id\":\"https:\/\/nitroerg.pl\/akcjonariusze\/akconariusze-nitroerg\/#primaryimage\"},\"thumbnailUrl\":\"http:\/\/nitroerg.pl\/wp-content\/uploads\/2019\/03\/wykres-4.png\",\"datePublished\":\"2018-11-20T08:57:05+00:00\",\"dateModified\":\"2019-10-10T18:46:12+00:00\",\"breadcrumb\":{\"@id\":\"https:\/\/nitroerg.pl\/akcjonariusze\/akconariusze-nitroerg\/#breadcrumb\"},\"inLanguage\":\"es\",\"potentialAction\":[{\"@type\":\"ReadAction\",\"target\":[\"https:\/\/nitroerg.pl\/akcjonariusze\/akconariusze-nitroerg\/\"]}]},{\"@type\":\"ImageObject\",\"inLanguage\":\"es\",\"@id\":\"https:\/\/nitroerg.pl\/akcjonariusze\/akconariusze-nitroerg\/#primaryimage\",\"url\":\"http:\/\/nitroerg.pl\/wp-content\/uploads\/2019\/03\/wykres-4.png\",\"contentUrl\":\"http:\/\/nitroerg.pl\/wp-content\/uploads\/2019\/03\/wykres-4.png\"},{\"@type\":\"BreadcrumbList\",\"@id\":\"https:\/\/nitroerg.pl\/akcjonariusze\/akconariusze-nitroerg\/#breadcrumb\",\"itemListElement\":[{\"@type\":\"ListItem\",\"position\":1,\"name\":\"Home\",\"item\":\"https:\/\/nitroerg.pl\/es\/\"},{\"@type\":\"ListItem\",\"position\":2,\"name\":\"Akcjonariusze\",\"item\":\"https:\/\/nitroerg.pl\/akcjonariusze\/\"},{\"@type\":\"ListItem\",\"position\":3,\"name\":\"Accionistas\"}]},{\"@type\":\"WebSite\",\"@id\":\"https:\/\/nitroerg.pl\/#website\",\"url\":\"https:\/\/nitroerg.pl\/\",\"name\":\"NITROERG\",\"description\":\"Najwi\u0119kszy w Polsce i jeden z najwi\u0119kszych w Europie producent materia\u0142\u00f3w wybuchowych\",\"potentialAction\":[{\"@type\":\"SearchAction\",\"target\":{\"@type\":\"EntryPoint\",\"urlTemplate\":\"https:\/\/nitroerg.pl\/?s={search_term_string}\"},\"query-input\":{\"@type\":\"PropertyValueSpecification\",\"valueRequired\":true,\"valueName\":\"search_term_string\"}}],\"inLanguage\":\"es\"}]}<\/script>\n<!-- \/ Yoast SEO plugin. -->","yoast_head_json":{"title":"Accionistas I NITROERG","robots":{"index":"index","follow":"follow","max-snippet":"max-snippet:-1","max-image-preview":"max-image-preview:large","max-video-preview":"max-video-preview:-1"},"canonical":"https:\/\/nitroerg.pl\/akcjonariusze\/akconariusze-nitroerg\/","og_locale":"es_ES","og_type":"article","og_title":"Accionistas I NITROERG","og_description":"El capital social de NITROERG S.A.\u00a0es de PLN 61.892.000 y se divide en 6.189.200 acciones. El\u00a0accionista mayoritario es KGHM Polska...","og_url":"https:\/\/nitroerg.pl\/akcjonariusze\/akconariusze-nitroerg\/","og_site_name":"NITROERG","article_modified_time":"2019-10-10T18:46:12+00:00","og_image":[{"url":"http:\/\/nitroerg.pl\/wp-content\/uploads\/2019\/03\/wykres-4.png","type":"","width":"","height":""}],"twitter_card":"summary_large_image","schema":{"@context":"https:\/\/schema.org","@graph":[{"@type":"WebPage","@id":"https:\/\/nitroerg.pl\/akcjonariusze\/akconariusze-nitroerg\/","url":"https:\/\/nitroerg.pl\/akcjonariusze\/akconariusze-nitroerg\/","name":"Accionistas I NITROERG","isPartOf":{"@id":"https:\/\/nitroerg.pl\/#website"},"primaryImageOfPage":{"@id":"https:\/\/nitroerg.pl\/akcjonariusze\/akconariusze-nitroerg\/#primaryimage"},"image":{"@id":"https:\/\/nitroerg.pl\/akcjonariusze\/akconariusze-nitroerg\/#primaryimage"},"thumbnailUrl":"http:\/\/nitroerg.pl\/wp-content\/uploads\/2019\/03\/wykres-4.png","datePublished":"2018-11-20T08:57:05+00:00","dateModified":"2019-10-10T18:46:12+00:00","breadcrumb":{"@id":"https:\/\/nitroerg.pl\/akcjonariusze\/akconariusze-nitroerg\/#breadcrumb"},"inLanguage":"es","potentialAction":[{"@type":"ReadAction","target":["https:\/\/nitroerg.pl\/akcjonariusze\/akconariusze-nitroerg\/"]}]},{"@type":"ImageObject","inLanguage":"es","@id":"https:\/\/nitroerg.pl\/akcjonariusze\/akconariusze-nitroerg\/#primaryimage","url":"http:\/\/nitroerg.pl\/wp-content\/uploads\/2019\/03\/wykres-4.png","contentUrl":"http:\/\/nitroerg.pl\/wp-content\/uploads\/2019\/03\/wykres-4.png"},{"@type":"BreadcrumbList","@id":"https:\/\/nitroerg.pl\/akcjonariusze\/akconariusze-nitroerg\/#breadcrumb","itemListElement":[{"@type":"ListItem","position":1,"name":"Home","item":"https:\/\/nitroerg.pl\/es\/"},{"@type":"ListItem","position":2,"name":"Akcjonariusze","item":"https:\/\/nitroerg.pl\/akcjonariusze\/"},{"@type":"ListItem","position":3,"name":"Accionistas"}]},{"@type":"WebSite","@id":"https:\/\/nitroerg.pl\/#website","url":"https:\/\/nitroerg.pl\/","name":"NITROERG","description":"Najwi\u0119kszy w Polsce i jeden z najwi\u0119kszych w Europie producent materia\u0142\u00f3w wybuchowych","potentialAction":[{"@type":"SearchAction","target":{"@type":"EntryPoint","urlTemplate":"https:\/\/nitroerg.pl\/?s={search_term_string}"},"query-input":{"@type":"PropertyValueSpecification","valueRequired":true,"valueName":"search_term_string"}}],"inLanguage":"es"}]}},"_links":{"self":[{"href":"https:\/\/nitroerg.pl\/es\/wp-json\/wp\/v2\/pages\/1793","targetHints":{"allow":["GET"]}}],"collection":[{"href":"https:\/\/nitroerg.pl\/es\/wp-json\/wp\/v2\/pages"}],"about":[{"href":"https:\/\/nitroerg.pl\/es\/wp-json\/wp\/v2\/types\/page"}],"author":[{"embeddable":true,"href":"https:\/\/nitroerg.pl\/es\/wp-json\/wp\/v2\/users\/3"}],"replies":[{"embeddable":true,"href":"https:\/\/nitroerg.pl\/es\/wp-json\/wp\/v2\/comments?post=1793"}],"version-history":[{"count":14,"href":"https:\/\/nitroerg.pl\/es\/wp-json\/wp\/v2\/pages\/1793\/revisions"}],"predecessor-version":[{"id":6428,"href":"https:\/\/nitroerg.pl\/es\/wp-json\/wp\/v2\/pages\/1793\/revisions\/6428"}],"up":[{"embeddable":true,"href":"https:\/\/nitroerg.pl\/es\/wp-json\/wp\/v2\/pages\/1800"}],"wp:attachment":[{"href":"https:\/\/nitroerg.pl\/es\/wp-json\/wp\/v2\/media?parent=1793"}],"curies":[{"name":"wp","href":"https:\/\/api.w.org\/{rel}","templated":true}]}}