{"id":1765,"date":"2018-11-20T21:45:25","date_gmt":"2018-11-20T20:45:25","guid":{"rendered":"http:\/\/nitroerg.pl\/ochrona-srodowiska-2\/"},"modified":"2019-02-20T13:01:11","modified_gmt":"2019-02-20T12:01:11","slug":"proteccion-del-medio-ambiente","status":"publish","type":"page","link":"https:\/\/nitroerg.pl\/es\/o-firmie\/proteccion-del-medio-ambiente\/","title":{"rendered":"Protecci\u00f3n del medio ambiente"},"content":{"rendered":"","protected":false},"excerpt":{"rendered":"","protected":false},"author":3,"featured_media":0,"parent":1831,"menu_order":0,"comment_status":"closed","ping_status":"closed","template":"","meta":{"_acf_changed":false,"footnotes":""},"class_list":["post-1765","page","type-page","status-publish","hentry"],"acf":[],"yoast_head":"<!-- This site is optimized with the Yoast SEO plugin v27.1.1 - https:\/\/yoast.com\/product\/yoast-seo-wordpress\/ -->\n<title>Protecci\u00f3n del medio ambiente - NITROERG<\/title>\n<meta name=\"robots\" content=\"index, follow, max-snippet:-1, max-image-preview:large, max-video-preview:-1\" \/>\n<link rel=\"canonical\" href=\"https:\/\/nitroerg.pl\/o-firmie\/ochrona-srodowiska\/\" \/>\n<meta property=\"og:locale\" content=\"es_ES\" \/>\n<meta property=\"og:type\" content=\"article\" \/>\n<meta property=\"og:title\" content=\"Protecci\u00f3n del medio ambiente - NITROERG\" \/>\n<meta property=\"og:url\" content=\"https:\/\/nitroerg.pl\/o-firmie\/ochrona-srodowiska\/\" \/>\n<meta property=\"og:site_name\" content=\"NITROERG\" \/>\n<meta property=\"article:modified_time\" content=\"2019-02-20T12:01:11+00:00\" \/>\n<meta name=\"twitter:card\" content=\"summary_large_image\" \/>\n<script type=\"application\/ld+json\" class=\"yoast-schema-graph\">{\"@context\":\"https:\/\/schema.org\",\"@graph\":[{\"@type\":\"WebPage\",\"@id\":\"https:\/\/nitroerg.pl\/o-firmie\/ochrona-srodowiska\/\",\"url\":\"https:\/\/nitroerg.pl\/o-firmie\/ochrona-srodowiska\/\",\"name\":\"Protecci\u00f3n del medio ambiente - NITROERG\",\"isPartOf\":{\"@id\":\"https:\/\/nitroerg.pl\/#website\"},\"datePublished\":\"2018-11-20T20:45:25+00:00\",\"dateModified\":\"2019-02-20T12:01:11+00:00\",\"breadcrumb\":{\"@id\":\"https:\/\/nitroerg.pl\/o-firmie\/ochrona-srodowiska\/#breadcrumb\"},\"inLanguage\":\"es\",\"potentialAction\":[{\"@type\":\"ReadAction\",\"target\":[\"https:\/\/nitroerg.pl\/o-firmie\/ochrona-srodowiska\/\"]}]},{\"@type\":\"BreadcrumbList\",\"@id\":\"https:\/\/nitroerg.pl\/o-firmie\/ochrona-srodowiska\/#breadcrumb\",\"itemListElement\":[{\"@type\":\"ListItem\",\"position\":1,\"name\":\"Home\",\"item\":\"https:\/\/nitroerg.pl\/es\/\"},{\"@type\":\"ListItem\",\"position\":2,\"name\":\"O firmie\",\"item\":\"https:\/\/nitroerg.pl\/es\/o-firmie\/\"},{\"@type\":\"ListItem\",\"position\":3,\"name\":\"Protecci\u00f3n del medio ambiente\"}]},{\"@type\":\"WebSite\",\"@id\":\"https:\/\/nitroerg.pl\/#website\",\"url\":\"https:\/\/nitroerg.pl\/\",\"name\":\"NITROERG\",\"description\":\"Najwi\u0119kszy w Polsce i jeden z najwi\u0119kszych w Europie producent materia\u0142\u00f3w wybuchowych\",\"potentialAction\":[{\"@type\":\"SearchAction\",\"target\":{\"@type\":\"EntryPoint\",\"urlTemplate\":\"https:\/\/nitroerg.pl\/?s={search_term_string}\"},\"query-input\":{\"@type\":\"PropertyValueSpecification\",\"valueRequired\":true,\"valueName\":\"search_term_string\"}}],\"inLanguage\":\"es\"}]}<\/script>\n<!-- \/ Yoast SEO plugin. -->","yoast_head_json":{"title":"Protecci\u00f3n del medio ambiente - NITROERG","robots":{"index":"index","follow":"follow","max-snippet":"max-snippet:-1","max-image-preview":"max-image-preview:large","max-video-preview":"max-video-preview:-1"},"canonical":"https:\/\/nitroerg.pl\/o-firmie\/ochrona-srodowiska\/","og_locale":"es_ES","og_type":"article","og_title":"Protecci\u00f3n del medio ambiente - NITROERG","og_url":"https:\/\/nitroerg.pl\/o-firmie\/ochrona-srodowiska\/","og_site_name":"NITROERG","article_modified_time":"2019-02-20T12:01:11+00:00","twitter_card":"summary_large_image","schema":{"@context":"https:\/\/schema.org","@graph":[{"@type":"WebPage","@id":"https:\/\/nitroerg.pl\/o-firmie\/ochrona-srodowiska\/","url":"https:\/\/nitroerg.pl\/o-firmie\/ochrona-srodowiska\/","name":"Protecci\u00f3n del medio ambiente - NITROERG","isPartOf":{"@id":"https:\/\/nitroerg.pl\/#website"},"datePublished":"2018-11-20T20:45:25+00:00","dateModified":"2019-02-20T12:01:11+00:00","breadcrumb":{"@id":"https:\/\/nitroerg.pl\/o-firmie\/ochrona-srodowiska\/#breadcrumb"},"inLanguage":"es","potentialAction":[{"@type":"ReadAction","target":["https:\/\/nitroerg.pl\/o-firmie\/ochrona-srodowiska\/"]}]},{"@type":"BreadcrumbList","@id":"https:\/\/nitroerg.pl\/o-firmie\/ochrona-srodowiska\/#breadcrumb","itemListElement":[{"@type":"ListItem","position":1,"name":"Home","item":"https:\/\/nitroerg.pl\/es\/"},{"@type":"ListItem","position":2,"name":"O firmie","item":"https:\/\/nitroerg.pl\/es\/o-firmie\/"},{"@type":"ListItem","position":3,"name":"Protecci\u00f3n del medio ambiente"}]},{"@type":"WebSite","@id":"https:\/\/nitroerg.pl\/#website","url":"https:\/\/nitroerg.pl\/","name":"NITROERG","description":"Najwi\u0119kszy w Polsce i jeden z najwi\u0119kszych w Europie producent materia\u0142\u00f3w wybuchowych","potentialAction":[{"@type":"SearchAction","target":{"@type":"EntryPoint","urlTemplate":"https:\/\/nitroerg.pl\/?s={search_term_string}"},"query-input":{"@type":"PropertyValueSpecification","valueRequired":true,"valueName":"search_term_string"}}],"inLanguage":"es"}]}},"_links":{"self":[{"href":"https:\/\/nitroerg.pl\/es\/wp-json\/wp\/v2\/pages\/1765","targetHints":{"allow":["GET"]}}],"collection":[{"href":"https:\/\/nitroerg.pl\/es\/wp-json\/wp\/v2\/pages"}],"about":[{"href":"https:\/\/nitroerg.pl\/es\/wp-json\/wp\/v2\/types\/page"}],"author":[{"embeddable":true,"href":"https:\/\/nitroerg.pl\/es\/wp-json\/wp\/v2\/users\/3"}],"replies":[{"embeddable":true,"href":"https:\/\/nitroerg.pl\/es\/wp-json\/wp\/v2\/comments?post=1765"}],"version-history":[{"count":2,"href":"https:\/\/nitroerg.pl\/es\/wp-json\/wp\/v2\/pages\/1765\/revisions"}],"predecessor-version":[{"id":4016,"href":"https:\/\/nitroerg.pl\/es\/wp-json\/wp\/v2\/pages\/1765\/revisions\/4016"}],"up":[{"embeddable":true,"href":"https:\/\/nitroerg.pl\/es\/wp-json\/wp\/v2\/pages\/1831"}],"wp:attachment":[{"href":"https:\/\/nitroerg.pl\/es\/wp-json\/wp\/v2\/media?parent=1765"}],"curies":[{"name":"wp","href":"https:\/\/api.w.org\/{rel}","templated":true}]}}