{"id":1740,"date":"2018-11-21T10:33:39","date_gmt":"2018-11-21T09:33:39","guid":{"rendered":"http:\/\/nitroerg.pl\/uslugi-wiertniczo-strzalowe\/"},"modified":"2019-02-18T16:14:06","modified_gmt":"2019-02-18T15:14:06","slug":"servicios-de-perforacion-y-voladura","status":"publish","type":"page","link":"https:\/\/nitroerg.pl\/es\/servicios-de-perforacion-y-voladura\/","title":{"rendered":"Servicios de perforaci\u00f3n y voladura"},"content":{"rendered":"<p align=\"JUSTIFY\"><span lang=\"es-ES\">NITROERG SERWIS es un representante y distribuidor de los productos de voladura de NITROERG S.A. en el mercado de minas a cielo abierto y en el campo de las obras civiles realizadas con el uso de explosivos.<\/span><\/p>\n","protected":false},"excerpt":{"rendered":"<p>NITROERG SERWIS es un representante y distribuidor de los productos de voladura de NITROERG S.A. en el mercado de minas<a class=\"more-link\" href=\"https:\/\/nitroerg.pl\/es\/servicios-de-perforacion-y-voladura\/\">&#8230;<\/a><\/p>\n","protected":false},"author":3,"featured_media":0,"parent":0,"menu_order":0,"comment_status":"closed","ping_status":"closed","template":"templates\/template-service.php","meta":{"_acf_changed":false,"footnotes":""},"class_list":["post-1740","page","type-page","status-publish","hentry"],"acf":[],"yoast_head":"<!-- This site is optimized with the Yoast SEO plugin v27.1.1 - https:\/\/yoast.com\/product\/yoast-seo-wordpress\/ -->\n<title>Servicios de perforaci\u00f3n y voladura - NITROERG<\/title>\n<meta name=\"robots\" content=\"index, follow, max-snippet:-1, max-image-preview:large, max-video-preview:-1\" \/>\n<link rel=\"canonical\" href=\"https:\/\/nitroerg.pl\/es\/servicios-de-perforacion-y-voladura\/\" \/>\n<meta property=\"og:locale\" content=\"es_ES\" \/>\n<meta property=\"og:type\" content=\"article\" \/>\n<meta property=\"og:title\" content=\"Servicios de perforaci\u00f3n y voladura - NITROERG\" \/>\n<meta property=\"og:description\" content=\"NITROERG SERWIS es un representante y distribuidor de los productos de voladura de NITROERG S.A. en el mercado de minas...\" \/>\n<meta property=\"og:url\" content=\"https:\/\/nitroerg.pl\/es\/servicios-de-perforacion-y-voladura\/\" \/>\n<meta property=\"og:site_name\" content=\"NITROERG\" \/>\n<meta property=\"article:modified_time\" content=\"2019-02-18T15:14:06+00:00\" \/>\n<meta name=\"twitter:card\" content=\"summary_large_image\" \/>\n<script type=\"application\/ld+json\" class=\"yoast-schema-graph\">{\"@context\":\"https:\/\/schema.org\",\"@graph\":[{\"@type\":\"WebPage\",\"@id\":\"https:\/\/nitroerg.pl\/es\/servicios-de-perforacion-y-voladura\/\",\"url\":\"https:\/\/nitroerg.pl\/es\/servicios-de-perforacion-y-voladura\/\",\"name\":\"Servicios de perforaci\u00f3n y voladura - NITROERG\",\"isPartOf\":{\"@id\":\"https:\/\/nitroerg.pl\/#website\"},\"datePublished\":\"2018-11-21T09:33:39+00:00\",\"dateModified\":\"2019-02-18T15:14:06+00:00\",\"breadcrumb\":{\"@id\":\"https:\/\/nitroerg.pl\/es\/servicios-de-perforacion-y-voladura\/#breadcrumb\"},\"inLanguage\":\"es\",\"potentialAction\":[{\"@type\":\"ReadAction\",\"target\":[\"https:\/\/nitroerg.pl\/es\/servicios-de-perforacion-y-voladura\/\"]}]},{\"@type\":\"BreadcrumbList\",\"@id\":\"https:\/\/nitroerg.pl\/es\/servicios-de-perforacion-y-voladura\/#breadcrumb\",\"itemListElement\":[{\"@type\":\"ListItem\",\"position\":1,\"name\":\"Home\",\"item\":\"https:\/\/nitroerg.pl\/es\/\"},{\"@type\":\"ListItem\",\"position\":2,\"name\":\"Servicios de perforaci\u00f3n y voladura\"}]},{\"@type\":\"WebSite\",\"@id\":\"https:\/\/nitroerg.pl\/#website\",\"url\":\"https:\/\/nitroerg.pl\/\",\"name\":\"NITROERG\",\"description\":\"Najwi\u0119kszy w Polsce i jeden z najwi\u0119kszych w Europie producent materia\u0142\u00f3w wybuchowych\",\"potentialAction\":[{\"@type\":\"SearchAction\",\"target\":{\"@type\":\"EntryPoint\",\"urlTemplate\":\"https:\/\/nitroerg.pl\/?s={search_term_string}\"},\"query-input\":{\"@type\":\"PropertyValueSpecification\",\"valueRequired\":true,\"valueName\":\"search_term_string\"}}],\"inLanguage\":\"es\"}]}<\/script>\n<!-- \/ Yoast SEO plugin. -->","yoast_head_json":{"title":"Servicios de perforaci\u00f3n y voladura - NITROERG","robots":{"index":"index","follow":"follow","max-snippet":"max-snippet:-1","max-image-preview":"max-image-preview:large","max-video-preview":"max-video-preview:-1"},"canonical":"https:\/\/nitroerg.pl\/es\/servicios-de-perforacion-y-voladura\/","og_locale":"es_ES","og_type":"article","og_title":"Servicios de perforaci\u00f3n y voladura - NITROERG","og_description":"NITROERG SERWIS es un representante y distribuidor de los productos de voladura de NITROERG S.A. en el mercado de minas...","og_url":"https:\/\/nitroerg.pl\/es\/servicios-de-perforacion-y-voladura\/","og_site_name":"NITROERG","article_modified_time":"2019-02-18T15:14:06+00:00","twitter_card":"summary_large_image","schema":{"@context":"https:\/\/schema.org","@graph":[{"@type":"WebPage","@id":"https:\/\/nitroerg.pl\/es\/servicios-de-perforacion-y-voladura\/","url":"https:\/\/nitroerg.pl\/es\/servicios-de-perforacion-y-voladura\/","name":"Servicios de perforaci\u00f3n y voladura - NITROERG","isPartOf":{"@id":"https:\/\/nitroerg.pl\/#website"},"datePublished":"2018-11-21T09:33:39+00:00","dateModified":"2019-02-18T15:14:06+00:00","breadcrumb":{"@id":"https:\/\/nitroerg.pl\/es\/servicios-de-perforacion-y-voladura\/#breadcrumb"},"inLanguage":"es","potentialAction":[{"@type":"ReadAction","target":["https:\/\/nitroerg.pl\/es\/servicios-de-perforacion-y-voladura\/"]}]},{"@type":"BreadcrumbList","@id":"https:\/\/nitroerg.pl\/es\/servicios-de-perforacion-y-voladura\/#breadcrumb","itemListElement":[{"@type":"ListItem","position":1,"name":"Home","item":"https:\/\/nitroerg.pl\/es\/"},{"@type":"ListItem","position":2,"name":"Servicios de perforaci\u00f3n y voladura"}]},{"@type":"WebSite","@id":"https:\/\/nitroerg.pl\/#website","url":"https:\/\/nitroerg.pl\/","name":"NITROERG","description":"Najwi\u0119kszy w Polsce i jeden z najwi\u0119kszych w Europie producent materia\u0142\u00f3w wybuchowych","potentialAction":[{"@type":"SearchAction","target":{"@type":"EntryPoint","urlTemplate":"https:\/\/nitroerg.pl\/?s={search_term_string}"},"query-input":{"@type":"PropertyValueSpecification","valueRequired":true,"valueName":"search_term_string"}}],"inLanguage":"es"}]}},"_links":{"self":[{"href":"https:\/\/nitroerg.pl\/es\/wp-json\/wp\/v2\/pages\/1740","targetHints":{"allow":["GET"]}}],"collection":[{"href":"https:\/\/nitroerg.pl\/es\/wp-json\/wp\/v2\/pages"}],"about":[{"href":"https:\/\/nitroerg.pl\/es\/wp-json\/wp\/v2\/types\/page"}],"author":[{"embeddable":true,"href":"https:\/\/nitroerg.pl\/es\/wp-json\/wp\/v2\/users\/3"}],"replies":[{"embeddable":true,"href":"https:\/\/nitroerg.pl\/es\/wp-json\/wp\/v2\/comments?post=1740"}],"version-history":[{"count":16,"href":"https:\/\/nitroerg.pl\/es\/wp-json\/wp\/v2\/pages\/1740\/revisions"}],"predecessor-version":[{"id":3907,"href":"https:\/\/nitroerg.pl\/es\/wp-json\/wp\/v2\/pages\/1740\/revisions\/3907"}],"wp:attachment":[{"href":"https:\/\/nitroerg.pl\/es\/wp-json\/wp\/v2\/media?parent=1740"}],"curies":[{"name":"wp","href":"https:\/\/api.w.org\/{rel}","templated":true}]}}