{"id":1735,"date":"2018-11-21T10:55:35","date_gmt":"2018-11-21T09:55:35","guid":{"rendered":"http:\/\/nitroerg.pl\/wladze-spolki\/"},"modified":"2025-11-17T23:41:20","modified_gmt":"2025-11-17T22:41:20","slug":"organos-sociales","status":"publish","type":"page","link":"https:\/\/nitroerg.pl\/es\/organos-sociales\/","title":{"rendered":"Consejo de Administraci\u00f3n"},"content":{"rendered":"<p>El Consejo de Administraci\u00f3n y el Consejo de Vigilancia supervisan la eficiencia y la coherencia de las actividades de NITROERG S.A. Gracias a la cooperaci\u00f3n y los objetivos claramente definidos, la empresa es capaz de implementar la estrategia adoptada y desarrollarse continuamente.<\/p>\n","protected":false},"excerpt":{"rendered":"<p>El Consejo de Administraci\u00f3n y el Consejo de Vigilancia supervisan la eficiencia y la coherencia de las actividades de NITROERG<a class=\"more-link\" href=\"https:\/\/nitroerg.pl\/es\/organos-sociales\/\">&#8230;<\/a><\/p>\n","protected":false},"author":3,"featured_media":0,"parent":0,"menu_order":0,"comment_status":"closed","ping_status":"closed","template":"templates\/template-management.php","meta":{"_acf_changed":false,"footnotes":""},"class_list":["post-1735","page","type-page","status-publish","hentry"],"acf":[],"yoast_head":"<!-- This site is optimized with the Yoast SEO plugin v27.1.1 - https:\/\/yoast.com\/product\/yoast-seo-wordpress\/ -->\n<title>\u00d3rganos de la empresa<\/title>\n<meta name=\"robots\" content=\"index, follow, max-snippet:-1, max-image-preview:large, max-video-preview:-1\" \/>\n<link rel=\"canonical\" href=\"https:\/\/nitroerg.pl\/es\/organos-sociales\/\" \/>\n<meta property=\"og:locale\" content=\"es_ES\" \/>\n<meta property=\"og:type\" content=\"article\" \/>\n<meta property=\"og:title\" content=\"\u00d3rganos de la empresa\" \/>\n<meta property=\"og:description\" content=\"El Consejo de Administraci\u00f3n y el Consejo de Vigilancia supervisan la eficiencia y la coherencia de las actividades de NITROERG...\" \/>\n<meta property=\"og:url\" content=\"https:\/\/nitroerg.pl\/es\/organos-sociales\/\" \/>\n<meta property=\"og:site_name\" content=\"NITROERG\" \/>\n<meta property=\"article:modified_time\" content=\"2025-11-17T22:41:20+00:00\" \/>\n<meta name=\"twitter:card\" content=\"summary_large_image\" \/>\n<meta name=\"twitter:label1\" content=\"Tiempo de lectura\" \/>\n\t<meta name=\"twitter:data1\" content=\"1 minuto\" \/>\n<script type=\"application\/ld+json\" class=\"yoast-schema-graph\">{\"@context\":\"https:\/\/schema.org\",\"@graph\":[{\"@type\":\"WebPage\",\"@id\":\"https:\/\/nitroerg.pl\/es\/organos-sociales\/\",\"url\":\"https:\/\/nitroerg.pl\/es\/organos-sociales\/\",\"name\":\"\u00d3rganos de la empresa\",\"isPartOf\":{\"@id\":\"https:\/\/nitroerg.pl\/#website\"},\"datePublished\":\"2018-11-21T09:55:35+00:00\",\"dateModified\":\"2025-11-17T22:41:20+00:00\",\"breadcrumb\":{\"@id\":\"https:\/\/nitroerg.pl\/es\/organos-sociales\/#breadcrumb\"},\"inLanguage\":\"es\",\"potentialAction\":[{\"@type\":\"ReadAction\",\"target\":[\"https:\/\/nitroerg.pl\/es\/organos-sociales\/\"]}]},{\"@type\":\"BreadcrumbList\",\"@id\":\"https:\/\/nitroerg.pl\/es\/organos-sociales\/#breadcrumb\",\"itemListElement\":[{\"@type\":\"ListItem\",\"position\":1,\"name\":\"Home\",\"item\":\"https:\/\/nitroerg.pl\/es\/\"},{\"@type\":\"ListItem\",\"position\":2,\"name\":\"Consejo de Administraci\u00f3n\"}]},{\"@type\":\"WebSite\",\"@id\":\"https:\/\/nitroerg.pl\/#website\",\"url\":\"https:\/\/nitroerg.pl\/\",\"name\":\"NITROERG\",\"description\":\"Najwi\u0119kszy w Polsce i jeden z najwi\u0119kszych w Europie producent materia\u0142\u00f3w wybuchowych\",\"potentialAction\":[{\"@type\":\"SearchAction\",\"target\":{\"@type\":\"EntryPoint\",\"urlTemplate\":\"https:\/\/nitroerg.pl\/?s={search_term_string}\"},\"query-input\":{\"@type\":\"PropertyValueSpecification\",\"valueRequired\":true,\"valueName\":\"search_term_string\"}}],\"inLanguage\":\"es\"}]}<\/script>\n<!-- \/ Yoast SEO plugin. -->","yoast_head_json":{"title":"\u00d3rganos de la empresa","robots":{"index":"index","follow":"follow","max-snippet":"max-snippet:-1","max-image-preview":"max-image-preview:large","max-video-preview":"max-video-preview:-1"},"canonical":"https:\/\/nitroerg.pl\/es\/organos-sociales\/","og_locale":"es_ES","og_type":"article","og_title":"\u00d3rganos de la empresa","og_description":"El Consejo de Administraci\u00f3n y el Consejo de Vigilancia supervisan la eficiencia y la coherencia de las actividades de NITROERG...","og_url":"https:\/\/nitroerg.pl\/es\/organos-sociales\/","og_site_name":"NITROERG","article_modified_time":"2025-11-17T22:41:20+00:00","twitter_card":"summary_large_image","twitter_misc":{"Tiempo de lectura":"1 minuto"},"schema":{"@context":"https:\/\/schema.org","@graph":[{"@type":"WebPage","@id":"https:\/\/nitroerg.pl\/es\/organos-sociales\/","url":"https:\/\/nitroerg.pl\/es\/organos-sociales\/","name":"\u00d3rganos de la empresa","isPartOf":{"@id":"https:\/\/nitroerg.pl\/#website"},"datePublished":"2018-11-21T09:55:35+00:00","dateModified":"2025-11-17T22:41:20+00:00","breadcrumb":{"@id":"https:\/\/nitroerg.pl\/es\/organos-sociales\/#breadcrumb"},"inLanguage":"es","potentialAction":[{"@type":"ReadAction","target":["https:\/\/nitroerg.pl\/es\/organos-sociales\/"]}]},{"@type":"BreadcrumbList","@id":"https:\/\/nitroerg.pl\/es\/organos-sociales\/#breadcrumb","itemListElement":[{"@type":"ListItem","position":1,"name":"Home","item":"https:\/\/nitroerg.pl\/es\/"},{"@type":"ListItem","position":2,"name":"Consejo de Administraci\u00f3n"}]},{"@type":"WebSite","@id":"https:\/\/nitroerg.pl\/#website","url":"https:\/\/nitroerg.pl\/","name":"NITROERG","description":"Najwi\u0119kszy w Polsce i jeden z najwi\u0119kszych w Europie producent materia\u0142\u00f3w wybuchowych","potentialAction":[{"@type":"SearchAction","target":{"@type":"EntryPoint","urlTemplate":"https:\/\/nitroerg.pl\/?s={search_term_string}"},"query-input":{"@type":"PropertyValueSpecification","valueRequired":true,"valueName":"search_term_string"}}],"inLanguage":"es"}]}},"_links":{"self":[{"href":"https:\/\/nitroerg.pl\/es\/wp-json\/wp\/v2\/pages\/1735","targetHints":{"allow":["GET"]}}],"collection":[{"href":"https:\/\/nitroerg.pl\/es\/wp-json\/wp\/v2\/pages"}],"about":[{"href":"https:\/\/nitroerg.pl\/es\/wp-json\/wp\/v2\/types\/page"}],"author":[{"embeddable":true,"href":"https:\/\/nitroerg.pl\/es\/wp-json\/wp\/v2\/users\/3"}],"replies":[{"embeddable":true,"href":"https:\/\/nitroerg.pl\/es\/wp-json\/wp\/v2\/comments?post=1735"}],"version-history":[{"count":30,"href":"https:\/\/nitroerg.pl\/es\/wp-json\/wp\/v2\/pages\/1735\/revisions"}],"predecessor-version":[{"id":19045,"href":"https:\/\/nitroerg.pl\/es\/wp-json\/wp\/v2\/pages\/1735\/revisions\/19045"}],"wp:attachment":[{"href":"https:\/\/nitroerg.pl\/es\/wp-json\/wp\/v2\/media?parent=1735"}],"curies":[{"name":"wp","href":"https:\/\/api.w.org\/{rel}","templated":true}]}}