{"id":1729,"date":"2018-12-02T18:50:59","date_gmt":"2018-12-02T17:50:59","guid":{"rendered":"http:\/\/nitroerg.pl\/produkty\/systemy-inicjowania\/"},"modified":"2019-03-16T17:58:59","modified_gmt":"2019-03-16T16:58:59","slug":"sistemas-de-iniciacion","status":"publish","type":"page","link":"https:\/\/nitroerg.pl\/es\/produkty\/sistemas-de-iniciacion\/","title":{"rendered":"Sistemas de iniciaci\u00f3n"},"content":{"rendered":"","protected":false},"excerpt":{"rendered":"","protected":false},"author":3,"featured_media":0,"parent":1721,"menu_order":0,"comment_status":"closed","ping_status":"closed","template":"templates\/template-products.php","meta":{"_acf_changed":false,"footnotes":""},"class_list":["post-1729","page","type-page","status-publish","hentry"],"acf":[],"yoast_head":"<!-- This site is optimized with the Yoast SEO plugin v27.1.1 - https:\/\/yoast.com\/product\/yoast-seo-wordpress\/ -->\n<title>Sistemas de iniciaci\u00f3n - NITROERG<\/title>\n<meta name=\"robots\" content=\"index, follow, max-snippet:-1, max-image-preview:large, max-video-preview:-1\" \/>\n<link rel=\"canonical\" href=\"https:\/\/nitroerg.pl\/es\/produkty\/sistemas-de-iniciacion\/\" \/>\n<meta property=\"og:locale\" content=\"es_ES\" \/>\n<meta property=\"og:type\" content=\"article\" \/>\n<meta property=\"og:title\" content=\"Sistemas de iniciaci\u00f3n - NITROERG\" \/>\n<meta property=\"og:url\" content=\"https:\/\/nitroerg.pl\/es\/produkty\/sistemas-de-iniciacion\/\" \/>\n<meta property=\"og:site_name\" content=\"NITROERG\" \/>\n<meta property=\"article:modified_time\" content=\"2019-03-16T16:58:59+00:00\" \/>\n<meta name=\"twitter:card\" content=\"summary_large_image\" \/>\n<script type=\"application\/ld+json\" class=\"yoast-schema-graph\">{\"@context\":\"https:\/\/schema.org\",\"@graph\":[{\"@type\":\"WebPage\",\"@id\":\"https:\/\/nitroerg.pl\/es\/produkty\/sistemas-de-iniciacion\/\",\"url\":\"https:\/\/nitroerg.pl\/es\/produkty\/sistemas-de-iniciacion\/\",\"name\":\"Sistemas de iniciaci\u00f3n - NITROERG\",\"isPartOf\":{\"@id\":\"https:\/\/nitroerg.pl\/#website\"},\"datePublished\":\"2018-12-02T17:50:59+00:00\",\"dateModified\":\"2019-03-16T16:58:59+00:00\",\"breadcrumb\":{\"@id\":\"https:\/\/nitroerg.pl\/es\/produkty\/sistemas-de-iniciacion\/#breadcrumb\"},\"inLanguage\":\"es\",\"potentialAction\":[{\"@type\":\"ReadAction\",\"target\":[\"https:\/\/nitroerg.pl\/es\/produkty\/sistemas-de-iniciacion\/\"]}]},{\"@type\":\"BreadcrumbList\",\"@id\":\"https:\/\/nitroerg.pl\/es\/produkty\/sistemas-de-iniciacion\/#breadcrumb\",\"itemListElement\":[{\"@type\":\"ListItem\",\"position\":1,\"name\":\"Home\",\"item\":\"https:\/\/nitroerg.pl\/es\/\"},{\"@type\":\"ListItem\",\"position\":2,\"name\":\"Produkty\",\"item\":\"https:\/\/nitroerg.pl\/es\/produkty\/\"},{\"@type\":\"ListItem\",\"position\":3,\"name\":\"Sistemas de iniciaci\u00f3n\"}]},{\"@type\":\"WebSite\",\"@id\":\"https:\/\/nitroerg.pl\/#website\",\"url\":\"https:\/\/nitroerg.pl\/\",\"name\":\"NITROERG\",\"description\":\"Najwi\u0119kszy w Polsce i jeden z najwi\u0119kszych w Europie producent materia\u0142\u00f3w wybuchowych\",\"potentialAction\":[{\"@type\":\"SearchAction\",\"target\":{\"@type\":\"EntryPoint\",\"urlTemplate\":\"https:\/\/nitroerg.pl\/?s={search_term_string}\"},\"query-input\":{\"@type\":\"PropertyValueSpecification\",\"valueRequired\":true,\"valueName\":\"search_term_string\"}}],\"inLanguage\":\"es\"}]}<\/script>\n<!-- \/ Yoast SEO plugin. -->","yoast_head_json":{"title":"Sistemas de iniciaci\u00f3n - NITROERG","robots":{"index":"index","follow":"follow","max-snippet":"max-snippet:-1","max-image-preview":"max-image-preview:large","max-video-preview":"max-video-preview:-1"},"canonical":"https:\/\/nitroerg.pl\/es\/produkty\/sistemas-de-iniciacion\/","og_locale":"es_ES","og_type":"article","og_title":"Sistemas de iniciaci\u00f3n - NITROERG","og_url":"https:\/\/nitroerg.pl\/es\/produkty\/sistemas-de-iniciacion\/","og_site_name":"NITROERG","article_modified_time":"2019-03-16T16:58:59+00:00","twitter_card":"summary_large_image","schema":{"@context":"https:\/\/schema.org","@graph":[{"@type":"WebPage","@id":"https:\/\/nitroerg.pl\/es\/produkty\/sistemas-de-iniciacion\/","url":"https:\/\/nitroerg.pl\/es\/produkty\/sistemas-de-iniciacion\/","name":"Sistemas de iniciaci\u00f3n - NITROERG","isPartOf":{"@id":"https:\/\/nitroerg.pl\/#website"},"datePublished":"2018-12-02T17:50:59+00:00","dateModified":"2019-03-16T16:58:59+00:00","breadcrumb":{"@id":"https:\/\/nitroerg.pl\/es\/produkty\/sistemas-de-iniciacion\/#breadcrumb"},"inLanguage":"es","potentialAction":[{"@type":"ReadAction","target":["https:\/\/nitroerg.pl\/es\/produkty\/sistemas-de-iniciacion\/"]}]},{"@type":"BreadcrumbList","@id":"https:\/\/nitroerg.pl\/es\/produkty\/sistemas-de-iniciacion\/#breadcrumb","itemListElement":[{"@type":"ListItem","position":1,"name":"Home","item":"https:\/\/nitroerg.pl\/es\/"},{"@type":"ListItem","position":2,"name":"Produkty","item":"https:\/\/nitroerg.pl\/es\/produkty\/"},{"@type":"ListItem","position":3,"name":"Sistemas de iniciaci\u00f3n"}]},{"@type":"WebSite","@id":"https:\/\/nitroerg.pl\/#website","url":"https:\/\/nitroerg.pl\/","name":"NITROERG","description":"Najwi\u0119kszy w Polsce i jeden z najwi\u0119kszych w Europie producent materia\u0142\u00f3w wybuchowych","potentialAction":[{"@type":"SearchAction","target":{"@type":"EntryPoint","urlTemplate":"https:\/\/nitroerg.pl\/?s={search_term_string}"},"query-input":{"@type":"PropertyValueSpecification","valueRequired":true,"valueName":"search_term_string"}}],"inLanguage":"es"}]}},"_links":{"self":[{"href":"https:\/\/nitroerg.pl\/es\/wp-json\/wp\/v2\/pages\/1729","targetHints":{"allow":["GET"]}}],"collection":[{"href":"https:\/\/nitroerg.pl\/es\/wp-json\/wp\/v2\/pages"}],"about":[{"href":"https:\/\/nitroerg.pl\/es\/wp-json\/wp\/v2\/types\/page"}],"author":[{"embeddable":true,"href":"https:\/\/nitroerg.pl\/es\/wp-json\/wp\/v2\/users\/3"}],"replies":[{"embeddable":true,"href":"https:\/\/nitroerg.pl\/es\/wp-json\/wp\/v2\/comments?post=1729"}],"version-history":[{"count":25,"href":"https:\/\/nitroerg.pl\/es\/wp-json\/wp\/v2\/pages\/1729\/revisions"}],"predecessor-version":[{"id":5041,"href":"https:\/\/nitroerg.pl\/es\/wp-json\/wp\/v2\/pages\/1729\/revisions\/5041"}],"up":[{"embeddable":true,"href":"https:\/\/nitroerg.pl\/es\/wp-json\/wp\/v2\/pages\/1721"}],"wp:attachment":[{"href":"https:\/\/nitroerg.pl\/es\/wp-json\/wp\/v2\/media?parent=1729"}],"curies":[{"name":"wp","href":"https:\/\/api.w.org\/{rel}","templated":true}]}}