{"id":1711,"date":"2018-12-03T12:44:19","date_gmt":"2018-12-03T11:44:19","guid":{"rendered":"http:\/\/nitroerg.pl\/ochrona-srodowiska\/"},"modified":"2025-11-12T14:39:00","modified_gmt":"2025-11-12T13:39:00","slug":"sistema-de-gestion-ambiental","status":"publish","type":"page","link":"https:\/\/nitroerg.pl\/es\/sistema-de-gestion-ambiental\/","title":{"rendered":"Sistema de gesti\u00f3n ambiental"},"content":{"rendered":"<p style=\"text-align: justify;\"><strong>Sistema de gesti\u00f3n ambiental seg\u00fan los requisitos de la norma ISO 14001: 2015.<\/strong><\/p>\n<p style=\"text-align: justify;\">NITROERG S.A. en la ubicaci\u00f3n de Krupski M\u0142yn tiene implementado, certificado y continuamente mejorado el sistema de gesti\u00f3n en el campo de la protecci\u00f3n ambiental, que cumple con los requisitos de la norma ISO 14001:2015.<\/p>\n<p style=\"text-align: justify;\">El sistema est\u00e1 en funcionamiento desde 2003 y est\u00e1 sujeto a una evaluaci\u00f3n anual por parte de los auditores del organismo de certificaci\u00f3n T\u00dcV Rheinland. Los resultados de las auditor\u00edas confirman la efectividad del sistema aplicado.<\/p>\n<p style=\"text-align: justify;\">Los objetivos ambientales son definidos por el Consejo de Administraci\u00f3n de NITROERG S.A. \u201cPol\u00edtica del Sistema de Gesti\u00f3n Integrado\u201d que define las direcciones de actividad toda la empresa.<\/p>\n<p style=\"text-align: justify;\">De acuerdo con los requisitos de ISO 14001:2015, las auditor\u00edas internas y las inspecciones ambientales se llevan a cabo de manera continua, se eval\u00faan los riesgos y oportunidades, incluidos los aspectos ambientales junto con una comparaci\u00f3n de sus valores con los requisitos incluidos en las decisiones de los \u00f3rganos administrativos. Se ha definido el ciclo de vida de nuestros productos, as\u00ed como el contexto interno y externo de la organizaci\u00f3n. El alcance, el m\u00e9todo y la frecuencia de monitoreo de los procesos tecnol\u00f3gicos, incluida la medici\u00f3n y el registro de vol\u00famenes de emisi\u00f3n, se refieren a las condiciones establecidas en las decisiones ambientales aplicables.<\/p>\n","protected":false},"excerpt":{"rendered":"<p>Sistema de gesti\u00f3n ambiental seg\u00fan los requisitos de la norma ISO 14001: 2015. NITROERG S.A. en la ubicaci\u00f3n de Krupski<a class=\"more-link\" href=\"https:\/\/nitroerg.pl\/es\/sistema-de-gestion-ambiental\/\">&#8230;<\/a><\/p>\n","protected":false},"author":3,"featured_media":0,"parent":0,"menu_order":0,"comment_status":"closed","ping_status":"closed","template":"","meta":{"_acf_changed":false,"footnotes":""},"class_list":["post-1711","page","type-page","status-publish","hentry"],"acf":[],"yoast_head":"<!-- This site is optimized with the Yoast SEO plugin v27.1.1 - https:\/\/yoast.com\/product\/yoast-seo-wordpress\/ -->\n<title>Sistema de gesti\u00f3n ambiental - NITROERG<\/title>\n<meta name=\"robots\" content=\"index, follow, max-snippet:-1, max-image-preview:large, max-video-preview:-1\" \/>\n<link rel=\"canonical\" href=\"https:\/\/nitroerg.pl\/es\/sistema-de-gestion-ambiental\/\" \/>\n<meta property=\"og:locale\" content=\"es_ES\" \/>\n<meta property=\"og:type\" content=\"article\" \/>\n<meta property=\"og:title\" content=\"Sistema de gesti\u00f3n ambiental - NITROERG\" \/>\n<meta property=\"og:description\" content=\"Sistema de gesti\u00f3n ambiental seg\u00fan los requisitos de la norma ISO 14001: 2015. NITROERG S.A. en la ubicaci\u00f3n de Krupski...\" \/>\n<meta property=\"og:url\" content=\"https:\/\/nitroerg.pl\/es\/sistema-de-gestion-ambiental\/\" \/>\n<meta property=\"og:site_name\" content=\"NITROERG\" \/>\n<meta property=\"article:modified_time\" content=\"2025-11-12T13:39:00+00:00\" \/>\n<meta name=\"twitter:card\" content=\"summary_large_image\" \/>\n<meta name=\"twitter:label1\" content=\"Tiempo de lectura\" \/>\n\t<meta name=\"twitter:data1\" content=\"2 minutos\" \/>\n<script type=\"application\/ld+json\" class=\"yoast-schema-graph\">{\"@context\":\"https:\/\/schema.org\",\"@graph\":[{\"@type\":\"WebPage\",\"@id\":\"https:\/\/nitroerg.pl\/es\/sistema-de-gestion-ambiental\/\",\"url\":\"https:\/\/nitroerg.pl\/es\/sistema-de-gestion-ambiental\/\",\"name\":\"Sistema de gesti\u00f3n ambiental - NITROERG\",\"isPartOf\":{\"@id\":\"https:\/\/nitroerg.pl\/#website\"},\"datePublished\":\"2018-12-03T11:44:19+00:00\",\"dateModified\":\"2025-11-12T13:39:00+00:00\",\"breadcrumb\":{\"@id\":\"https:\/\/nitroerg.pl\/es\/sistema-de-gestion-ambiental\/#breadcrumb\"},\"inLanguage\":\"es\",\"potentialAction\":[{\"@type\":\"ReadAction\",\"target\":[\"https:\/\/nitroerg.pl\/es\/sistema-de-gestion-ambiental\/\"]}]},{\"@type\":\"BreadcrumbList\",\"@id\":\"https:\/\/nitroerg.pl\/es\/sistema-de-gestion-ambiental\/#breadcrumb\",\"itemListElement\":[{\"@type\":\"ListItem\",\"position\":1,\"name\":\"Home\",\"item\":\"https:\/\/nitroerg.pl\/es\/\"},{\"@type\":\"ListItem\",\"position\":2,\"name\":\"Sistema de gesti\u00f3n ambiental\"}]},{\"@type\":\"WebSite\",\"@id\":\"https:\/\/nitroerg.pl\/#website\",\"url\":\"https:\/\/nitroerg.pl\/\",\"name\":\"NITROERG\",\"description\":\"Najwi\u0119kszy w Polsce i jeden z najwi\u0119kszych w Europie producent materia\u0142\u00f3w wybuchowych\",\"potentialAction\":[{\"@type\":\"SearchAction\",\"target\":{\"@type\":\"EntryPoint\",\"urlTemplate\":\"https:\/\/nitroerg.pl\/?s={search_term_string}\"},\"query-input\":{\"@type\":\"PropertyValueSpecification\",\"valueRequired\":true,\"valueName\":\"search_term_string\"}}],\"inLanguage\":\"es\"}]}<\/script>\n<!-- \/ Yoast SEO plugin. -->","yoast_head_json":{"title":"Sistema de gesti\u00f3n ambiental - NITROERG","robots":{"index":"index","follow":"follow","max-snippet":"max-snippet:-1","max-image-preview":"max-image-preview:large","max-video-preview":"max-video-preview:-1"},"canonical":"https:\/\/nitroerg.pl\/es\/sistema-de-gestion-ambiental\/","og_locale":"es_ES","og_type":"article","og_title":"Sistema de gesti\u00f3n ambiental - NITROERG","og_description":"Sistema de gesti\u00f3n ambiental seg\u00fan los requisitos de la norma ISO 14001: 2015. NITROERG S.A. en la ubicaci\u00f3n de Krupski...","og_url":"https:\/\/nitroerg.pl\/es\/sistema-de-gestion-ambiental\/","og_site_name":"NITROERG","article_modified_time":"2025-11-12T13:39:00+00:00","twitter_card":"summary_large_image","twitter_misc":{"Tiempo de lectura":"2 minutos"},"schema":{"@context":"https:\/\/schema.org","@graph":[{"@type":"WebPage","@id":"https:\/\/nitroerg.pl\/es\/sistema-de-gestion-ambiental\/","url":"https:\/\/nitroerg.pl\/es\/sistema-de-gestion-ambiental\/","name":"Sistema de gesti\u00f3n ambiental - NITROERG","isPartOf":{"@id":"https:\/\/nitroerg.pl\/#website"},"datePublished":"2018-12-03T11:44:19+00:00","dateModified":"2025-11-12T13:39:00+00:00","breadcrumb":{"@id":"https:\/\/nitroerg.pl\/es\/sistema-de-gestion-ambiental\/#breadcrumb"},"inLanguage":"es","potentialAction":[{"@type":"ReadAction","target":["https:\/\/nitroerg.pl\/es\/sistema-de-gestion-ambiental\/"]}]},{"@type":"BreadcrumbList","@id":"https:\/\/nitroerg.pl\/es\/sistema-de-gestion-ambiental\/#breadcrumb","itemListElement":[{"@type":"ListItem","position":1,"name":"Home","item":"https:\/\/nitroerg.pl\/es\/"},{"@type":"ListItem","position":2,"name":"Sistema de gesti\u00f3n ambiental"}]},{"@type":"WebSite","@id":"https:\/\/nitroerg.pl\/#website","url":"https:\/\/nitroerg.pl\/","name":"NITROERG","description":"Najwi\u0119kszy w Polsce i jeden z najwi\u0119kszych w Europie producent materia\u0142\u00f3w wybuchowych","potentialAction":[{"@type":"SearchAction","target":{"@type":"EntryPoint","urlTemplate":"https:\/\/nitroerg.pl\/?s={search_term_string}"},"query-input":{"@type":"PropertyValueSpecification","valueRequired":true,"valueName":"search_term_string"}}],"inLanguage":"es"}]}},"_links":{"self":[{"href":"https:\/\/nitroerg.pl\/es\/wp-json\/wp\/v2\/pages\/1711","targetHints":{"allow":["GET"]}}],"collection":[{"href":"https:\/\/nitroerg.pl\/es\/wp-json\/wp\/v2\/pages"}],"about":[{"href":"https:\/\/nitroerg.pl\/es\/wp-json\/wp\/v2\/types\/page"}],"author":[{"embeddable":true,"href":"https:\/\/nitroerg.pl\/es\/wp-json\/wp\/v2\/users\/3"}],"replies":[{"embeddable":true,"href":"https:\/\/nitroerg.pl\/es\/wp-json\/wp\/v2\/comments?post=1711"}],"version-history":[{"count":12,"href":"https:\/\/nitroerg.pl\/es\/wp-json\/wp\/v2\/pages\/1711\/revisions"}],"predecessor-version":[{"id":18888,"href":"https:\/\/nitroerg.pl\/es\/wp-json\/wp\/v2\/pages\/1711\/revisions\/18888"}],"wp:attachment":[{"href":"https:\/\/nitroerg.pl\/es\/wp-json\/wp\/v2\/media?parent=1711"}],"curies":[{"name":"wp","href":"https:\/\/api.w.org\/{rel}","templated":true}]}}