{"id":11556,"date":"2022-03-22T16:26:30","date_gmt":"2022-03-22T15:26:30","guid":{"rendered":"https:\/\/nitroerg.pl\/?page_id=11556"},"modified":"2025-11-25T09:52:58","modified_gmt":"2025-11-25T08:52:58","slug":"clausula-anticorrupcion","status":"publish","type":"page","link":"https:\/\/nitroerg.pl\/es\/clausula-anticorrupcion\/","title":{"rendered":"Cl\u00e1usula anticorrupci\u00f3n"},"content":{"rendered":"","protected":false},"excerpt":{"rendered":"","protected":false},"author":2,"featured_media":0,"parent":0,"menu_order":0,"comment_status":"closed","ping_status":"closed","template":"","meta":{"_acf_changed":false,"footnotes":""},"class_list":["post-11556","page","type-page","status-publish","hentry"],"acf":[],"yoast_head":"<!-- This site is optimized with the Yoast SEO plugin v27.1.1 - https:\/\/yoast.com\/product\/yoast-seo-wordpress\/ -->\n<title>Cl\u00e1usula anticorrupci\u00f3n - NITROERG<\/title>\n<meta name=\"robots\" content=\"index, follow, max-snippet:-1, max-image-preview:large, max-video-preview:-1\" \/>\n<link rel=\"canonical\" href=\"https:\/\/nitroerg.pl\/es\/clausula-anticorrupcion\/\" \/>\n<meta property=\"og:locale\" content=\"es_ES\" \/>\n<meta property=\"og:type\" content=\"article\" \/>\n<meta property=\"og:title\" content=\"Cl\u00e1usula anticorrupci\u00f3n - NITROERG\" \/>\n<meta property=\"og:url\" content=\"https:\/\/nitroerg.pl\/es\/clausula-anticorrupcion\/\" \/>\n<meta property=\"og:site_name\" content=\"NITROERG\" \/>\n<meta property=\"article:modified_time\" content=\"2025-11-25T08:52:58+00:00\" \/>\n<meta name=\"twitter:card\" content=\"summary_large_image\" \/>\n<script type=\"application\/ld+json\" class=\"yoast-schema-graph\">{\"@context\":\"https:\/\/schema.org\",\"@graph\":[{\"@type\":\"WebPage\",\"@id\":\"https:\/\/nitroerg.pl\/es\/clausula-anticorrupcion\/\",\"url\":\"https:\/\/nitroerg.pl\/es\/clausula-anticorrupcion\/\",\"name\":\"Cl\u00e1usula anticorrupci\u00f3n - NITROERG\",\"isPartOf\":{\"@id\":\"https:\/\/nitroerg.pl\/#website\"},\"datePublished\":\"2022-03-22T15:26:30+00:00\",\"dateModified\":\"2025-11-25T08:52:58+00:00\",\"breadcrumb\":{\"@id\":\"https:\/\/nitroerg.pl\/es\/clausula-anticorrupcion\/#breadcrumb\"},\"inLanguage\":\"es\",\"potentialAction\":[{\"@type\":\"ReadAction\",\"target\":[\"https:\/\/nitroerg.pl\/es\/clausula-anticorrupcion\/\"]}]},{\"@type\":\"BreadcrumbList\",\"@id\":\"https:\/\/nitroerg.pl\/es\/clausula-anticorrupcion\/#breadcrumb\",\"itemListElement\":[{\"@type\":\"ListItem\",\"position\":1,\"name\":\"Home\",\"item\":\"https:\/\/nitroerg.pl\/es\/\"},{\"@type\":\"ListItem\",\"position\":2,\"name\":\"Cl\u00e1usula anticorrupci\u00f3n\"}]},{\"@type\":\"WebSite\",\"@id\":\"https:\/\/nitroerg.pl\/#website\",\"url\":\"https:\/\/nitroerg.pl\/\",\"name\":\"NITROERG\",\"description\":\"Najwi\u0119kszy w Polsce i jeden z najwi\u0119kszych w Europie producent materia\u0142\u00f3w wybuchowych\",\"potentialAction\":[{\"@type\":\"SearchAction\",\"target\":{\"@type\":\"EntryPoint\",\"urlTemplate\":\"https:\/\/nitroerg.pl\/?s={search_term_string}\"},\"query-input\":{\"@type\":\"PropertyValueSpecification\",\"valueRequired\":true,\"valueName\":\"search_term_string\"}}],\"inLanguage\":\"es\"}]}<\/script>\n<!-- \/ Yoast SEO plugin. -->","yoast_head_json":{"title":"Cl\u00e1usula anticorrupci\u00f3n - NITROERG","robots":{"index":"index","follow":"follow","max-snippet":"max-snippet:-1","max-image-preview":"max-image-preview:large","max-video-preview":"max-video-preview:-1"},"canonical":"https:\/\/nitroerg.pl\/es\/clausula-anticorrupcion\/","og_locale":"es_ES","og_type":"article","og_title":"Cl\u00e1usula anticorrupci\u00f3n - NITROERG","og_url":"https:\/\/nitroerg.pl\/es\/clausula-anticorrupcion\/","og_site_name":"NITROERG","article_modified_time":"2025-11-25T08:52:58+00:00","twitter_card":"summary_large_image","schema":{"@context":"https:\/\/schema.org","@graph":[{"@type":"WebPage","@id":"https:\/\/nitroerg.pl\/es\/clausula-anticorrupcion\/","url":"https:\/\/nitroerg.pl\/es\/clausula-anticorrupcion\/","name":"Cl\u00e1usula anticorrupci\u00f3n - NITROERG","isPartOf":{"@id":"https:\/\/nitroerg.pl\/#website"},"datePublished":"2022-03-22T15:26:30+00:00","dateModified":"2025-11-25T08:52:58+00:00","breadcrumb":{"@id":"https:\/\/nitroerg.pl\/es\/clausula-anticorrupcion\/#breadcrumb"},"inLanguage":"es","potentialAction":[{"@type":"ReadAction","target":["https:\/\/nitroerg.pl\/es\/clausula-anticorrupcion\/"]}]},{"@type":"BreadcrumbList","@id":"https:\/\/nitroerg.pl\/es\/clausula-anticorrupcion\/#breadcrumb","itemListElement":[{"@type":"ListItem","position":1,"name":"Home","item":"https:\/\/nitroerg.pl\/es\/"},{"@type":"ListItem","position":2,"name":"Cl\u00e1usula anticorrupci\u00f3n"}]},{"@type":"WebSite","@id":"https:\/\/nitroerg.pl\/#website","url":"https:\/\/nitroerg.pl\/","name":"NITROERG","description":"Najwi\u0119kszy w Polsce i jeden z najwi\u0119kszych w Europie producent materia\u0142\u00f3w wybuchowych","potentialAction":[{"@type":"SearchAction","target":{"@type":"EntryPoint","urlTemplate":"https:\/\/nitroerg.pl\/?s={search_term_string}"},"query-input":{"@type":"PropertyValueSpecification","valueRequired":true,"valueName":"search_term_string"}}],"inLanguage":"es"}]}},"_links":{"self":[{"href":"https:\/\/nitroerg.pl\/es\/wp-json\/wp\/v2\/pages\/11556","targetHints":{"allow":["GET"]}}],"collection":[{"href":"https:\/\/nitroerg.pl\/es\/wp-json\/wp\/v2\/pages"}],"about":[{"href":"https:\/\/nitroerg.pl\/es\/wp-json\/wp\/v2\/types\/page"}],"author":[{"embeddable":true,"href":"https:\/\/nitroerg.pl\/es\/wp-json\/wp\/v2\/users\/2"}],"replies":[{"embeddable":true,"href":"https:\/\/nitroerg.pl\/es\/wp-json\/wp\/v2\/comments?post=11556"}],"version-history":[{"count":9,"href":"https:\/\/nitroerg.pl\/es\/wp-json\/wp\/v2\/pages\/11556\/revisions"}],"predecessor-version":[{"id":19252,"href":"https:\/\/nitroerg.pl\/es\/wp-json\/wp\/v2\/pages\/11556\/revisions\/19252"}],"wp:attachment":[{"href":"https:\/\/nitroerg.pl\/es\/wp-json\/wp\/v2\/media?parent=11556"}],"curies":[{"name":"wp","href":"https:\/\/api.w.org\/{rel}","templated":true}]}}