{"id":9138,"date":"2021-06-11T10:08:41","date_gmt":"2021-06-11T08:08:41","guid":{"rendered":"https:\/\/nitroerg.pl\/?page_id=9138"},"modified":"2021-06-11T10:21:48","modified_gmt":"2021-06-11T08:21:48","slug":"send-an-inquiry","status":"publish","type":"page","link":"https:\/\/nitroerg.pl\/en\/what-is-nitron\/send-an-inquiry\/","title":{"rendered":"Send an inquiry"},"content":{"rendered":"<p>By filling in this form, you can send us your inquiry and get the quotation.\u00a0 After you have the quotation in your mailbox, send us the order confirmation in response to our email.<\/p>\n\n<div class=\"wpcf7 no-js\" id=\"wpcf7-f9140-o1\" lang=\"pl-PL\" dir=\"ltr\" data-wpcf7-id=\"9140\">\n<div class=\"screen-reader-response\"><p role=\"status\" aria-live=\"polite\" aria-atomic=\"true\"><\/p> <ul><\/ul><\/div>\n<form action=\"\/en\/wp-json\/wp\/v2\/pages\/9138#wpcf7-f9140-o1\" method=\"post\" class=\"wpcf7-form init\" aria-label=\"Formularz kontaktowy\" novalidate=\"novalidate\" data-status=\"init\">\n<fieldset class=\"hidden-fields-container\"><input type=\"hidden\" name=\"_wpcf7\" value=\"9140\" \/><input type=\"hidden\" name=\"_wpcf7_version\" value=\"6.1.5\" \/><input type=\"hidden\" name=\"_wpcf7_locale\" value=\"pl_PL\" \/><input type=\"hidden\" name=\"_wpcf7_unit_tag\" value=\"wpcf7-f9140-o1\" \/><input type=\"hidden\" name=\"_wpcf7_container_post\" value=\"0\" \/><input type=\"hidden\" name=\"_wpcf7_posted_data_hash\" value=\"\" \/><input type=\"hidden\" name=\"_wpcf7cf_hidden_group_fields\" value=\"[]\" \/><input type=\"hidden\" name=\"_wpcf7cf_hidden_groups\" value=\"[]\" \/><input type=\"hidden\" name=\"_wpcf7cf_visible_groups\" value=\"[]\" \/><input type=\"hidden\" name=\"_wpcf7cf_repeaters\" value=\"[]\" \/><input type=\"hidden\" name=\"_wpcf7cf_steps\" value=\"{}\" \/><input type=\"hidden\" name=\"_wpcf7cf_options\" value=\"{&quot;form_id&quot;:9140,&quot;conditions&quot;:[{&quot;and_rules&quot;:[{&quot;if_field&quot;:&quot;&quot;,&quot;operator&quot;:&quot;equals&quot;,&quot;if_value&quot;:&quot;Chc\\u0119 poda\\u0107 inny adres i dane dostawy&quot;}]}],&quot;settings&quot;:{&quot;animation&quot;:&quot;yes&quot;,&quot;animation_intime&quot;:200,&quot;animation_outtime&quot;:200,&quot;conditions_ui&quot;:&quot;normal&quot;,&quot;notice_dismissed&quot;:false}}\" \/><input type=\"hidden\" name=\"_wpcf7_recaptcha_response\" value=\"\" \/>\n<\/fieldset>\n<div class=\"nitron__form\">\n\t<div class=\"form-group\">\n\t\t<p><label>Type of transport<\/label><br \/>\n<span class=\"wpcf7-form-control-wrap\" data-name=\"menu-386\"><select class=\"wpcf7-form-control wpcf7-select wpcf7-validates-as-required\" aria-required=\"true\" aria-invalid=\"false\" name=\"menu-386\"><option value=\"200 l barrel\">200 l barrel<\/option><option value=\"IBC container\">IBC container<\/option><option value=\"road tanker\">road tanker<\/option><\/select><\/span>\n\t\t<\/p>\n\t\t<div class=\"form-group\">\n\t\t\t<p><label>Count<\/label><br \/>\n<span class=\"wpcf7-form-control-wrap\" data-name=\"count\"><input class=\"wpcf7-form-control wpcf7-number wpcf7-validates-as-required wpcf7-validates-as-number form-control\" aria-required=\"true\" aria-invalid=\"false\" value=\"\" type=\"number\" name=\"count\" \/><\/span>\n\t\t\t<\/p>\n\t\t<\/div>\n\t\t<div class=\"form-group\">\n\t\t\t<p><label>Delivery address<\/label><br \/>\n<span class=\"wpcf7-form-control-wrap\" data-name=\"address\"><textarea cols=\"10\" rows=\"3\" maxlength=\"300\" class=\"wpcf7-form-control wpcf7-textarea wpcf7-validates-as-required form-control\" aria-required=\"true\" aria-invalid=\"false\" name=\"address\"><\/textarea><\/span>\n\t\t\t<\/p>\n\t\t<\/div>\n\t\t<div class=\"form-group\">\n\t\t\t<p><label>Email<\/label><br \/>\n<span class=\"wpcf7-form-control-wrap\" data-name=\"email\"><input size=\"40\" maxlength=\"400\" class=\"wpcf7-form-control wpcf7-email wpcf7-validates-as-required wpcf7-text wpcf7-validates-as-email form-control\" aria-required=\"true\" aria-invalid=\"false\" value=\"\" type=\"email\" name=\"email\" \/><\/span>\n\t\t\t<\/p>\n\t\t<\/div>\n\t\t<div class=\"form-group\">\n\t\t\t<p><label>Comments<\/label><br \/>\n<span class=\"wpcf7-form-control-wrap\" data-name=\"warnings\"><textarea cols=\"10\" rows=\"3\" maxlength=\"300\" class=\"wpcf7-form-control wpcf7-textarea form-control\" aria-invalid=\"false\" name=\"warnings\"><\/textarea><\/span>\n\t\t\t<\/p>\n\t\t<\/div>\n\t\t<div class=\"form-group\">\n\t\t\t<p><input class=\"wpcf7-form-control wpcf7-submit has-spinner\" type=\"submit\" value=\"Send the inquiry\" \/>\n\t\t\t<\/p>\n\t\t<\/div>\n\t<\/div>\n<\/div><div class=\"wpcf7-response-output\" aria-hidden=\"true\"><\/div>\n<\/form>\n<\/div>\n\n","protected":false},"excerpt":{"rendered":"<p>By filling in this form, you can send us your inquiry and get the quotation.\u00a0 After you have the quotation<a class=\"more-link\" href=\"https:\/\/nitroerg.pl\/en\/what-is-nitron\/send-an-inquiry\/\">&#8230;<\/a><\/p>\n","protected":false},"author":2,"featured_media":0,"parent":8748,"menu_order":0,"comment_status":"closed","ping_status":"closed","template":"templates\/template-action.php","meta":{"_acf_changed":false,"footnotes":""},"class_list":["post-9138","page","type-page","status-publish","hentry"],"acf":[],"yoast_head":"<!-- This site is optimized with the Yoast SEO plugin v27.1.1 - https:\/\/yoast.com\/product\/yoast-seo-wordpress\/ -->\n<title>Send an inquiry - NITROERG<\/title>\n<meta name=\"robots\" content=\"index, follow, max-snippet:-1, max-image-preview:large, max-video-preview:-1\" \/>\n<link rel=\"canonical\" href=\"https:\/\/nitroerg.pl\/dodatek-nitron\/zloz-zamowienie\/\" \/>\n<meta property=\"og:locale\" content=\"en_US\" \/>\n<meta property=\"og:type\" content=\"article\" \/>\n<meta property=\"og:title\" content=\"Send an inquiry - NITROERG\" \/>\n<meta property=\"og:description\" content=\"By filling in this form, you can send us your inquiry and get the quotation.\u00a0 After you have the quotation...\" \/>\n<meta property=\"og:url\" content=\"https:\/\/nitroerg.pl\/dodatek-nitron\/zloz-zamowienie\/\" \/>\n<meta property=\"og:site_name\" content=\"NITROERG\" \/>\n<meta property=\"article:modified_time\" content=\"2021-06-11T08:21:48+00:00\" \/>\n<meta name=\"twitter:card\" content=\"summary_large_image\" \/>\n<script type=\"application\/ld+json\" class=\"yoast-schema-graph\">{\"@context\":\"https:\/\/schema.org\",\"@graph\":[{\"@type\":\"WebPage\",\"@id\":\"https:\/\/nitroerg.pl\/dodatek-nitron\/zloz-zamowienie\/\",\"url\":\"https:\/\/nitroerg.pl\/dodatek-nitron\/zloz-zamowienie\/\",\"name\":\"Send an inquiry - NITROERG\",\"isPartOf\":{\"@id\":\"https:\/\/nitroerg.pl\/#website\"},\"datePublished\":\"2021-06-11T08:08:41+00:00\",\"dateModified\":\"2021-06-11T08:21:48+00:00\",\"breadcrumb\":{\"@id\":\"https:\/\/nitroerg.pl\/dodatek-nitron\/zloz-zamowienie\/#breadcrumb\"},\"inLanguage\":\"en-US\",\"potentialAction\":[{\"@type\":\"ReadAction\",\"target\":[\"https:\/\/nitroerg.pl\/dodatek-nitron\/zloz-zamowienie\/\"]}]},{\"@type\":\"BreadcrumbList\",\"@id\":\"https:\/\/nitroerg.pl\/dodatek-nitron\/zloz-zamowienie\/#breadcrumb\",\"itemListElement\":[{\"@type\":\"ListItem\",\"position\":1,\"name\":\"Home\",\"item\":\"https:\/\/nitroerg.pl\/en\/\"},{\"@type\":\"ListItem\",\"position\":2,\"name\":\"What is nitrON\",\"item\":\"https:\/\/nitroerg.pl\/en\/what-is-nitron\/\"},{\"@type\":\"ListItem\",\"position\":3,\"name\":\"Send an inquiry\"}]},{\"@type\":\"WebSite\",\"@id\":\"https:\/\/nitroerg.pl\/#website\",\"url\":\"https:\/\/nitroerg.pl\/\",\"name\":\"NITROERG\",\"description\":\"Najwi\u0119kszy w Polsce i jeden z najwi\u0119kszych w Europie producent materia\u0142\u00f3w wybuchowych\",\"potentialAction\":[{\"@type\":\"SearchAction\",\"target\":{\"@type\":\"EntryPoint\",\"urlTemplate\":\"https:\/\/nitroerg.pl\/?s={search_term_string}\"},\"query-input\":{\"@type\":\"PropertyValueSpecification\",\"valueRequired\":true,\"valueName\":\"search_term_string\"}}],\"inLanguage\":\"en-US\"}]}<\/script>\n<!-- \/ Yoast SEO plugin. -->","yoast_head_json":{"title":"Send an inquiry - NITROERG","robots":{"index":"index","follow":"follow","max-snippet":"max-snippet:-1","max-image-preview":"max-image-preview:large","max-video-preview":"max-video-preview:-1"},"canonical":"https:\/\/nitroerg.pl\/dodatek-nitron\/zloz-zamowienie\/","og_locale":"en_US","og_type":"article","og_title":"Send an inquiry - NITROERG","og_description":"By filling in this form, you can send us your inquiry and get the quotation.\u00a0 After you have the quotation...","og_url":"https:\/\/nitroerg.pl\/dodatek-nitron\/zloz-zamowienie\/","og_site_name":"NITROERG","article_modified_time":"2021-06-11T08:21:48+00:00","twitter_card":"summary_large_image","schema":{"@context":"https:\/\/schema.org","@graph":[{"@type":"WebPage","@id":"https:\/\/nitroerg.pl\/dodatek-nitron\/zloz-zamowienie\/","url":"https:\/\/nitroerg.pl\/dodatek-nitron\/zloz-zamowienie\/","name":"Send an inquiry - NITROERG","isPartOf":{"@id":"https:\/\/nitroerg.pl\/#website"},"datePublished":"2021-06-11T08:08:41+00:00","dateModified":"2021-06-11T08:21:48+00:00","breadcrumb":{"@id":"https:\/\/nitroerg.pl\/dodatek-nitron\/zloz-zamowienie\/#breadcrumb"},"inLanguage":"en-US","potentialAction":[{"@type":"ReadAction","target":["https:\/\/nitroerg.pl\/dodatek-nitron\/zloz-zamowienie\/"]}]},{"@type":"BreadcrumbList","@id":"https:\/\/nitroerg.pl\/dodatek-nitron\/zloz-zamowienie\/#breadcrumb","itemListElement":[{"@type":"ListItem","position":1,"name":"Home","item":"https:\/\/nitroerg.pl\/en\/"},{"@type":"ListItem","position":2,"name":"What is nitrON","item":"https:\/\/nitroerg.pl\/en\/what-is-nitron\/"},{"@type":"ListItem","position":3,"name":"Send an inquiry"}]},{"@type":"WebSite","@id":"https:\/\/nitroerg.pl\/#website","url":"https:\/\/nitroerg.pl\/","name":"NITROERG","description":"Najwi\u0119kszy w Polsce i jeden z najwi\u0119kszych w Europie producent materia\u0142\u00f3w wybuchowych","potentialAction":[{"@type":"SearchAction","target":{"@type":"EntryPoint","urlTemplate":"https:\/\/nitroerg.pl\/?s={search_term_string}"},"query-input":{"@type":"PropertyValueSpecification","valueRequired":true,"valueName":"search_term_string"}}],"inLanguage":"en-US"}]}},"_links":{"self":[{"href":"https:\/\/nitroerg.pl\/en\/wp-json\/wp\/v2\/pages\/9138","targetHints":{"allow":["GET"]}}],"collection":[{"href":"https:\/\/nitroerg.pl\/en\/wp-json\/wp\/v2\/pages"}],"about":[{"href":"https:\/\/nitroerg.pl\/en\/wp-json\/wp\/v2\/types\/page"}],"author":[{"embeddable":true,"href":"https:\/\/nitroerg.pl\/en\/wp-json\/wp\/v2\/users\/2"}],"replies":[{"embeddable":true,"href":"https:\/\/nitroerg.pl\/en\/wp-json\/wp\/v2\/comments?post=9138"}],"version-history":[{"count":2,"href":"https:\/\/nitroerg.pl\/en\/wp-json\/wp\/v2\/pages\/9138\/revisions"}],"predecessor-version":[{"id":9142,"href":"https:\/\/nitroerg.pl\/en\/wp-json\/wp\/v2\/pages\/9138\/revisions\/9142"}],"up":[{"embeddable":true,"href":"https:\/\/nitroerg.pl\/en\/wp-json\/wp\/v2\/pages\/8748"}],"wp:attachment":[{"href":"https:\/\/nitroerg.pl\/en\/wp-json\/wp\/v2\/media?parent=9138"}],"curies":[{"name":"wp","href":"https:\/\/api.w.org\/{rel}","templated":true}]}}