{"id":9132,"date":"2021-06-11T10:08:06","date_gmt":"2021-06-11T08:08:06","guid":{"rendered":"https:\/\/nitroerg.pl\/?page_id=9132"},"modified":"2021-10-05T14:24:06","modified_gmt":"2021-10-05T12:24:06","slug":"faq","status":"publish","type":"page","link":"https:\/\/nitroerg.pl\/en\/what-is-nitron\/faq\/","title":{"rendered":"FAQ"},"content":{"rendered":"<p>In this place you can find responses for most frequently asked questions of our clients. If you cannot find the answer to your question, send it to <a href=\"mailto:nitron@nitroerg.pl\">nitron@nitroerg.pl<\/a><\/p>\n<p>&nbsp;<\/p>\n<p style=\"text-align: justify;\"><span style=\"font-size: 14pt;\"><strong>For what engines the product is designed for?<\/strong><\/span><\/p>\n<p style=\"text-align: justify;\">nitrON is dedicated for compression ignition engines used in off-road vehicles. Efficiency and safety of nitrON additive was examined and confirmed by specialists from reputable scientific research institutes. The tests were carried out on PD1M CI engine of the SM48 locomotive, Caterpillar C27 engine of the 6Dg locomotive and diesel engine of the John Deere 6630 tractor under actual operating conditions.<\/p>\n<p>&nbsp;<\/p>\n<p style=\"text-align: justify;\"><span style=\"font-size: 14pt;\"><strong>What makes nitrON package unique?<\/strong><\/span><\/p>\n<p style=\"text-align: justify;\">The feature that distinguishes nitrON package from other additives for diesel fuel is its unique formula, which simultaneously allows to obtain a high cetane number of the fuel while keeping fuel oxidation stability on the excellent level.<\/p>\n<p>&nbsp;<\/p>\n<p style=\"text-align: justify;\"><span style=\"font-size: 14pt;\"><strong>How to dose nitrON?<\/strong><\/span><\/p>\n<p style=\"text-align: justify;\">It is recommended to dose 1 l of diesel fuel with 1.5 ml of the package.<\/p>\n<p>&nbsp;<\/p>\n<p style=\"text-align: justify;\"><span style=\"font-size: 14pt;\"><strong>How nitrON should be stored?<\/strong><\/span><\/p>\n<p style=\"text-align: justify;\">nitrON should be stored in original packaging in cool, dry and well-ventilated places, away from all potential sources of ignition and incompatible materials. The product should be stored in the temperature range of 15 \u00b0C \u00f7 25\u00b0C.<\/p>\n<p>&nbsp;<\/p>\n<p style=\"text-align: justify;\"><span style=\"font-size: 14pt;\"><strong>Is there any chance to test nitrON package before buying?<\/strong><\/span><\/p>\n<p style=\"text-align: justify;\">If you are interested in a sample and want to test the product, please send an email at <a href=\"mailto:nitron@nitroerg.pl\">nitron@nitroerg.pl <\/a><\/p>\n","protected":false},"excerpt":{"rendered":"<p>In this place you can find responses for most frequently asked questions of our clients. If you cannot find the<a class=\"more-link\" href=\"https:\/\/nitroerg.pl\/en\/what-is-nitron\/faq\/\">&#8230;<\/a><\/p>\n","protected":false},"author":2,"featured_media":0,"parent":8748,"menu_order":0,"comment_status":"closed","ping_status":"closed","template":"templates\/template-action.php","meta":{"_acf_changed":false,"footnotes":""},"class_list":["post-9132","page","type-page","status-publish","hentry"],"acf":[],"yoast_head":"<!-- This site is optimized with the Yoast SEO plugin v27.1.1 - https:\/\/yoast.com\/product\/yoast-seo-wordpress\/ -->\n<title>FAQ - NITROERG<\/title>\n<meta name=\"robots\" content=\"index, follow, max-snippet:-1, max-image-preview:large, max-video-preview:-1\" \/>\n<link rel=\"canonical\" href=\"https:\/\/nitroerg.pl\/dodatek-nitron\/faq\/\" \/>\n<meta property=\"og:locale\" content=\"en_US\" \/>\n<meta property=\"og:type\" content=\"article\" \/>\n<meta property=\"og:title\" content=\"FAQ - NITROERG\" \/>\n<meta property=\"og:description\" content=\"In this place you can find responses for most frequently asked questions of our clients. If you cannot find the...\" \/>\n<meta property=\"og:url\" content=\"https:\/\/nitroerg.pl\/dodatek-nitron\/faq\/\" \/>\n<meta property=\"og:site_name\" content=\"NITROERG\" \/>\n<meta property=\"article:modified_time\" content=\"2021-10-05T12:24:06+00:00\" \/>\n<meta name=\"twitter:card\" content=\"summary_large_image\" \/>\n<meta name=\"twitter:label1\" content=\"Est. reading time\" \/>\n\t<meta name=\"twitter:data1\" content=\"2 minutes\" \/>\n<script type=\"application\/ld+json\" class=\"yoast-schema-graph\">{\"@context\":\"https:\/\/schema.org\",\"@graph\":[{\"@type\":\"WebPage\",\"@id\":\"https:\/\/nitroerg.pl\/dodatek-nitron\/faq\/\",\"url\":\"https:\/\/nitroerg.pl\/dodatek-nitron\/faq\/\",\"name\":\"FAQ - NITROERG\",\"isPartOf\":{\"@id\":\"https:\/\/nitroerg.pl\/#website\"},\"datePublished\":\"2021-06-11T08:08:06+00:00\",\"dateModified\":\"2021-10-05T12:24:06+00:00\",\"breadcrumb\":{\"@id\":\"https:\/\/nitroerg.pl\/dodatek-nitron\/faq\/#breadcrumb\"},\"inLanguage\":\"en-US\",\"potentialAction\":[{\"@type\":\"ReadAction\",\"target\":[\"https:\/\/nitroerg.pl\/dodatek-nitron\/faq\/\"]}]},{\"@type\":\"BreadcrumbList\",\"@id\":\"https:\/\/nitroerg.pl\/dodatek-nitron\/faq\/#breadcrumb\",\"itemListElement\":[{\"@type\":\"ListItem\",\"position\":1,\"name\":\"Home\",\"item\":\"https:\/\/nitroerg.pl\/en\/\"},{\"@type\":\"ListItem\",\"position\":2,\"name\":\"What is nitrON\",\"item\":\"https:\/\/nitroerg.pl\/en\/what-is-nitron\/\"},{\"@type\":\"ListItem\",\"position\":3,\"name\":\"FAQ\"}]},{\"@type\":\"WebSite\",\"@id\":\"https:\/\/nitroerg.pl\/#website\",\"url\":\"https:\/\/nitroerg.pl\/\",\"name\":\"NITROERG\",\"description\":\"Najwi\u0119kszy w Polsce i jeden z najwi\u0119kszych w Europie producent materia\u0142\u00f3w wybuchowych\",\"potentialAction\":[{\"@type\":\"SearchAction\",\"target\":{\"@type\":\"EntryPoint\",\"urlTemplate\":\"https:\/\/nitroerg.pl\/?s={search_term_string}\"},\"query-input\":{\"@type\":\"PropertyValueSpecification\",\"valueRequired\":true,\"valueName\":\"search_term_string\"}}],\"inLanguage\":\"en-US\"}]}<\/script>\n<!-- \/ Yoast SEO plugin. -->","yoast_head_json":{"title":"FAQ - NITROERG","robots":{"index":"index","follow":"follow","max-snippet":"max-snippet:-1","max-image-preview":"max-image-preview:large","max-video-preview":"max-video-preview:-1"},"canonical":"https:\/\/nitroerg.pl\/dodatek-nitron\/faq\/","og_locale":"en_US","og_type":"article","og_title":"FAQ - NITROERG","og_description":"In this place you can find responses for most frequently asked questions of our clients. If you cannot find the...","og_url":"https:\/\/nitroerg.pl\/dodatek-nitron\/faq\/","og_site_name":"NITROERG","article_modified_time":"2021-10-05T12:24:06+00:00","twitter_card":"summary_large_image","twitter_misc":{"Est. reading time":"2 minutes"},"schema":{"@context":"https:\/\/schema.org","@graph":[{"@type":"WebPage","@id":"https:\/\/nitroerg.pl\/dodatek-nitron\/faq\/","url":"https:\/\/nitroerg.pl\/dodatek-nitron\/faq\/","name":"FAQ - NITROERG","isPartOf":{"@id":"https:\/\/nitroerg.pl\/#website"},"datePublished":"2021-06-11T08:08:06+00:00","dateModified":"2021-10-05T12:24:06+00:00","breadcrumb":{"@id":"https:\/\/nitroerg.pl\/dodatek-nitron\/faq\/#breadcrumb"},"inLanguage":"en-US","potentialAction":[{"@type":"ReadAction","target":["https:\/\/nitroerg.pl\/dodatek-nitron\/faq\/"]}]},{"@type":"BreadcrumbList","@id":"https:\/\/nitroerg.pl\/dodatek-nitron\/faq\/#breadcrumb","itemListElement":[{"@type":"ListItem","position":1,"name":"Home","item":"https:\/\/nitroerg.pl\/en\/"},{"@type":"ListItem","position":2,"name":"What is nitrON","item":"https:\/\/nitroerg.pl\/en\/what-is-nitron\/"},{"@type":"ListItem","position":3,"name":"FAQ"}]},{"@type":"WebSite","@id":"https:\/\/nitroerg.pl\/#website","url":"https:\/\/nitroerg.pl\/","name":"NITROERG","description":"Najwi\u0119kszy w Polsce i jeden z najwi\u0119kszych w Europie producent materia\u0142\u00f3w wybuchowych","potentialAction":[{"@type":"SearchAction","target":{"@type":"EntryPoint","urlTemplate":"https:\/\/nitroerg.pl\/?s={search_term_string}"},"query-input":{"@type":"PropertyValueSpecification","valueRequired":true,"valueName":"search_term_string"}}],"inLanguage":"en-US"}]}},"_links":{"self":[{"href":"https:\/\/nitroerg.pl\/en\/wp-json\/wp\/v2\/pages\/9132","targetHints":{"allow":["GET"]}}],"collection":[{"href":"https:\/\/nitroerg.pl\/en\/wp-json\/wp\/v2\/pages"}],"about":[{"href":"https:\/\/nitroerg.pl\/en\/wp-json\/wp\/v2\/types\/page"}],"author":[{"embeddable":true,"href":"https:\/\/nitroerg.pl\/en\/wp-json\/wp\/v2\/users\/2"}],"replies":[{"embeddable":true,"href":"https:\/\/nitroerg.pl\/en\/wp-json\/wp\/v2\/comments?post=9132"}],"version-history":[{"count":5,"href":"https:\/\/nitroerg.pl\/en\/wp-json\/wp\/v2\/pages\/9132\/revisions"}],"predecessor-version":[{"id":9763,"href":"https:\/\/nitroerg.pl\/en\/wp-json\/wp\/v2\/pages\/9132\/revisions\/9763"}],"up":[{"embeddable":true,"href":"https:\/\/nitroerg.pl\/en\/wp-json\/wp\/v2\/pages\/8748"}],"wp:attachment":[{"href":"https:\/\/nitroerg.pl\/en\/wp-json\/wp\/v2\/media?parent=9132"}],"curies":[{"name":"wp","href":"https:\/\/api.w.org\/{rel}","templated":true}]}}