{"id":9130,"date":"2021-06-11T10:06:05","date_gmt":"2021-06-11T08:06:05","guid":{"rendered":"https:\/\/nitroerg.pl\/?page_id=9130"},"modified":"2021-06-11T10:20:59","modified_gmt":"2021-06-11T08:20:59","slug":"product-designation","status":"publish","type":"page","link":"https:\/\/nitroerg.pl\/en\/what-is-nitron\/product-designation\/","title":{"rendered":"Product designation"},"content":{"rendered":"<p>Advanced technological parameters of the nitrON additive package meets requirements of the clients from various sectors of economy, where off-road machines with diesel engines are used. nitrON is the newest generation additive, dedicated for clients representing such branches as:<\/p>\n<p>&nbsp;<\/p>\n<h2 style=\"text-align: center;\">Railway cargo transport<\/h2>\n<p><img loading=\"lazy\" decoding=\"async\" class=\"wp-image-9068 aligncenter size-full\" style=\"margin: 0 auto; display: block; max-width: 100%; object-fit: contain;\" src=\"https:\/\/nitroerg.pl\/wp-content\/uploads\/2021\/05\/aDepositphotos_8293524_xl-2015.jpg\" alt=\"\" width=\"400\" height=\"267\" srcset=\"https:\/\/nitroerg.pl\/wp-content\/uploads\/2021\/05\/aDepositphotos_8293524_xl-2015.jpg 400w, https:\/\/nitroerg.pl\/wp-content\/uploads\/2021\/05\/aDepositphotos_8293524_xl-2015-300x200.jpg 300w\" sizes=\"auto, (max-width: 400px) 100vw, 400px\" \/><\/p>\n<h2 style=\"text-align: center;\">Mining<\/h2>\n<p><img loading=\"lazy\" decoding=\"async\" class=\"wp-image-8853 aligncenter\" style=\"margin: 0 auto; display: block; max-width: 100%; object-fit: contain;\" src=\"https:\/\/nitroerg.pl\/wp-content\/uploads\/2021\/03\/Depositphotos_12727810_xl-2015-1.jpg\" alt=\"\" width=\"400\" height=\"266\" srcset=\"https:\/\/nitroerg.pl\/wp-content\/uploads\/2021\/03\/Depositphotos_12727810_xl-2015-1.jpg 1024w, https:\/\/nitroerg.pl\/wp-content\/uploads\/2021\/03\/Depositphotos_12727810_xl-2015-1-300x200.jpg 300w, https:\/\/nitroerg.pl\/wp-content\/uploads\/2021\/03\/Depositphotos_12727810_xl-2015-1-768x511.jpg 768w, https:\/\/nitroerg.pl\/wp-content\/uploads\/2021\/03\/Depositphotos_12727810_xl-2015-1-440x293.jpg 440w\" sizes=\"auto, (max-width: 400px) 100vw, 400px\" \/><\/p>\n<h2 style=\"text-align: center;\">Agriculture<\/h2>\n<p><img loading=\"lazy\" decoding=\"async\" class=\"wp-image-8849 aligncenter\" style=\"margin: 0 auto; display: block; max-width: 100%; object-fit: contain;\" src=\"https:\/\/nitroerg.pl\/wp-content\/uploads\/2021\/03\/04e1aff4-0a85-43dd-9259-a8bd881412d4-1-1.jpg\" alt=\"\" width=\"400\" height=\"266\" srcset=\"https:\/\/nitroerg.pl\/wp-content\/uploads\/2021\/03\/04e1aff4-0a85-43dd-9259-a8bd881412d4-1-1.jpg 1024w, https:\/\/nitroerg.pl\/wp-content\/uploads\/2021\/03\/04e1aff4-0a85-43dd-9259-a8bd881412d4-1-1-300x200.jpg 300w, https:\/\/nitroerg.pl\/wp-content\/uploads\/2021\/03\/04e1aff4-0a85-43dd-9259-a8bd881412d4-1-1-768x512.jpg 768w, https:\/\/nitroerg.pl\/wp-content\/uploads\/2021\/03\/04e1aff4-0a85-43dd-9259-a8bd881412d4-1-1-440x293.jpg 440w\" sizes=\"auto, (max-width: 400px) 100vw, 400px\" \/><\/p>\n","protected":false},"excerpt":{"rendered":"<p>Advanced technological parameters of the nitrON additive package meets requirements of the clients from various sectors of economy, where off-road<a class=\"more-link\" href=\"https:\/\/nitroerg.pl\/en\/what-is-nitron\/product-designation\/\">&#8230;<\/a><\/p>\n","protected":false},"author":2,"featured_media":0,"parent":8748,"menu_order":0,"comment_status":"closed","ping_status":"closed","template":"templates\/template-action.php","meta":{"_acf_changed":false,"footnotes":""},"class_list":["post-9130","page","type-page","status-publish","hentry"],"acf":[],"yoast_head":"<!-- This site is optimized with the Yoast SEO plugin v27.1.1 - https:\/\/yoast.com\/product\/yoast-seo-wordpress\/ -->\n<title>Product designation - NITROERG<\/title>\n<meta name=\"robots\" content=\"index, follow, max-snippet:-1, max-image-preview:large, max-video-preview:-1\" \/>\n<link rel=\"canonical\" href=\"https:\/\/nitroerg.pl\/dodatek-nitron\/przeznaczenie\/\" \/>\n<meta property=\"og:locale\" content=\"en_US\" \/>\n<meta property=\"og:type\" content=\"article\" \/>\n<meta property=\"og:title\" content=\"Product designation - NITROERG\" \/>\n<meta property=\"og:description\" content=\"Advanced technological parameters of the nitrON additive package meets requirements of the clients from various sectors of economy, where off-road...\" \/>\n<meta property=\"og:url\" content=\"https:\/\/nitroerg.pl\/dodatek-nitron\/przeznaczenie\/\" \/>\n<meta property=\"og:site_name\" content=\"NITROERG\" \/>\n<meta property=\"article:modified_time\" content=\"2021-06-11T08:20:59+00:00\" \/>\n<meta property=\"og:image\" content=\"https:\/\/nitroerg.pl\/wp-content\/uploads\/2021\/05\/aDepositphotos_8293524_xl-2015.jpg\" \/>\n<meta name=\"twitter:card\" content=\"summary_large_image\" \/>\n<script type=\"application\/ld+json\" class=\"yoast-schema-graph\">{\"@context\":\"https:\/\/schema.org\",\"@graph\":[{\"@type\":\"WebPage\",\"@id\":\"https:\/\/nitroerg.pl\/dodatek-nitron\/przeznaczenie\/\",\"url\":\"https:\/\/nitroerg.pl\/dodatek-nitron\/przeznaczenie\/\",\"name\":\"Product designation - NITROERG\",\"isPartOf\":{\"@id\":\"https:\/\/nitroerg.pl\/#website\"},\"primaryImageOfPage\":{\"@id\":\"https:\/\/nitroerg.pl\/dodatek-nitron\/przeznaczenie\/#primaryimage\"},\"image\":{\"@id\":\"https:\/\/nitroerg.pl\/dodatek-nitron\/przeznaczenie\/#primaryimage\"},\"thumbnailUrl\":\"https:\/\/nitroerg.pl\/wp-content\/uploads\/2021\/05\/aDepositphotos_8293524_xl-2015.jpg\",\"datePublished\":\"2021-06-11T08:06:05+00:00\",\"dateModified\":\"2021-06-11T08:20:59+00:00\",\"breadcrumb\":{\"@id\":\"https:\/\/nitroerg.pl\/dodatek-nitron\/przeznaczenie\/#breadcrumb\"},\"inLanguage\":\"en-US\",\"potentialAction\":[{\"@type\":\"ReadAction\",\"target\":[\"https:\/\/nitroerg.pl\/dodatek-nitron\/przeznaczenie\/\"]}]},{\"@type\":\"ImageObject\",\"inLanguage\":\"en-US\",\"@id\":\"https:\/\/nitroerg.pl\/dodatek-nitron\/przeznaczenie\/#primaryimage\",\"url\":\"https:\/\/nitroerg.pl\/wp-content\/uploads\/2021\/05\/aDepositphotos_8293524_xl-2015.jpg\",\"contentUrl\":\"https:\/\/nitroerg.pl\/wp-content\/uploads\/2021\/05\/aDepositphotos_8293524_xl-2015.jpg\"},{\"@type\":\"BreadcrumbList\",\"@id\":\"https:\/\/nitroerg.pl\/dodatek-nitron\/przeznaczenie\/#breadcrumb\",\"itemListElement\":[{\"@type\":\"ListItem\",\"position\":1,\"name\":\"Home\",\"item\":\"https:\/\/nitroerg.pl\/en\/\"},{\"@type\":\"ListItem\",\"position\":2,\"name\":\"What is nitrON\",\"item\":\"https:\/\/nitroerg.pl\/en\/what-is-nitron\/\"},{\"@type\":\"ListItem\",\"position\":3,\"name\":\"Product designation\"}]},{\"@type\":\"WebSite\",\"@id\":\"https:\/\/nitroerg.pl\/#website\",\"url\":\"https:\/\/nitroerg.pl\/\",\"name\":\"NITROERG\",\"description\":\"Najwi\u0119kszy w Polsce i jeden z najwi\u0119kszych w Europie producent materia\u0142\u00f3w wybuchowych\",\"potentialAction\":[{\"@type\":\"SearchAction\",\"target\":{\"@type\":\"EntryPoint\",\"urlTemplate\":\"https:\/\/nitroerg.pl\/?s={search_term_string}\"},\"query-input\":{\"@type\":\"PropertyValueSpecification\",\"valueRequired\":true,\"valueName\":\"search_term_string\"}}],\"inLanguage\":\"en-US\"}]}<\/script>\n<!-- \/ Yoast SEO plugin. -->","yoast_head_json":{"title":"Product designation - NITROERG","robots":{"index":"index","follow":"follow","max-snippet":"max-snippet:-1","max-image-preview":"max-image-preview:large","max-video-preview":"max-video-preview:-1"},"canonical":"https:\/\/nitroerg.pl\/dodatek-nitron\/przeznaczenie\/","og_locale":"en_US","og_type":"article","og_title":"Product designation - NITROERG","og_description":"Advanced technological parameters of the nitrON additive package meets requirements of the clients from various sectors of economy, where off-road...","og_url":"https:\/\/nitroerg.pl\/dodatek-nitron\/przeznaczenie\/","og_site_name":"NITROERG","article_modified_time":"2021-06-11T08:20:59+00:00","og_image":[{"url":"https:\/\/nitroerg.pl\/wp-content\/uploads\/2021\/05\/aDepositphotos_8293524_xl-2015.jpg","type":"","width":"","height":""}],"twitter_card":"summary_large_image","schema":{"@context":"https:\/\/schema.org","@graph":[{"@type":"WebPage","@id":"https:\/\/nitroerg.pl\/dodatek-nitron\/przeznaczenie\/","url":"https:\/\/nitroerg.pl\/dodatek-nitron\/przeznaczenie\/","name":"Product designation - NITROERG","isPartOf":{"@id":"https:\/\/nitroerg.pl\/#website"},"primaryImageOfPage":{"@id":"https:\/\/nitroerg.pl\/dodatek-nitron\/przeznaczenie\/#primaryimage"},"image":{"@id":"https:\/\/nitroerg.pl\/dodatek-nitron\/przeznaczenie\/#primaryimage"},"thumbnailUrl":"https:\/\/nitroerg.pl\/wp-content\/uploads\/2021\/05\/aDepositphotos_8293524_xl-2015.jpg","datePublished":"2021-06-11T08:06:05+00:00","dateModified":"2021-06-11T08:20:59+00:00","breadcrumb":{"@id":"https:\/\/nitroerg.pl\/dodatek-nitron\/przeznaczenie\/#breadcrumb"},"inLanguage":"en-US","potentialAction":[{"@type":"ReadAction","target":["https:\/\/nitroerg.pl\/dodatek-nitron\/przeznaczenie\/"]}]},{"@type":"ImageObject","inLanguage":"en-US","@id":"https:\/\/nitroerg.pl\/dodatek-nitron\/przeznaczenie\/#primaryimage","url":"https:\/\/nitroerg.pl\/wp-content\/uploads\/2021\/05\/aDepositphotos_8293524_xl-2015.jpg","contentUrl":"https:\/\/nitroerg.pl\/wp-content\/uploads\/2021\/05\/aDepositphotos_8293524_xl-2015.jpg"},{"@type":"BreadcrumbList","@id":"https:\/\/nitroerg.pl\/dodatek-nitron\/przeznaczenie\/#breadcrumb","itemListElement":[{"@type":"ListItem","position":1,"name":"Home","item":"https:\/\/nitroerg.pl\/en\/"},{"@type":"ListItem","position":2,"name":"What is nitrON","item":"https:\/\/nitroerg.pl\/en\/what-is-nitron\/"},{"@type":"ListItem","position":3,"name":"Product designation"}]},{"@type":"WebSite","@id":"https:\/\/nitroerg.pl\/#website","url":"https:\/\/nitroerg.pl\/","name":"NITROERG","description":"Najwi\u0119kszy w Polsce i jeden z najwi\u0119kszych w Europie producent materia\u0142\u00f3w wybuchowych","potentialAction":[{"@type":"SearchAction","target":{"@type":"EntryPoint","urlTemplate":"https:\/\/nitroerg.pl\/?s={search_term_string}"},"query-input":{"@type":"PropertyValueSpecification","valueRequired":true,"valueName":"search_term_string"}}],"inLanguage":"en-US"}]}},"_links":{"self":[{"href":"https:\/\/nitroerg.pl\/en\/wp-json\/wp\/v2\/pages\/9130","targetHints":{"allow":["GET"]}}],"collection":[{"href":"https:\/\/nitroerg.pl\/en\/wp-json\/wp\/v2\/pages"}],"about":[{"href":"https:\/\/nitroerg.pl\/en\/wp-json\/wp\/v2\/types\/page"}],"author":[{"embeddable":true,"href":"https:\/\/nitroerg.pl\/en\/wp-json\/wp\/v2\/users\/2"}],"replies":[{"embeddable":true,"href":"https:\/\/nitroerg.pl\/en\/wp-json\/wp\/v2\/comments?post=9130"}],"version-history":[{"count":1,"href":"https:\/\/nitroerg.pl\/en\/wp-json\/wp\/v2\/pages\/9130\/revisions"}],"predecessor-version":[{"id":9131,"href":"https:\/\/nitroerg.pl\/en\/wp-json\/wp\/v2\/pages\/9130\/revisions\/9131"}],"up":[{"embeddable":true,"href":"https:\/\/nitroerg.pl\/en\/wp-json\/wp\/v2\/pages\/8748"}],"wp:attachment":[{"href":"https:\/\/nitroerg.pl\/en\/wp-json\/wp\/v2\/media?parent=9130"}],"curies":[{"name":"wp","href":"https:\/\/api.w.org\/{rel}","templated":true}]}}