{"id":9112,"date":"2021-06-11T09:53:33","date_gmt":"2021-06-11T07:53:33","guid":{"rendered":"https:\/\/nitroerg.pl\/?page_id=9112"},"modified":"2021-06-30T08:28:16","modified_gmt":"2021-06-30T06:28:16","slug":"benefits","status":"publish","type":"page","link":"https:\/\/nitroerg.pl\/en\/what-is-nitron\/benefits\/","title":{"rendered":"Benefits"},"content":{"rendered":"<p style=\"text-align: justify;\">nitrON is completely safe for the engine and impacts the dynamics of the fuel combustion process in a comprehensive manner, by:<\/p>\n<p style=\"text-align: justify;\">\u25b8 improving the ignition properties of fuel,<br \/>\n\u25b8 improving start of the engine regardless of the ambient temperature,<br \/>\n\u25b8 increasing the efficiency of the combustion process,<br \/>\n\u25b8 increasing the service life of engine and fuel system components,<br \/>\n\u25b8 preventing nozzle coking,<br \/>\n\u25b8 preventing corrosion,<br \/>\n\u25b8 reducing the noise generated by the engine.<\/p>\n<p style=\"text-align: justify;\">Fuels enriched with nitrON additive meet the stringent requirements for diesel fuels of categories 4 and 5 according to WWFC (Worldwide Fuel Charter) and gain an outstanding oxidation stability. Using nitrON multifunctional additive means, up to:<\/p>\n<p><img loading=\"lazy\" decoding=\"async\" class=\"aligncenter wp-image-9209 size-full\" style=\"max-width: 100%; height: auto;\" src=\"https:\/\/nitroerg.pl\/wp-content\/uploads\/2021\/06\/2-1.png\" alt=\"\" width=\"805\" height=\"291\" srcset=\"https:\/\/nitroerg.pl\/wp-content\/uploads\/2021\/06\/2-1.png 805w, https:\/\/nitroerg.pl\/wp-content\/uploads\/2021\/06\/2-1-300x108.png 300w, https:\/\/nitroerg.pl\/wp-content\/uploads\/2021\/06\/2-1-768x278.png 768w, https:\/\/nitroerg.pl\/wp-content\/uploads\/2021\/06\/2-1-440x159.png 440w\" sizes=\"auto, (max-width: 805px) 100vw, 805px\" \/><\/p>\n<ol style=\"font-size: 12px;\">\n<li style=\"text-align: justify;\">compared to the fuel without the addition of the nitrON package &#8211; according to the results of research carried out by the team of the Institute of Motor Vehicles and Internal Combustion Engines of the Cracow University of Technology on the PD1M CI engine of the SM48 locomotive;<\/li>\n<li style=\"text-align: justify;\">compared to the fuel without the addition of the nitrON package &#8211; according to the results of research carried out by the team of the Institute of Motor Vehicles and Internal Combustion Engines of the Cracow University of Technology on the PD1M CI engine of the SM48 locomotive;<\/li>\n<li style=\"text-align: justify;\">compared to the fuel without the addition of the nitrON package &#8211; according to the results of research carried out by the team of the Institute of Combustion Engines and Transport of the Pozna\u0144 University of Technology on the CI engine of the John Deere 6630 tractor under actual operating conditions;<\/li>\n<li style=\"text-align: justify;\">compared to fuel without the addition of the nitrON package &#8211; according to the results of research carried out by the specialist from the Institute of Motor Vehicles and Internal Combustion Engines of the Cracow University of Technology on the Caterpillar C27 engine of the 6Dg locomotive;<\/li>\n<li style=\"text-align: justify;\">compared to the fuel without the addition of the nitrON package &#8211; according to the results of the research carried out by the team of the Institute of Internal Combustion Engines and Transport of the Pozna\u0144 University of Technology on the diesel engine of the John Deere 6630 tractor under actual operating conditions;<\/li>\n<li style=\"text-align: justify;\">compared to the fuel without the nitrON additive &#8211; according to the results of research carried out by the team of the Institute of Internal Combustion Engines and Transport of the Pozna\u0144 University of Technology on the diesel engine of the John Deere 6630 tractor under actual operating conditions.<\/li>\n<\/ol>\n","protected":false},"excerpt":{"rendered":"<p>nitrON is completely safe for the engine and impacts the dynamics of the fuel combustion process in a comprehensive manner,<a class=\"more-link\" href=\"https:\/\/nitroerg.pl\/en\/what-is-nitron\/benefits\/\">&#8230;<\/a><\/p>\n","protected":false},"author":2,"featured_media":0,"parent":8748,"menu_order":0,"comment_status":"closed","ping_status":"closed","template":"templates\/template-action.php","meta":{"_acf_changed":false,"footnotes":""},"class_list":["post-9112","page","type-page","status-publish","hentry"],"acf":[],"yoast_head":"<!-- This site is optimized with the Yoast SEO plugin v27.1.1 - https:\/\/yoast.com\/product\/yoast-seo-wordpress\/ -->\n<title>Benefits - NITROERG<\/title>\n<meta name=\"robots\" content=\"index, follow, max-snippet:-1, max-image-preview:large, max-video-preview:-1\" \/>\n<link rel=\"canonical\" href=\"https:\/\/nitroerg.pl\/dodatek-nitron\/korzysci-i-oszczednosci\/\" \/>\n<meta property=\"og:locale\" content=\"en_US\" \/>\n<meta property=\"og:type\" content=\"article\" \/>\n<meta property=\"og:title\" content=\"Benefits - NITROERG\" \/>\n<meta property=\"og:description\" content=\"nitrON is completely safe for the engine and impacts the dynamics of the fuel combustion process in a comprehensive manner,...\" \/>\n<meta property=\"og:url\" content=\"https:\/\/nitroerg.pl\/dodatek-nitron\/korzysci-i-oszczednosci\/\" \/>\n<meta property=\"og:site_name\" content=\"NITROERG\" \/>\n<meta property=\"article:modified_time\" content=\"2021-06-30T06:28:16+00:00\" \/>\n<meta property=\"og:image\" content=\"https:\/\/nitroerg.pl\/wp-content\/uploads\/2021\/06\/2-1.png\" \/>\n<meta name=\"twitter:card\" content=\"summary_large_image\" \/>\n<meta name=\"twitter:label1\" content=\"Est. reading time\" \/>\n\t<meta name=\"twitter:data1\" content=\"2 minutes\" \/>\n<script type=\"application\/ld+json\" class=\"yoast-schema-graph\">{\"@context\":\"https:\/\/schema.org\",\"@graph\":[{\"@type\":\"WebPage\",\"@id\":\"https:\/\/nitroerg.pl\/dodatek-nitron\/korzysci-i-oszczednosci\/\",\"url\":\"https:\/\/nitroerg.pl\/dodatek-nitron\/korzysci-i-oszczednosci\/\",\"name\":\"Benefits - NITROERG\",\"isPartOf\":{\"@id\":\"https:\/\/nitroerg.pl\/#website\"},\"primaryImageOfPage\":{\"@id\":\"https:\/\/nitroerg.pl\/dodatek-nitron\/korzysci-i-oszczednosci\/#primaryimage\"},\"image\":{\"@id\":\"https:\/\/nitroerg.pl\/dodatek-nitron\/korzysci-i-oszczednosci\/#primaryimage\"},\"thumbnailUrl\":\"https:\/\/nitroerg.pl\/wp-content\/uploads\/2021\/06\/2-1.png\",\"datePublished\":\"2021-06-11T07:53:33+00:00\",\"dateModified\":\"2021-06-30T06:28:16+00:00\",\"breadcrumb\":{\"@id\":\"https:\/\/nitroerg.pl\/dodatek-nitron\/korzysci-i-oszczednosci\/#breadcrumb\"},\"inLanguage\":\"en-US\",\"potentialAction\":[{\"@type\":\"ReadAction\",\"target\":[\"https:\/\/nitroerg.pl\/dodatek-nitron\/korzysci-i-oszczednosci\/\"]}]},{\"@type\":\"ImageObject\",\"inLanguage\":\"en-US\",\"@id\":\"https:\/\/nitroerg.pl\/dodatek-nitron\/korzysci-i-oszczednosci\/#primaryimage\",\"url\":\"https:\/\/nitroerg.pl\/wp-content\/uploads\/2021\/06\/2-1.png\",\"contentUrl\":\"https:\/\/nitroerg.pl\/wp-content\/uploads\/2021\/06\/2-1.png\"},{\"@type\":\"BreadcrumbList\",\"@id\":\"https:\/\/nitroerg.pl\/dodatek-nitron\/korzysci-i-oszczednosci\/#breadcrumb\",\"itemListElement\":[{\"@type\":\"ListItem\",\"position\":1,\"name\":\"Home\",\"item\":\"https:\/\/nitroerg.pl\/en\/\"},{\"@type\":\"ListItem\",\"position\":2,\"name\":\"What is nitrON\",\"item\":\"https:\/\/nitroerg.pl\/en\/what-is-nitron\/\"},{\"@type\":\"ListItem\",\"position\":3,\"name\":\"Benefits\"}]},{\"@type\":\"WebSite\",\"@id\":\"https:\/\/nitroerg.pl\/#website\",\"url\":\"https:\/\/nitroerg.pl\/\",\"name\":\"NITROERG\",\"description\":\"Najwi\u0119kszy w Polsce i jeden z najwi\u0119kszych w Europie producent materia\u0142\u00f3w wybuchowych\",\"potentialAction\":[{\"@type\":\"SearchAction\",\"target\":{\"@type\":\"EntryPoint\",\"urlTemplate\":\"https:\/\/nitroerg.pl\/?s={search_term_string}\"},\"query-input\":{\"@type\":\"PropertyValueSpecification\",\"valueRequired\":true,\"valueName\":\"search_term_string\"}}],\"inLanguage\":\"en-US\"}]}<\/script>\n<!-- \/ Yoast SEO plugin. -->","yoast_head_json":{"title":"Benefits - NITROERG","robots":{"index":"index","follow":"follow","max-snippet":"max-snippet:-1","max-image-preview":"max-image-preview:large","max-video-preview":"max-video-preview:-1"},"canonical":"https:\/\/nitroerg.pl\/dodatek-nitron\/korzysci-i-oszczednosci\/","og_locale":"en_US","og_type":"article","og_title":"Benefits - NITROERG","og_description":"nitrON is completely safe for the engine and impacts the dynamics of the fuel combustion process in a comprehensive manner,...","og_url":"https:\/\/nitroerg.pl\/dodatek-nitron\/korzysci-i-oszczednosci\/","og_site_name":"NITROERG","article_modified_time":"2021-06-30T06:28:16+00:00","og_image":[{"url":"https:\/\/nitroerg.pl\/wp-content\/uploads\/2021\/06\/2-1.png","type":"","width":"","height":""}],"twitter_card":"summary_large_image","twitter_misc":{"Est. reading time":"2 minutes"},"schema":{"@context":"https:\/\/schema.org","@graph":[{"@type":"WebPage","@id":"https:\/\/nitroerg.pl\/dodatek-nitron\/korzysci-i-oszczednosci\/","url":"https:\/\/nitroerg.pl\/dodatek-nitron\/korzysci-i-oszczednosci\/","name":"Benefits - NITROERG","isPartOf":{"@id":"https:\/\/nitroerg.pl\/#website"},"primaryImageOfPage":{"@id":"https:\/\/nitroerg.pl\/dodatek-nitron\/korzysci-i-oszczednosci\/#primaryimage"},"image":{"@id":"https:\/\/nitroerg.pl\/dodatek-nitron\/korzysci-i-oszczednosci\/#primaryimage"},"thumbnailUrl":"https:\/\/nitroerg.pl\/wp-content\/uploads\/2021\/06\/2-1.png","datePublished":"2021-06-11T07:53:33+00:00","dateModified":"2021-06-30T06:28:16+00:00","breadcrumb":{"@id":"https:\/\/nitroerg.pl\/dodatek-nitron\/korzysci-i-oszczednosci\/#breadcrumb"},"inLanguage":"en-US","potentialAction":[{"@type":"ReadAction","target":["https:\/\/nitroerg.pl\/dodatek-nitron\/korzysci-i-oszczednosci\/"]}]},{"@type":"ImageObject","inLanguage":"en-US","@id":"https:\/\/nitroerg.pl\/dodatek-nitron\/korzysci-i-oszczednosci\/#primaryimage","url":"https:\/\/nitroerg.pl\/wp-content\/uploads\/2021\/06\/2-1.png","contentUrl":"https:\/\/nitroerg.pl\/wp-content\/uploads\/2021\/06\/2-1.png"},{"@type":"BreadcrumbList","@id":"https:\/\/nitroerg.pl\/dodatek-nitron\/korzysci-i-oszczednosci\/#breadcrumb","itemListElement":[{"@type":"ListItem","position":1,"name":"Home","item":"https:\/\/nitroerg.pl\/en\/"},{"@type":"ListItem","position":2,"name":"What is nitrON","item":"https:\/\/nitroerg.pl\/en\/what-is-nitron\/"},{"@type":"ListItem","position":3,"name":"Benefits"}]},{"@type":"WebSite","@id":"https:\/\/nitroerg.pl\/#website","url":"https:\/\/nitroerg.pl\/","name":"NITROERG","description":"Najwi\u0119kszy w Polsce i jeden z najwi\u0119kszych w Europie producent materia\u0142\u00f3w wybuchowych","potentialAction":[{"@type":"SearchAction","target":{"@type":"EntryPoint","urlTemplate":"https:\/\/nitroerg.pl\/?s={search_term_string}"},"query-input":{"@type":"PropertyValueSpecification","valueRequired":true,"valueName":"search_term_string"}}],"inLanguage":"en-US"}]}},"_links":{"self":[{"href":"https:\/\/nitroerg.pl\/en\/wp-json\/wp\/v2\/pages\/9112","targetHints":{"allow":["GET"]}}],"collection":[{"href":"https:\/\/nitroerg.pl\/en\/wp-json\/wp\/v2\/pages"}],"about":[{"href":"https:\/\/nitroerg.pl\/en\/wp-json\/wp\/v2\/types\/page"}],"author":[{"embeddable":true,"href":"https:\/\/nitroerg.pl\/en\/wp-json\/wp\/v2\/users\/2"}],"replies":[{"embeddable":true,"href":"https:\/\/nitroerg.pl\/en\/wp-json\/wp\/v2\/comments?post=9112"}],"version-history":[{"count":8,"href":"https:\/\/nitroerg.pl\/en\/wp-json\/wp\/v2\/pages\/9112\/revisions"}],"predecessor-version":[{"id":9281,"href":"https:\/\/nitroerg.pl\/en\/wp-json\/wp\/v2\/pages\/9112\/revisions\/9281"}],"up":[{"embeddable":true,"href":"https:\/\/nitroerg.pl\/en\/wp-json\/wp\/v2\/pages\/8748"}],"wp:attachment":[{"href":"https:\/\/nitroerg.pl\/en\/wp-json\/wp\/v2\/media?parent=9112"}],"curies":[{"name":"wp","href":"https:\/\/api.w.org\/{rel}","templated":true}]}}