{"id":8816,"date":"2021-06-14T08:46:57","date_gmt":"2021-06-14T06:46:57","guid":{"rendered":"https:\/\/nitroerg.pl\/?page_id=8816"},"modified":"2025-04-02T13:59:06","modified_gmt":"2025-04-02T11:59:06","slug":"additives-for-diesel-fuels","status":"publish","type":"page","link":"https:\/\/nitroerg.pl\/en\/additives-for-diesel-fuels\/","title":{"rendered":"Additives for diesel fuels"},"content":{"rendered":"<h1 class=\"card__title mt-0\">Diesel fuel additive<\/h1>\n<div class=\"card__desc\">\n<p>NITROCET 50\u00ae<\/p>\n<p>&nbsp;<\/p>\n<p align=\"JUSTIFY\">NITROCET 50\u00ae \u2013 2-ethylhexyl nitrate (2-EHN) is used as a diesel additive to increase its cetane number. The high technological parameters of the product meet the requirements of various customers and place NITROCET 50\u00ae among the latest generation diesel fuel additives.<\/p>\n<p>Benefits of using NITROCET 50\u00ae<\/p>\n<\/div>\n<p><img loading=\"lazy\" decoding=\"async\" class=\"alignnone wp-image-4153 size-full\" src=\"http:\/\/nitroerg.pl\/wp-content\/uploads\/2018\/12\/pobrane.png\" alt=\"\" width=\"77\" height=\"77\" \/><strong>MARKET BENEFITS:<\/strong><\/p>\n<ul>\n<li>enables the production of high quality diesel oils recommended by engine manufacturers,<\/li>\n<li>enables extending the product portfolio with special diesel premium fuels.<\/li>\n<\/ul>\n<p><img loading=\"lazy\" decoding=\"async\" class=\"alignnone size-full wp-image-3001\" src=\"http:\/\/nitroerg.pl\/wp-content\/uploads\/2018\/12\/b.png\" alt=\"\" width=\"81\" height=\"78\" \/><strong>TECHNICAL BENEFITS:<\/strong><\/p>\n<ul>\n<li>ensures faster ignition with a cold engine,<\/li>\n<li>has a positive effect on the engine power,<\/li>\n<li>positively effects the efficiency of diesel fuel combustion,<\/li>\n<li>maintains the engine and ensures its smooth operation at a lower pressure.<\/li>\n<\/ul>\n<p><img loading=\"lazy\" decoding=\"async\" class=\"alignnone size-full wp-image-3005\" src=\"http:\/\/nitroerg.pl\/wp-content\/uploads\/2018\/12\/bb.png\" alt=\"\" width=\"66\" height=\"78\" \/><strong>ENVIRONMENTAL BENEFITS:<\/strong><\/p>\n<ul>\n<li>reduces toxic exhaust emissions (such as NOx, CO) and noise emissions,<\/li>\n<li>eliminates carbon deposits on injector nozzles.<\/li>\n<li style=\"list-style-type: none;\"><\/li>\n<\/ul>\n","protected":false},"excerpt":{"rendered":"<p>Diesel fuel additive NITROCET 50\u00ae &nbsp; NITROCET 50\u00ae \u2013 2-ethylhexyl nitrate (2-EHN) is used as a diesel additive to increase<a class=\"more-link\" href=\"https:\/\/nitroerg.pl\/en\/additives-for-diesel-fuels\/\">&#8230;<\/a><\/p>\n","protected":false},"author":2,"featured_media":0,"parent":0,"menu_order":0,"comment_status":"closed","ping_status":"closed","template":"templates\/template-products-en.php","meta":{"_acf_changed":false,"footnotes":""},"class_list":["post-8816","page","type-page","status-publish","hentry"],"acf":[],"yoast_head":"<!-- This site is optimized with the Yoast SEO plugin v27.1.1 - https:\/\/yoast.com\/product\/yoast-seo-wordpress\/ -->\n<title>Additives for diesel fuels - NITROERG<\/title>\n<meta name=\"robots\" content=\"index, follow, max-snippet:-1, max-image-preview:large, max-video-preview:-1\" \/>\n<link rel=\"canonical\" href=\"https:\/\/nitroerg.pl\/en\/additives-for-diesel-fuels\/\" \/>\n<meta property=\"og:locale\" content=\"en_US\" \/>\n<meta property=\"og:type\" content=\"article\" \/>\n<meta property=\"og:title\" content=\"Additives for diesel fuels - NITROERG\" \/>\n<meta property=\"og:description\" content=\"Diesel fuel additive NITROCET 50\u00ae &nbsp; NITROCET 50\u00ae \u2013 2-ethylhexyl nitrate (2-EHN) is used as a diesel additive to increase...\" \/>\n<meta property=\"og:url\" content=\"https:\/\/nitroerg.pl\/en\/additives-for-diesel-fuels\/\" \/>\n<meta property=\"og:site_name\" content=\"NITROERG\" \/>\n<meta property=\"article:modified_time\" content=\"2025-04-02T11:59:06+00:00\" \/>\n<meta property=\"og:image\" content=\"https:\/\/nitroerg.pl\/wp-content\/uploads\/2018\/12\/pobrane.png\" \/>\n\t<meta property=\"og:image:width\" content=\"77\" \/>\n\t<meta property=\"og:image:height\" content=\"77\" \/>\n\t<meta property=\"og:image:type\" content=\"image\/png\" \/>\n<meta name=\"twitter:card\" content=\"summary_large_image\" \/>\n<meta name=\"twitter:label1\" content=\"Est. reading time\" \/>\n\t<meta name=\"twitter:data1\" content=\"2 minutes\" \/>\n<script type=\"application\/ld+json\" class=\"yoast-schema-graph\">{\"@context\":\"https:\/\/schema.org\",\"@graph\":[{\"@type\":\"WebPage\",\"@id\":\"https:\/\/nitroerg.pl\/en\/additives-for-diesel-fuels\/\",\"url\":\"https:\/\/nitroerg.pl\/en\/additives-for-diesel-fuels\/\",\"name\":\"Additives for diesel fuels - NITROERG\",\"isPartOf\":{\"@id\":\"https:\/\/nitroerg.pl\/#website\"},\"primaryImageOfPage\":{\"@id\":\"https:\/\/nitroerg.pl\/en\/additives-for-diesel-fuels\/#primaryimage\"},\"image\":{\"@id\":\"https:\/\/nitroerg.pl\/en\/additives-for-diesel-fuels\/#primaryimage\"},\"thumbnailUrl\":\"http:\/\/nitroerg.pl\/wp-content\/uploads\/2018\/12\/pobrane.png\",\"datePublished\":\"2021-06-14T06:46:57+00:00\",\"dateModified\":\"2025-04-02T11:59:06+00:00\",\"breadcrumb\":{\"@id\":\"https:\/\/nitroerg.pl\/en\/additives-for-diesel-fuels\/#breadcrumb\"},\"inLanguage\":\"en-US\",\"potentialAction\":[{\"@type\":\"ReadAction\",\"target\":[\"https:\/\/nitroerg.pl\/en\/additives-for-diesel-fuels\/\"]}]},{\"@type\":\"ImageObject\",\"inLanguage\":\"en-US\",\"@id\":\"https:\/\/nitroerg.pl\/en\/additives-for-diesel-fuels\/#primaryimage\",\"url\":\"http:\/\/nitroerg.pl\/wp-content\/uploads\/2018\/12\/pobrane.png\",\"contentUrl\":\"http:\/\/nitroerg.pl\/wp-content\/uploads\/2018\/12\/pobrane.png\"},{\"@type\":\"BreadcrumbList\",\"@id\":\"https:\/\/nitroerg.pl\/en\/additives-for-diesel-fuels\/#breadcrumb\",\"itemListElement\":[{\"@type\":\"ListItem\",\"position\":1,\"name\":\"Home\",\"item\":\"https:\/\/nitroerg.pl\/en\/\"},{\"@type\":\"ListItem\",\"position\":2,\"name\":\"Additives for diesel fuels\"}]},{\"@type\":\"WebSite\",\"@id\":\"https:\/\/nitroerg.pl\/#website\",\"url\":\"https:\/\/nitroerg.pl\/\",\"name\":\"NITROERG\",\"description\":\"Najwi\u0119kszy w Polsce i jeden z najwi\u0119kszych w Europie producent materia\u0142\u00f3w wybuchowych\",\"potentialAction\":[{\"@type\":\"SearchAction\",\"target\":{\"@type\":\"EntryPoint\",\"urlTemplate\":\"https:\/\/nitroerg.pl\/?s={search_term_string}\"},\"query-input\":{\"@type\":\"PropertyValueSpecification\",\"valueRequired\":true,\"valueName\":\"search_term_string\"}}],\"inLanguage\":\"en-US\"}]}<\/script>\n<!-- \/ Yoast SEO plugin. -->","yoast_head_json":{"title":"Additives for diesel fuels - NITROERG","robots":{"index":"index","follow":"follow","max-snippet":"max-snippet:-1","max-image-preview":"max-image-preview:large","max-video-preview":"max-video-preview:-1"},"canonical":"https:\/\/nitroerg.pl\/en\/additives-for-diesel-fuels\/","og_locale":"en_US","og_type":"article","og_title":"Additives for diesel fuels - NITROERG","og_description":"Diesel fuel additive NITROCET 50\u00ae &nbsp; NITROCET 50\u00ae \u2013 2-ethylhexyl nitrate (2-EHN) is used as a diesel additive to increase...","og_url":"https:\/\/nitroerg.pl\/en\/additives-for-diesel-fuels\/","og_site_name":"NITROERG","article_modified_time":"2025-04-02T11:59:06+00:00","og_image":[{"width":77,"height":77,"url":"https:\/\/nitroerg.pl\/wp-content\/uploads\/2018\/12\/pobrane.png","type":"image\/png"}],"twitter_card":"summary_large_image","twitter_misc":{"Est. reading time":"2 minutes"},"schema":{"@context":"https:\/\/schema.org","@graph":[{"@type":"WebPage","@id":"https:\/\/nitroerg.pl\/en\/additives-for-diesel-fuels\/","url":"https:\/\/nitroerg.pl\/en\/additives-for-diesel-fuels\/","name":"Additives for diesel fuels - NITROERG","isPartOf":{"@id":"https:\/\/nitroerg.pl\/#website"},"primaryImageOfPage":{"@id":"https:\/\/nitroerg.pl\/en\/additives-for-diesel-fuels\/#primaryimage"},"image":{"@id":"https:\/\/nitroerg.pl\/en\/additives-for-diesel-fuels\/#primaryimage"},"thumbnailUrl":"http:\/\/nitroerg.pl\/wp-content\/uploads\/2018\/12\/pobrane.png","datePublished":"2021-06-14T06:46:57+00:00","dateModified":"2025-04-02T11:59:06+00:00","breadcrumb":{"@id":"https:\/\/nitroerg.pl\/en\/additives-for-diesel-fuels\/#breadcrumb"},"inLanguage":"en-US","potentialAction":[{"@type":"ReadAction","target":["https:\/\/nitroerg.pl\/en\/additives-for-diesel-fuels\/"]}]},{"@type":"ImageObject","inLanguage":"en-US","@id":"https:\/\/nitroerg.pl\/en\/additives-for-diesel-fuels\/#primaryimage","url":"http:\/\/nitroerg.pl\/wp-content\/uploads\/2018\/12\/pobrane.png","contentUrl":"http:\/\/nitroerg.pl\/wp-content\/uploads\/2018\/12\/pobrane.png"},{"@type":"BreadcrumbList","@id":"https:\/\/nitroerg.pl\/en\/additives-for-diesel-fuels\/#breadcrumb","itemListElement":[{"@type":"ListItem","position":1,"name":"Home","item":"https:\/\/nitroerg.pl\/en\/"},{"@type":"ListItem","position":2,"name":"Additives for diesel fuels"}]},{"@type":"WebSite","@id":"https:\/\/nitroerg.pl\/#website","url":"https:\/\/nitroerg.pl\/","name":"NITROERG","description":"Najwi\u0119kszy w Polsce i jeden z najwi\u0119kszych w Europie producent materia\u0142\u00f3w wybuchowych","potentialAction":[{"@type":"SearchAction","target":{"@type":"EntryPoint","urlTemplate":"https:\/\/nitroerg.pl\/?s={search_term_string}"},"query-input":{"@type":"PropertyValueSpecification","valueRequired":true,"valueName":"search_term_string"}}],"inLanguage":"en-US"}]}},"_links":{"self":[{"href":"https:\/\/nitroerg.pl\/en\/wp-json\/wp\/v2\/pages\/8816","targetHints":{"allow":["GET"]}}],"collection":[{"href":"https:\/\/nitroerg.pl\/en\/wp-json\/wp\/v2\/pages"}],"about":[{"href":"https:\/\/nitroerg.pl\/en\/wp-json\/wp\/v2\/types\/page"}],"author":[{"embeddable":true,"href":"https:\/\/nitroerg.pl\/en\/wp-json\/wp\/v2\/users\/2"}],"replies":[{"embeddable":true,"href":"https:\/\/nitroerg.pl\/en\/wp-json\/wp\/v2\/comments?post=8816"}],"version-history":[{"count":4,"href":"https:\/\/nitroerg.pl\/en\/wp-json\/wp\/v2\/pages\/8816\/revisions"}],"predecessor-version":[{"id":16400,"href":"https:\/\/nitroerg.pl\/en\/wp-json\/wp\/v2\/pages\/8816\/revisions\/16400"}],"wp:attachment":[{"href":"https:\/\/nitroerg.pl\/en\/wp-json\/wp\/v2\/media?parent=8816"}],"curies":[{"name":"wp","href":"https:\/\/api.w.org\/{rel}","templated":true}]}}