{"id":8748,"date":"2021-06-11T09:50:07","date_gmt":"2021-06-11T07:50:07","guid":{"rendered":"https:\/\/nitroerg.pl\/?page_id=8748"},"modified":"2021-12-09T15:14:51","modified_gmt":"2021-12-09T14:14:51","slug":"what-is-nitron","status":"publish","type":"page","link":"https:\/\/nitroerg.pl\/en\/what-is-nitron\/","title":{"rendered":"What is nitrON"},"content":{"rendered":"<p><img loading=\"lazy\" decoding=\"async\" class=\"aligncenter wp-image-9167\" src=\"https:\/\/nitroerg.pl\/wp-content\/uploads\/2021\/06\/logo-nitrON-by-NITROERG.png\" alt=\"\" width=\"350\" height=\"136\" srcset=\"https:\/\/nitroerg.pl\/wp-content\/uploads\/2021\/06\/logo-nitrON-by-NITROERG.png 1582w, https:\/\/nitroerg.pl\/wp-content\/uploads\/2021\/06\/logo-nitrON-by-NITROERG-300x116.png 300w, https:\/\/nitroerg.pl\/wp-content\/uploads\/2021\/06\/logo-nitrON-by-NITROERG-1024x397.png 1024w, https:\/\/nitroerg.pl\/wp-content\/uploads\/2021\/06\/logo-nitrON-by-NITROERG-768x298.png 768w, https:\/\/nitroerg.pl\/wp-content\/uploads\/2021\/06\/logo-nitrON-by-NITROERG-1536x595.png 1536w, https:\/\/nitroerg.pl\/wp-content\/uploads\/2021\/06\/logo-nitrON-by-NITROERG-440x170.png 440w\" sizes=\"auto, (max-width: 350px) 100vw, 350px\" \/><\/p>\n<p>&nbsp;<\/p>\n<p style=\"text-align: justify;\">Growing environmental awareness of consumers and increasingly stringent emission standards force fuel producers to design their products with the environment in mind. Increasing the proportion of biodiesel in diesel blend formulations reduces emissions, but also presents a number of significant challenges. Our nitrON additive is the answer to these challenges. It is an innovative, multifunctional diesel fuel additive, with the properties of a modifier of the diesel fuel combustion process in CI engines.<\/p>\n<p>&nbsp;<\/p>\n<p><img loading=\"lazy\" decoding=\"async\" class=\"aligncenter wp-image-10064 size-full\" src=\"https:\/\/nitroerg.pl\/wp-content\/uploads\/2021\/12\/poprawka-nitron.png\" alt=\"\" width=\"703\" height=\"441\" srcset=\"https:\/\/nitroerg.pl\/wp-content\/uploads\/2021\/12\/poprawka-nitron.png 703w, https:\/\/nitroerg.pl\/wp-content\/uploads\/2021\/12\/poprawka-nitron-300x188.png 300w, https:\/\/nitroerg.pl\/wp-content\/uploads\/2021\/12\/poprawka-nitron-440x276.png 440w\" sizes=\"auto, (max-width: 703px) 100vw, 703px\" \/><\/p>\n","protected":false},"excerpt":{"rendered":"<p>&nbsp; Growing environmental awareness of consumers and increasingly stringent emission standards force fuel producers to design their products with the<a class=\"more-link\" href=\"https:\/\/nitroerg.pl\/en\/what-is-nitron\/\">&#8230;<\/a><\/p>\n","protected":false},"author":2,"featured_media":0,"parent":0,"menu_order":0,"comment_status":"closed","ping_status":"closed","template":"","meta":{"_acf_changed":false,"footnotes":""},"class_list":["post-8748","page","type-page","status-publish","hentry"],"acf":[],"yoast_head":"<!-- This site is optimized with the Yoast SEO plugin v27.1.1 - https:\/\/yoast.com\/product\/yoast-seo-wordpress\/ -->\n<title>What is nitrON - NITROERG<\/title>\n<meta name=\"robots\" content=\"index, follow, max-snippet:-1, max-image-preview:large, max-video-preview:-1\" \/>\n<link rel=\"canonical\" href=\"https:\/\/nitroerg.pl\/en\/what-is-nitron\/\" \/>\n<meta property=\"og:locale\" content=\"en_US\" \/>\n<meta property=\"og:type\" content=\"article\" \/>\n<meta property=\"og:title\" content=\"What is nitrON - NITROERG\" \/>\n<meta property=\"og:description\" content=\"&nbsp; Growing environmental awareness of consumers and increasingly stringent emission standards force fuel producers to design their products with the...\" \/>\n<meta property=\"og:url\" content=\"https:\/\/nitroerg.pl\/en\/what-is-nitron\/\" \/>\n<meta property=\"og:site_name\" content=\"NITROERG\" \/>\n<meta property=\"article:modified_time\" content=\"2021-12-09T14:14:51+00:00\" \/>\n<meta property=\"og:image\" content=\"https:\/\/nitroerg.pl\/wp-content\/uploads\/2021\/06\/logo-nitrON-by-NITROERG.png\" \/>\n<meta name=\"twitter:card\" content=\"summary_large_image\" \/>\n<meta name=\"twitter:label1\" content=\"Est. reading time\" \/>\n\t<meta name=\"twitter:data1\" content=\"1 minute\" \/>\n<script type=\"application\/ld+json\" class=\"yoast-schema-graph\">{\"@context\":\"https:\/\/schema.org\",\"@graph\":[{\"@type\":\"WebPage\",\"@id\":\"https:\/\/nitroerg.pl\/en\/what-is-nitron\/\",\"url\":\"https:\/\/nitroerg.pl\/en\/what-is-nitron\/\",\"name\":\"What is nitrON - NITROERG\",\"isPartOf\":{\"@id\":\"https:\/\/nitroerg.pl\/#website\"},\"primaryImageOfPage\":{\"@id\":\"https:\/\/nitroerg.pl\/en\/what-is-nitron\/#primaryimage\"},\"image\":{\"@id\":\"https:\/\/nitroerg.pl\/en\/what-is-nitron\/#primaryimage\"},\"thumbnailUrl\":\"https:\/\/nitroerg.pl\/wp-content\/uploads\/2021\/06\/logo-nitrON-by-NITROERG.png\",\"datePublished\":\"2021-06-11T07:50:07+00:00\",\"dateModified\":\"2021-12-09T14:14:51+00:00\",\"breadcrumb\":{\"@id\":\"https:\/\/nitroerg.pl\/en\/what-is-nitron\/#breadcrumb\"},\"inLanguage\":\"en-US\",\"potentialAction\":[{\"@type\":\"ReadAction\",\"target\":[\"https:\/\/nitroerg.pl\/en\/what-is-nitron\/\"]}]},{\"@type\":\"ImageObject\",\"inLanguage\":\"en-US\",\"@id\":\"https:\/\/nitroerg.pl\/en\/what-is-nitron\/#primaryimage\",\"url\":\"https:\/\/nitroerg.pl\/wp-content\/uploads\/2021\/06\/logo-nitrON-by-NITROERG.png\",\"contentUrl\":\"https:\/\/nitroerg.pl\/wp-content\/uploads\/2021\/06\/logo-nitrON-by-NITROERG.png\"},{\"@type\":\"BreadcrumbList\",\"@id\":\"https:\/\/nitroerg.pl\/en\/what-is-nitron\/#breadcrumb\",\"itemListElement\":[{\"@type\":\"ListItem\",\"position\":1,\"name\":\"Home\",\"item\":\"https:\/\/nitroerg.pl\/en\/\"},{\"@type\":\"ListItem\",\"position\":2,\"name\":\"What is nitrON\"}]},{\"@type\":\"WebSite\",\"@id\":\"https:\/\/nitroerg.pl\/#website\",\"url\":\"https:\/\/nitroerg.pl\/\",\"name\":\"NITROERG\",\"description\":\"Najwi\u0119kszy w Polsce i jeden z najwi\u0119kszych w Europie producent materia\u0142\u00f3w wybuchowych\",\"potentialAction\":[{\"@type\":\"SearchAction\",\"target\":{\"@type\":\"EntryPoint\",\"urlTemplate\":\"https:\/\/nitroerg.pl\/?s={search_term_string}\"},\"query-input\":{\"@type\":\"PropertyValueSpecification\",\"valueRequired\":true,\"valueName\":\"search_term_string\"}}],\"inLanguage\":\"en-US\"}]}<\/script>\n<!-- \/ Yoast SEO plugin. -->","yoast_head_json":{"title":"What is nitrON - NITROERG","robots":{"index":"index","follow":"follow","max-snippet":"max-snippet:-1","max-image-preview":"max-image-preview:large","max-video-preview":"max-video-preview:-1"},"canonical":"https:\/\/nitroerg.pl\/en\/what-is-nitron\/","og_locale":"en_US","og_type":"article","og_title":"What is nitrON - NITROERG","og_description":"&nbsp; Growing environmental awareness of consumers and increasingly stringent emission standards force fuel producers to design their products with the...","og_url":"https:\/\/nitroerg.pl\/en\/what-is-nitron\/","og_site_name":"NITROERG","article_modified_time":"2021-12-09T14:14:51+00:00","og_image":[{"url":"https:\/\/nitroerg.pl\/wp-content\/uploads\/2021\/06\/logo-nitrON-by-NITROERG.png","type":"","width":"","height":""}],"twitter_card":"summary_large_image","twitter_misc":{"Est. reading time":"1 minute"},"schema":{"@context":"https:\/\/schema.org","@graph":[{"@type":"WebPage","@id":"https:\/\/nitroerg.pl\/en\/what-is-nitron\/","url":"https:\/\/nitroerg.pl\/en\/what-is-nitron\/","name":"What is nitrON - NITROERG","isPartOf":{"@id":"https:\/\/nitroerg.pl\/#website"},"primaryImageOfPage":{"@id":"https:\/\/nitroerg.pl\/en\/what-is-nitron\/#primaryimage"},"image":{"@id":"https:\/\/nitroerg.pl\/en\/what-is-nitron\/#primaryimage"},"thumbnailUrl":"https:\/\/nitroerg.pl\/wp-content\/uploads\/2021\/06\/logo-nitrON-by-NITROERG.png","datePublished":"2021-06-11T07:50:07+00:00","dateModified":"2021-12-09T14:14:51+00:00","breadcrumb":{"@id":"https:\/\/nitroerg.pl\/en\/what-is-nitron\/#breadcrumb"},"inLanguage":"en-US","potentialAction":[{"@type":"ReadAction","target":["https:\/\/nitroerg.pl\/en\/what-is-nitron\/"]}]},{"@type":"ImageObject","inLanguage":"en-US","@id":"https:\/\/nitroerg.pl\/en\/what-is-nitron\/#primaryimage","url":"https:\/\/nitroerg.pl\/wp-content\/uploads\/2021\/06\/logo-nitrON-by-NITROERG.png","contentUrl":"https:\/\/nitroerg.pl\/wp-content\/uploads\/2021\/06\/logo-nitrON-by-NITROERG.png"},{"@type":"BreadcrumbList","@id":"https:\/\/nitroerg.pl\/en\/what-is-nitron\/#breadcrumb","itemListElement":[{"@type":"ListItem","position":1,"name":"Home","item":"https:\/\/nitroerg.pl\/en\/"},{"@type":"ListItem","position":2,"name":"What is nitrON"}]},{"@type":"WebSite","@id":"https:\/\/nitroerg.pl\/#website","url":"https:\/\/nitroerg.pl\/","name":"NITROERG","description":"Najwi\u0119kszy w Polsce i jeden z najwi\u0119kszych w Europie producent materia\u0142\u00f3w wybuchowych","potentialAction":[{"@type":"SearchAction","target":{"@type":"EntryPoint","urlTemplate":"https:\/\/nitroerg.pl\/?s={search_term_string}"},"query-input":{"@type":"PropertyValueSpecification","valueRequired":true,"valueName":"search_term_string"}}],"inLanguage":"en-US"}]}},"_links":{"self":[{"href":"https:\/\/nitroerg.pl\/en\/wp-json\/wp\/v2\/pages\/8748","targetHints":{"allow":["GET"]}}],"collection":[{"href":"https:\/\/nitroerg.pl\/en\/wp-json\/wp\/v2\/pages"}],"about":[{"href":"https:\/\/nitroerg.pl\/en\/wp-json\/wp\/v2\/types\/page"}],"author":[{"embeddable":true,"href":"https:\/\/nitroerg.pl\/en\/wp-json\/wp\/v2\/users\/2"}],"replies":[{"embeddable":true,"href":"https:\/\/nitroerg.pl\/en\/wp-json\/wp\/v2\/comments?post=8748"}],"version-history":[{"count":8,"href":"https:\/\/nitroerg.pl\/en\/wp-json\/wp\/v2\/pages\/8748\/revisions"}],"predecessor-version":[{"id":10068,"href":"https:\/\/nitroerg.pl\/en\/wp-json\/wp\/v2\/pages\/8748\/revisions\/10068"}],"wp:attachment":[{"href":"https:\/\/nitroerg.pl\/en\/wp-json\/wp\/v2\/media?parent=8748"}],"curies":[{"name":"wp","href":"https:\/\/api.w.org\/{rel}","templated":true}]}}