{"id":20335,"date":"2026-05-08T12:35:47","date_gmt":"2026-05-08T10:35:47","guid":{"rendered":"https:\/\/nitroerg.pl\/?page_id=20335"},"modified":"2026-05-08T12:35:47","modified_gmt":"2026-05-08T10:35:47","slug":"reach","status":"publish","type":"page","link":"https:\/\/nitroerg.pl\/en\/reach\/","title":{"rendered":"REACH"},"content":{"rendered":"<p>NITROERG S.A. complies with all applicable national and EU regulations regarding chemical substances and their mixtures, including Regulation (EC) No. 1907\/2006 of the European Parliament and of the Council concerning the Registration, Evaluation, Authorisation and Restriction of Chemicals (REACH) and Regulation (EC) No. 1272\/2008 of the European Parliament and of the Council on classification, labelling and packaging of substances and mixtures (CLP).<\/p>\n<p>Acting as a manufacturer, importer, and downstream user, we fulfill the obligations inherent to each of these roles within the supply chain, including requirements for substance registration, the preparation of Safety Data Sheets (SDS), and ensuring the safe use of chemicals.<\/p>\n","protected":false},"excerpt":{"rendered":"<p>NITROERG S.A. complies with all applicable national and EU regulations regarding chemical substances and their mixtures, including Regulation (EC) No.<a class=\"more-link\" href=\"https:\/\/nitroerg.pl\/en\/reach\/\">&#8230;<\/a><\/p>\n","protected":false},"author":19,"featured_media":0,"parent":0,"menu_order":0,"comment_status":"closed","ping_status":"closed","template":"","meta":{"_acf_changed":false,"footnotes":""},"class_list":["post-20335","page","type-page","status-publish","hentry"],"acf":[],"yoast_head":"<!-- This site is optimized with the Yoast SEO plugin v27.5 - https:\/\/yoast.com\/product\/yoast-seo-wordpress\/ -->\n<title>REACH - NITROERG<\/title>\n<meta name=\"robots\" content=\"index, follow, max-snippet:-1, max-image-preview:large, max-video-preview:-1\" \/>\n<link rel=\"canonical\" href=\"https:\/\/nitroerg.pl\/en\/reach\/\" \/>\n<meta property=\"og:locale\" content=\"en_US\" \/>\n<meta property=\"og:type\" content=\"article\" \/>\n<meta property=\"og:title\" content=\"REACH - NITROERG\" \/>\n<meta property=\"og:description\" content=\"NITROERG S.A. complies with all applicable national and EU regulations regarding chemical substances and their mixtures, including Regulation (EC) No....\" \/>\n<meta property=\"og:url\" content=\"https:\/\/nitroerg.pl\/en\/reach\/\" \/>\n<meta property=\"og:site_name\" content=\"NITROERG\" \/>\n<meta name=\"twitter:card\" content=\"summary_large_image\" \/>\n<meta name=\"twitter:label1\" content=\"Est. reading time\" \/>\n\t<meta name=\"twitter:data1\" content=\"1 minute\" \/>\n<script type=\"application\/ld+json\" class=\"yoast-schema-graph\">{\"@context\":\"https:\\\/\\\/schema.org\",\"@graph\":[{\"@type\":\"WebPage\",\"@id\":\"https:\\\/\\\/nitroerg.pl\\\/en\\\/reach\\\/\",\"url\":\"https:\\\/\\\/nitroerg.pl\\\/en\\\/reach\\\/\",\"name\":\"REACH - NITROERG\",\"isPartOf\":{\"@id\":\"https:\\\/\\\/nitroerg.pl\\\/#website\"},\"datePublished\":\"2026-05-08T10:35:47+00:00\",\"breadcrumb\":{\"@id\":\"https:\\\/\\\/nitroerg.pl\\\/en\\\/reach\\\/#breadcrumb\"},\"inLanguage\":\"en-US\",\"potentialAction\":[{\"@type\":\"ReadAction\",\"target\":[\"https:\\\/\\\/nitroerg.pl\\\/en\\\/reach\\\/\"]}]},{\"@type\":\"BreadcrumbList\",\"@id\":\"https:\\\/\\\/nitroerg.pl\\\/en\\\/reach\\\/#breadcrumb\",\"itemListElement\":[{\"@type\":\"ListItem\",\"position\":1,\"name\":\"Home\",\"item\":\"https:\\\/\\\/nitroerg.pl\\\/en\\\/\"},{\"@type\":\"ListItem\",\"position\":2,\"name\":\"REACH\"}]},{\"@type\":\"WebSite\",\"@id\":\"https:\\\/\\\/nitroerg.pl\\\/#website\",\"url\":\"https:\\\/\\\/nitroerg.pl\\\/\",\"name\":\"NITROERG\",\"description\":\"Najwi\u0119kszy w Polsce i jeden z najwi\u0119kszych w Europie producent materia\u0142\u00f3w wybuchowych\",\"potentialAction\":[{\"@type\":\"SearchAction\",\"target\":{\"@type\":\"EntryPoint\",\"urlTemplate\":\"https:\\\/\\\/nitroerg.pl\\\/?s={search_term_string}\"},\"query-input\":{\"@type\":\"PropertyValueSpecification\",\"valueRequired\":true,\"valueName\":\"search_term_string\"}}],\"inLanguage\":\"en-US\"}]}<\/script>\n<!-- \/ Yoast SEO plugin. -->","yoast_head_json":{"title":"REACH - NITROERG","robots":{"index":"index","follow":"follow","max-snippet":"max-snippet:-1","max-image-preview":"max-image-preview:large","max-video-preview":"max-video-preview:-1"},"canonical":"https:\/\/nitroerg.pl\/en\/reach\/","og_locale":"en_US","og_type":"article","og_title":"REACH - NITROERG","og_description":"NITROERG S.A. complies with all applicable national and EU regulations regarding chemical substances and their mixtures, including Regulation (EC) No....","og_url":"https:\/\/nitroerg.pl\/en\/reach\/","og_site_name":"NITROERG","twitter_card":"summary_large_image","twitter_misc":{"Est. reading time":"1 minute"},"schema":{"@context":"https:\/\/schema.org","@graph":[{"@type":"WebPage","@id":"https:\/\/nitroerg.pl\/en\/reach\/","url":"https:\/\/nitroerg.pl\/en\/reach\/","name":"REACH - NITROERG","isPartOf":{"@id":"https:\/\/nitroerg.pl\/#website"},"datePublished":"2026-05-08T10:35:47+00:00","breadcrumb":{"@id":"https:\/\/nitroerg.pl\/en\/reach\/#breadcrumb"},"inLanguage":"en-US","potentialAction":[{"@type":"ReadAction","target":["https:\/\/nitroerg.pl\/en\/reach\/"]}]},{"@type":"BreadcrumbList","@id":"https:\/\/nitroerg.pl\/en\/reach\/#breadcrumb","itemListElement":[{"@type":"ListItem","position":1,"name":"Home","item":"https:\/\/nitroerg.pl\/en\/"},{"@type":"ListItem","position":2,"name":"REACH"}]},{"@type":"WebSite","@id":"https:\/\/nitroerg.pl\/#website","url":"https:\/\/nitroerg.pl\/","name":"NITROERG","description":"Najwi\u0119kszy w Polsce i jeden z najwi\u0119kszych w Europie producent materia\u0142\u00f3w wybuchowych","potentialAction":[{"@type":"SearchAction","target":{"@type":"EntryPoint","urlTemplate":"https:\/\/nitroerg.pl\/?s={search_term_string}"},"query-input":{"@type":"PropertyValueSpecification","valueRequired":true,"valueName":"search_term_string"}}],"inLanguage":"en-US"}]}},"_links":{"self":[{"href":"https:\/\/nitroerg.pl\/en\/wp-json\/wp\/v2\/pages\/20335","targetHints":{"allow":["GET"]}}],"collection":[{"href":"https:\/\/nitroerg.pl\/en\/wp-json\/wp\/v2\/pages"}],"about":[{"href":"https:\/\/nitroerg.pl\/en\/wp-json\/wp\/v2\/types\/page"}],"author":[{"embeddable":true,"href":"https:\/\/nitroerg.pl\/en\/wp-json\/wp\/v2\/users\/19"}],"replies":[{"embeddable":true,"href":"https:\/\/nitroerg.pl\/en\/wp-json\/wp\/v2\/comments?post=20335"}],"version-history":[{"count":1,"href":"https:\/\/nitroerg.pl\/en\/wp-json\/wp\/v2\/pages\/20335\/revisions"}],"predecessor-version":[{"id":20337,"href":"https:\/\/nitroerg.pl\/en\/wp-json\/wp\/v2\/pages\/20335\/revisions\/20337"}],"wp:attachment":[{"href":"https:\/\/nitroerg.pl\/en\/wp-json\/wp\/v2\/media?parent=20335"}],"curies":[{"name":"wp","href":"https:\/\/api.w.org\/{rel}","templated":true}]}}