{"id":20330,"date":"2026-05-08T12:34:08","date_gmt":"2026-05-08T10:34:08","guid":{"rendered":"https:\/\/nitroerg.pl\/?page_id=20330"},"modified":"2026-05-08T12:38:11","modified_gmt":"2026-05-08T10:38:11","slug":"upper-tier-establishment","status":"publish","type":"page","link":"https:\/\/nitroerg.pl\/en\/upper-tier-establishment\/","title":{"rendered":"Upper-Tier Establishment"},"content":{"rendered":"<p>Both production sites of NITROERG S.A. are classified as Upper-Tier Establishments (ZDR) posing a risk of a major industrial accident, in accordance with the classification resulting from the Environmental Protection Law Act of April 27, 2001, and the detailed implementing regulation.<\/p>\n<p>Pursuant to Art. 267 of the Environmental Protection Law, we hereby inform you that:<\/p>\n<ol>\n<li><strong>Establishment Status<\/strong>: The facility is classified as an Upper-Tier Establishment (ZDR) due to the risk of a major industrial accident.<\/li>\n<li><strong>Compliance with Obligations<\/strong>: The establishment has submitted the appropriate notification to the Provincial Commander of the State Fire Service and has provided the required Major-Accident Prevention Policy and Safety Report.<\/li>\n<li><strong>Description of Activities<\/strong>: The facility is engaged in the storage\/processing of chemical substances which determine its classification as an Upper-Tier Establishment.<\/li>\n<li><strong>Security Measures<\/strong>: The plant is equipped with modern detection systems, safety automation, and internal emergency procedures. In the event of an accident, the facility immediately activates alarm systems and notifies emergency Details can be found in the attachment below.<\/li>\n<li><strong>Public Instructions<\/strong>: In the event of an alarm, please follow the instructions for Details are provided in the attachments below.<\/li>\n<\/ol>\n<p>As an Upper-Tier Establishment, we comply with the statutory requirements regulating major accidents and maintain complete, up-to-date documentation of our Safety Management System, including: the Notification of the Establishment, Major-Accident Prevention Policy, Internal Emergency Plans, and Safety Reports.<\/p>\n<p>The Company attaches particular importance to ensuring process safety, as well as the safety of employees and the environment. Undertaken actions aim to prevent events that could cause an accident and\u2014should one occur\u2014to mitigate its consequences. To ensure the highest level of safety, Internal Emergency Plans are subject to regular testing. Every three years, practical exercises are organized at the facility to verify the effectiveness of procedures and to coordinate cooperation with the State Fire Service and other emergency services.<\/p>\n<p>NITROERG S.A. operates in the field of explosives production. The nature of this production necessitates systematic quality testing of our products. This is crucial for quality control and process safety, thereby ensuring the safety of our employees and the residents of nearby towns. These tests involve blasting trials (i.e., the detonation of explosive samples) conducted within a designated,<\/p>\n<p>fenced, and specially prepared area on the company\u2019s premises.<\/p>\n<p>NITROERG S.A. conducts quality tests to guarantee compliance with standards and the stability of substances. Each series of blasting trials is preceded by a warning signal (siren). Please be advised that these tests are conducted only on working days during the following hours: Krupski M\u0142yn: 8:30 AM \u2013 12:30 PM, Bieru\u0144: 9:30 AM \u2013 11:30 AM<\/p>\n<p><img loading=\"lazy\" decoding=\"async\" class=\"alignnone wp-image-19887 size-full\" src=\"https:\/\/nitroerg.pl\/wp-content\/uploads\/2026\/02\/Ryzyko.png\" alt=\"\" width=\"1024\" height=\"768\" srcset=\"https:\/\/nitroerg.pl\/wp-content\/uploads\/2026\/02\/Ryzyko.png 1024w, https:\/\/nitroerg.pl\/wp-content\/uploads\/2026\/02\/Ryzyko-300x225.png 300w, https:\/\/nitroerg.pl\/wp-content\/uploads\/2026\/02\/Ryzyko-768x576.png 768w, https:\/\/nitroerg.pl\/wp-content\/uploads\/2026\/02\/Ryzyko-440x330.png 440w\" sizes=\"auto, (max-width: 1024px) 100vw, 1024px\" \/><\/p>\n","protected":false},"excerpt":{"rendered":"<p>Both production sites of NITROERG S.A. are classified as Upper-Tier Establishments (ZDR) posing a risk of a major industrial accident,<a class=\"more-link\" href=\"https:\/\/nitroerg.pl\/en\/upper-tier-establishment\/\">&#8230;<\/a><\/p>\n","protected":false},"author":19,"featured_media":0,"parent":0,"menu_order":0,"comment_status":"closed","ping_status":"closed","template":"","meta":{"_acf_changed":false,"footnotes":""},"class_list":["post-20330","page","type-page","status-publish","hentry"],"acf":[],"yoast_head":"<!-- This site is optimized with the Yoast SEO plugin v27.5 - https:\/\/yoast.com\/product\/yoast-seo-wordpress\/ -->\n<title>Upper-Tier Establishment - NITROERG<\/title>\n<meta name=\"robots\" content=\"index, follow, max-snippet:-1, max-image-preview:large, max-video-preview:-1\" \/>\n<link rel=\"canonical\" href=\"https:\/\/nitroerg.pl\/en\/upper-tier-establishment\/\" \/>\n<meta property=\"og:locale\" content=\"en_US\" \/>\n<meta property=\"og:type\" content=\"article\" \/>\n<meta property=\"og:title\" content=\"Upper-Tier Establishment - NITROERG\" \/>\n<meta property=\"og:description\" content=\"Both production sites of NITROERG S.A. are classified as Upper-Tier Establishments (ZDR) posing a risk of a major industrial accident,...\" \/>\n<meta property=\"og:url\" content=\"https:\/\/nitroerg.pl\/en\/upper-tier-establishment\/\" \/>\n<meta property=\"og:site_name\" content=\"NITROERG\" \/>\n<meta property=\"article:modified_time\" content=\"2026-05-08T10:38:11+00:00\" \/>\n<meta property=\"og:image\" content=\"https:\/\/nitroerg.pl\/wp-content\/uploads\/2026\/02\/Ryzyko.png\" \/>\n\t<meta property=\"og:image:width\" content=\"1024\" \/>\n\t<meta property=\"og:image:height\" content=\"768\" \/>\n\t<meta property=\"og:image:type\" content=\"image\/png\" \/>\n<meta name=\"twitter:card\" content=\"summary_large_image\" \/>\n<meta name=\"twitter:label1\" content=\"Est. reading time\" \/>\n\t<meta name=\"twitter:data1\" content=\"3 minutes\" \/>\n<script type=\"application\/ld+json\" class=\"yoast-schema-graph\">{\"@context\":\"https:\\\/\\\/schema.org\",\"@graph\":[{\"@type\":\"WebPage\",\"@id\":\"https:\\\/\\\/nitroerg.pl\\\/en\\\/upper-tier-establishment\\\/\",\"url\":\"https:\\\/\\\/nitroerg.pl\\\/en\\\/upper-tier-establishment\\\/\",\"name\":\"Upper-Tier Establishment - NITROERG\",\"isPartOf\":{\"@id\":\"https:\\\/\\\/nitroerg.pl\\\/#website\"},\"primaryImageOfPage\":{\"@id\":\"https:\\\/\\\/nitroerg.pl\\\/en\\\/upper-tier-establishment\\\/#primaryimage\"},\"image\":{\"@id\":\"https:\\\/\\\/nitroerg.pl\\\/en\\\/upper-tier-establishment\\\/#primaryimage\"},\"thumbnailUrl\":\"https:\\\/\\\/nitroerg.pl\\\/wp-content\\\/uploads\\\/2026\\\/02\\\/Ryzyko.png\",\"datePublished\":\"2026-05-08T10:34:08+00:00\",\"dateModified\":\"2026-05-08T10:38:11+00:00\",\"breadcrumb\":{\"@id\":\"https:\\\/\\\/nitroerg.pl\\\/en\\\/upper-tier-establishment\\\/#breadcrumb\"},\"inLanguage\":\"en-US\",\"potentialAction\":[{\"@type\":\"ReadAction\",\"target\":[\"https:\\\/\\\/nitroerg.pl\\\/en\\\/upper-tier-establishment\\\/\"]}]},{\"@type\":\"ImageObject\",\"inLanguage\":\"en-US\",\"@id\":\"https:\\\/\\\/nitroerg.pl\\\/en\\\/upper-tier-establishment\\\/#primaryimage\",\"url\":\"https:\\\/\\\/nitroerg.pl\\\/wp-content\\\/uploads\\\/2026\\\/02\\\/Ryzyko.png\",\"contentUrl\":\"https:\\\/\\\/nitroerg.pl\\\/wp-content\\\/uploads\\\/2026\\\/02\\\/Ryzyko.png\"},{\"@type\":\"BreadcrumbList\",\"@id\":\"https:\\\/\\\/nitroerg.pl\\\/en\\\/upper-tier-establishment\\\/#breadcrumb\",\"itemListElement\":[{\"@type\":\"ListItem\",\"position\":1,\"name\":\"Home\",\"item\":\"https:\\\/\\\/nitroerg.pl\\\/en\\\/\"},{\"@type\":\"ListItem\",\"position\":2,\"name\":\"Upper-Tier Establishment\"}]},{\"@type\":\"WebSite\",\"@id\":\"https:\\\/\\\/nitroerg.pl\\\/#website\",\"url\":\"https:\\\/\\\/nitroerg.pl\\\/\",\"name\":\"NITROERG\",\"description\":\"Najwi\u0119kszy w Polsce i jeden z najwi\u0119kszych w Europie producent materia\u0142\u00f3w wybuchowych\",\"potentialAction\":[{\"@type\":\"SearchAction\",\"target\":{\"@type\":\"EntryPoint\",\"urlTemplate\":\"https:\\\/\\\/nitroerg.pl\\\/?s={search_term_string}\"},\"query-input\":{\"@type\":\"PropertyValueSpecification\",\"valueRequired\":true,\"valueName\":\"search_term_string\"}}],\"inLanguage\":\"en-US\"}]}<\/script>\n<!-- \/ Yoast SEO plugin. -->","yoast_head_json":{"title":"Upper-Tier Establishment - NITROERG","robots":{"index":"index","follow":"follow","max-snippet":"max-snippet:-1","max-image-preview":"max-image-preview:large","max-video-preview":"max-video-preview:-1"},"canonical":"https:\/\/nitroerg.pl\/en\/upper-tier-establishment\/","og_locale":"en_US","og_type":"article","og_title":"Upper-Tier Establishment - NITROERG","og_description":"Both production sites of NITROERG S.A. are classified as Upper-Tier Establishments (ZDR) posing a risk of a major industrial accident,...","og_url":"https:\/\/nitroerg.pl\/en\/upper-tier-establishment\/","og_site_name":"NITROERG","article_modified_time":"2026-05-08T10:38:11+00:00","og_image":[{"width":1024,"height":768,"url":"https:\/\/nitroerg.pl\/wp-content\/uploads\/2026\/02\/Ryzyko.png","type":"image\/png"}],"twitter_card":"summary_large_image","twitter_misc":{"Est. reading time":"3 minutes"},"schema":{"@context":"https:\/\/schema.org","@graph":[{"@type":"WebPage","@id":"https:\/\/nitroerg.pl\/en\/upper-tier-establishment\/","url":"https:\/\/nitroerg.pl\/en\/upper-tier-establishment\/","name":"Upper-Tier Establishment - NITROERG","isPartOf":{"@id":"https:\/\/nitroerg.pl\/#website"},"primaryImageOfPage":{"@id":"https:\/\/nitroerg.pl\/en\/upper-tier-establishment\/#primaryimage"},"image":{"@id":"https:\/\/nitroerg.pl\/en\/upper-tier-establishment\/#primaryimage"},"thumbnailUrl":"https:\/\/nitroerg.pl\/wp-content\/uploads\/2026\/02\/Ryzyko.png","datePublished":"2026-05-08T10:34:08+00:00","dateModified":"2026-05-08T10:38:11+00:00","breadcrumb":{"@id":"https:\/\/nitroerg.pl\/en\/upper-tier-establishment\/#breadcrumb"},"inLanguage":"en-US","potentialAction":[{"@type":"ReadAction","target":["https:\/\/nitroerg.pl\/en\/upper-tier-establishment\/"]}]},{"@type":"ImageObject","inLanguage":"en-US","@id":"https:\/\/nitroerg.pl\/en\/upper-tier-establishment\/#primaryimage","url":"https:\/\/nitroerg.pl\/wp-content\/uploads\/2026\/02\/Ryzyko.png","contentUrl":"https:\/\/nitroerg.pl\/wp-content\/uploads\/2026\/02\/Ryzyko.png"},{"@type":"BreadcrumbList","@id":"https:\/\/nitroerg.pl\/en\/upper-tier-establishment\/#breadcrumb","itemListElement":[{"@type":"ListItem","position":1,"name":"Home","item":"https:\/\/nitroerg.pl\/en\/"},{"@type":"ListItem","position":2,"name":"Upper-Tier Establishment"}]},{"@type":"WebSite","@id":"https:\/\/nitroerg.pl\/#website","url":"https:\/\/nitroerg.pl\/","name":"NITROERG","description":"Najwi\u0119kszy w Polsce i jeden z najwi\u0119kszych w Europie producent materia\u0142\u00f3w wybuchowych","potentialAction":[{"@type":"SearchAction","target":{"@type":"EntryPoint","urlTemplate":"https:\/\/nitroerg.pl\/?s={search_term_string}"},"query-input":{"@type":"PropertyValueSpecification","valueRequired":true,"valueName":"search_term_string"}}],"inLanguage":"en-US"}]}},"_links":{"self":[{"href":"https:\/\/nitroerg.pl\/en\/wp-json\/wp\/v2\/pages\/20330","targetHints":{"allow":["GET"]}}],"collection":[{"href":"https:\/\/nitroerg.pl\/en\/wp-json\/wp\/v2\/pages"}],"about":[{"href":"https:\/\/nitroerg.pl\/en\/wp-json\/wp\/v2\/types\/page"}],"author":[{"embeddable":true,"href":"https:\/\/nitroerg.pl\/en\/wp-json\/wp\/v2\/users\/19"}],"replies":[{"embeddable":true,"href":"https:\/\/nitroerg.pl\/en\/wp-json\/wp\/v2\/comments?post=20330"}],"version-history":[{"count":2,"href":"https:\/\/nitroerg.pl\/en\/wp-json\/wp\/v2\/pages\/20330\/revisions"}],"predecessor-version":[{"id":20348,"href":"https:\/\/nitroerg.pl\/en\/wp-json\/wp\/v2\/pages\/20330\/revisions\/20348"}],"wp:attachment":[{"href":"https:\/\/nitroerg.pl\/en\/wp-json\/wp\/v2\/media?parent=20330"}],"curies":[{"name":"wp","href":"https:\/\/api.w.org\/{rel}","templated":true}]}}