{"id":1791,"date":"2018-11-20T09:57:05","date_gmt":"2018-11-20T08:57:05","guid":{"rendered":"http:\/\/nitroerg.pl\/podstawowe-informacje\/"},"modified":"2019-10-10T20:45:05","modified_gmt":"2019-10-10T18:45:05","slug":"shareholders","status":"publish","type":"page","link":"https:\/\/nitroerg.pl\/en\/akcjonariusze\/shareholders\/","title":{"rendered":"Shareholders"},"content":{"rendered":"<p>The share capital of NITROERG S.A. <b>amounts to PLN 61,892,000 and is divided into 6,189,200 shares<\/b>. The majority shareholder is KGHM Polska Mied\u017a S.A.<\/p>\n<p>&nbsp;<\/p>\n<p>Shareholding structure of NITROERG S.A.<\/p>\n<p><img loading=\"lazy\" decoding=\"async\" class=\"alignnone wp-image-4380 size-full\" src=\"http:\/\/nitroerg.pl\/wp-content\/uploads\/2019\/03\/wykres-2.png\" alt=\"\" width=\"694\" height=\"323\" srcset=\"https:\/\/nitroerg.pl\/wp-content\/uploads\/2019\/03\/wykres-2.png 694w, https:\/\/nitroerg.pl\/wp-content\/uploads\/2019\/03\/wykres-2-300x140.png 300w, https:\/\/nitroerg.pl\/wp-content\/uploads\/2019\/03\/wykres-2-440x205.png 440w\" sizes=\"auto, (max-width: 694px) 100vw, 694px\" \/><\/p>\n<p>&nbsp;<\/p>\n","protected":false},"excerpt":{"rendered":"<p>The share capital of NITROERG S.A. amounts to PLN 61,892,000 and is divided into 6,189,200 shares. The majority shareholder is<a class=\"more-link\" href=\"https:\/\/nitroerg.pl\/en\/akcjonariusze\/shareholders\/\">&#8230;<\/a><\/p>\n","protected":false},"author":3,"featured_media":0,"parent":1801,"menu_order":0,"comment_status":"closed","ping_status":"closed","template":"","meta":{"_acf_changed":false,"footnotes":""},"class_list":["post-1791","page","type-page","status-publish","hentry"],"acf":[],"yoast_head":"<!-- This site is optimized with the Yoast SEO plugin v27.1.1 - https:\/\/yoast.com\/product\/yoast-seo-wordpress\/ -->\n<title>Shareholders | NITROERG<\/title>\n<meta name=\"robots\" content=\"index, follow, max-snippet:-1, max-image-preview:large, max-video-preview:-1\" \/>\n<link rel=\"canonical\" href=\"https:\/\/nitroerg.pl\/en\/akcjonariusze\/shareholders\/\" \/>\n<meta property=\"og:locale\" content=\"en_US\" \/>\n<meta property=\"og:type\" content=\"article\" \/>\n<meta property=\"og:title\" content=\"Shareholders | NITROERG\" \/>\n<meta property=\"og:description\" content=\"The share capital of NITROERG S.A. amounts to PLN 61,892,000 and is divided into 6,189,200 shares. The majority shareholder is...\" \/>\n<meta property=\"og:url\" content=\"https:\/\/nitroerg.pl\/en\/akcjonariusze\/shareholders\/\" \/>\n<meta property=\"og:site_name\" content=\"NITROERG\" \/>\n<meta property=\"article:modified_time\" content=\"2019-10-10T18:45:05+00:00\" \/>\n<meta property=\"og:image\" content=\"http:\/\/nitroerg.pl\/wp-content\/uploads\/2019\/03\/wykres-2.png\" \/>\n<meta name=\"twitter:card\" content=\"summary_large_image\" \/>\n<script type=\"application\/ld+json\" class=\"yoast-schema-graph\">{\"@context\":\"https:\/\/schema.org\",\"@graph\":[{\"@type\":\"WebPage\",\"@id\":\"https:\/\/nitroerg.pl\/en\/akcjonariusze\/shareholders\/\",\"url\":\"https:\/\/nitroerg.pl\/en\/akcjonariusze\/shareholders\/\",\"name\":\"Shareholders | NITROERG\",\"isPartOf\":{\"@id\":\"https:\/\/nitroerg.pl\/#website\"},\"primaryImageOfPage\":{\"@id\":\"https:\/\/nitroerg.pl\/en\/akcjonariusze\/shareholders\/#primaryimage\"},\"image\":{\"@id\":\"https:\/\/nitroerg.pl\/en\/akcjonariusze\/shareholders\/#primaryimage\"},\"thumbnailUrl\":\"http:\/\/nitroerg.pl\/wp-content\/uploads\/2019\/03\/wykres-2.png\",\"datePublished\":\"2018-11-20T08:57:05+00:00\",\"dateModified\":\"2019-10-10T18:45:05+00:00\",\"breadcrumb\":{\"@id\":\"https:\/\/nitroerg.pl\/en\/akcjonariusze\/shareholders\/#breadcrumb\"},\"inLanguage\":\"en-US\",\"potentialAction\":[{\"@type\":\"ReadAction\",\"target\":[\"https:\/\/nitroerg.pl\/en\/akcjonariusze\/shareholders\/\"]}]},{\"@type\":\"ImageObject\",\"inLanguage\":\"en-US\",\"@id\":\"https:\/\/nitroerg.pl\/en\/akcjonariusze\/shareholders\/#primaryimage\",\"url\":\"http:\/\/nitroerg.pl\/wp-content\/uploads\/2019\/03\/wykres-2.png\",\"contentUrl\":\"http:\/\/nitroerg.pl\/wp-content\/uploads\/2019\/03\/wykres-2.png\"},{\"@type\":\"BreadcrumbList\",\"@id\":\"https:\/\/nitroerg.pl\/en\/akcjonariusze\/shareholders\/#breadcrumb\",\"itemListElement\":[{\"@type\":\"ListItem\",\"position\":1,\"name\":\"Home\",\"item\":\"https:\/\/nitroerg.pl\/en\/\"},{\"@type\":\"ListItem\",\"position\":2,\"name\":\"Akcjonariusze\",\"item\":\"https:\/\/nitroerg.pl\/en\/akcjonariusze\/\"},{\"@type\":\"ListItem\",\"position\":3,\"name\":\"Shareholders\"}]},{\"@type\":\"WebSite\",\"@id\":\"https:\/\/nitroerg.pl\/#website\",\"url\":\"https:\/\/nitroerg.pl\/\",\"name\":\"NITROERG\",\"description\":\"Najwi\u0119kszy w Polsce i jeden z najwi\u0119kszych w Europie producent materia\u0142\u00f3w wybuchowych\",\"potentialAction\":[{\"@type\":\"SearchAction\",\"target\":{\"@type\":\"EntryPoint\",\"urlTemplate\":\"https:\/\/nitroerg.pl\/?s={search_term_string}\"},\"query-input\":{\"@type\":\"PropertyValueSpecification\",\"valueRequired\":true,\"valueName\":\"search_term_string\"}}],\"inLanguage\":\"en-US\"}]}<\/script>\n<!-- \/ Yoast SEO plugin. -->","yoast_head_json":{"title":"Shareholders | NITROERG","robots":{"index":"index","follow":"follow","max-snippet":"max-snippet:-1","max-image-preview":"max-image-preview:large","max-video-preview":"max-video-preview:-1"},"canonical":"https:\/\/nitroerg.pl\/en\/akcjonariusze\/shareholders\/","og_locale":"en_US","og_type":"article","og_title":"Shareholders | NITROERG","og_description":"The share capital of NITROERG S.A. amounts to PLN 61,892,000 and is divided into 6,189,200 shares. The majority shareholder is...","og_url":"https:\/\/nitroerg.pl\/en\/akcjonariusze\/shareholders\/","og_site_name":"NITROERG","article_modified_time":"2019-10-10T18:45:05+00:00","og_image":[{"url":"http:\/\/nitroerg.pl\/wp-content\/uploads\/2019\/03\/wykres-2.png","type":"","width":"","height":""}],"twitter_card":"summary_large_image","schema":{"@context":"https:\/\/schema.org","@graph":[{"@type":"WebPage","@id":"https:\/\/nitroerg.pl\/en\/akcjonariusze\/shareholders\/","url":"https:\/\/nitroerg.pl\/en\/akcjonariusze\/shareholders\/","name":"Shareholders | NITROERG","isPartOf":{"@id":"https:\/\/nitroerg.pl\/#website"},"primaryImageOfPage":{"@id":"https:\/\/nitroerg.pl\/en\/akcjonariusze\/shareholders\/#primaryimage"},"image":{"@id":"https:\/\/nitroerg.pl\/en\/akcjonariusze\/shareholders\/#primaryimage"},"thumbnailUrl":"http:\/\/nitroerg.pl\/wp-content\/uploads\/2019\/03\/wykres-2.png","datePublished":"2018-11-20T08:57:05+00:00","dateModified":"2019-10-10T18:45:05+00:00","breadcrumb":{"@id":"https:\/\/nitroerg.pl\/en\/akcjonariusze\/shareholders\/#breadcrumb"},"inLanguage":"en-US","potentialAction":[{"@type":"ReadAction","target":["https:\/\/nitroerg.pl\/en\/akcjonariusze\/shareholders\/"]}]},{"@type":"ImageObject","inLanguage":"en-US","@id":"https:\/\/nitroerg.pl\/en\/akcjonariusze\/shareholders\/#primaryimage","url":"http:\/\/nitroerg.pl\/wp-content\/uploads\/2019\/03\/wykres-2.png","contentUrl":"http:\/\/nitroerg.pl\/wp-content\/uploads\/2019\/03\/wykres-2.png"},{"@type":"BreadcrumbList","@id":"https:\/\/nitroerg.pl\/en\/akcjonariusze\/shareholders\/#breadcrumb","itemListElement":[{"@type":"ListItem","position":1,"name":"Home","item":"https:\/\/nitroerg.pl\/en\/"},{"@type":"ListItem","position":2,"name":"Akcjonariusze","item":"https:\/\/nitroerg.pl\/en\/akcjonariusze\/"},{"@type":"ListItem","position":3,"name":"Shareholders"}]},{"@type":"WebSite","@id":"https:\/\/nitroerg.pl\/#website","url":"https:\/\/nitroerg.pl\/","name":"NITROERG","description":"Najwi\u0119kszy w Polsce i jeden z najwi\u0119kszych w Europie producent materia\u0142\u00f3w wybuchowych","potentialAction":[{"@type":"SearchAction","target":{"@type":"EntryPoint","urlTemplate":"https:\/\/nitroerg.pl\/?s={search_term_string}"},"query-input":{"@type":"PropertyValueSpecification","valueRequired":true,"valueName":"search_term_string"}}],"inLanguage":"en-US"}]}},"_links":{"self":[{"href":"https:\/\/nitroerg.pl\/en\/wp-json\/wp\/v2\/pages\/1791","targetHints":{"allow":["GET"]}}],"collection":[{"href":"https:\/\/nitroerg.pl\/en\/wp-json\/wp\/v2\/pages"}],"about":[{"href":"https:\/\/nitroerg.pl\/en\/wp-json\/wp\/v2\/types\/page"}],"author":[{"embeddable":true,"href":"https:\/\/nitroerg.pl\/en\/wp-json\/wp\/v2\/users\/3"}],"replies":[{"embeddable":true,"href":"https:\/\/nitroerg.pl\/en\/wp-json\/wp\/v2\/comments?post=1791"}],"version-history":[{"count":18,"href":"https:\/\/nitroerg.pl\/en\/wp-json\/wp\/v2\/pages\/1791\/revisions"}],"predecessor-version":[{"id":6426,"href":"https:\/\/nitroerg.pl\/en\/wp-json\/wp\/v2\/pages\/1791\/revisions\/6426"}],"up":[{"embeddable":true,"href":"https:\/\/nitroerg.pl\/en\/wp-json\/wp\/v2\/pages\/1801"}],"wp:attachment":[{"href":"https:\/\/nitroerg.pl\/en\/wp-json\/wp\/v2\/media?parent=1791"}],"curies":[{"name":"wp","href":"https:\/\/api.w.org\/{rel}","templated":true}]}}