{"id":1777,"date":"2018-11-20T10:11:37","date_gmt":"2018-11-20T09:11:37","guid":{"rendered":"http:\/\/nitroerg.pl\/status\/"},"modified":"2023-08-18T12:19:29","modified_gmt":"2023-08-18T10:19:29","slug":"status","status":"publish","type":"page","link":"https:\/\/nitroerg.pl\/en\/akcjonariusze\/status\/","title":{"rendered":"Status"},"content":{"rendered":"<p>Zarz\u0105d NITROERG S.A. przekazuje w za\u0142\u0105czeniu tekst jednolity Statutu Sp\u00f3\u0142ki, uwzgl\u0119dniaj\u0105cy zmiany uchwalone przez Zwyczajne Walne Zgromadzenie Sp\u00f3\u0142ki w dniu 7 czerwca 2023 r.<\/p>\n","protected":false},"excerpt":{"rendered":"<p>Zarz\u0105d NITROERG S.A. przekazuje w za\u0142\u0105czeniu tekst jednolity Statutu Sp\u00f3\u0142ki, uwzgl\u0119dniaj\u0105cy zmiany uchwalone przez Zwyczajne Walne Zgromadzenie Sp\u00f3\u0142ki w dniu<a class=\"more-link\" href=\"https:\/\/nitroerg.pl\/en\/akcjonariusze\/status\/\">&#8230;<\/a><\/p>\n","protected":false},"author":3,"featured_media":0,"parent":1801,"menu_order":0,"comment_status":"closed","ping_status":"closed","template":"","meta":{"_acf_changed":false,"footnotes":""},"class_list":["post-1777","page","type-page","status-publish","hentry"],"acf":[],"yoast_head":"<!-- This site is optimized with the Yoast SEO plugin v27.1.1 - https:\/\/yoast.com\/product\/yoast-seo-wordpress\/ -->\n<title>Akcjonariusze | NITROERG<\/title>\n<meta name=\"robots\" content=\"index, follow, max-snippet:-1, max-image-preview:large, max-video-preview:-1\" \/>\n<link rel=\"canonical\" href=\"https:\/\/nitroerg.pl\/akcjonariusze\/status\/\" \/>\n<meta property=\"og:locale\" content=\"en_US\" \/>\n<meta property=\"og:type\" content=\"article\" \/>\n<meta property=\"og:title\" content=\"Akcjonariusze | NITROERG\" \/>\n<meta property=\"og:description\" content=\"Zarz\u0105d NITROERG S.A. przekazuje w za\u0142\u0105czeniu tekst jednolity Statutu Sp\u00f3\u0142ki, uwzgl\u0119dniaj\u0105cy zmiany uchwalone przez Zwyczajne Walne Zgromadzenie Sp\u00f3\u0142ki w dniu...\" \/>\n<meta property=\"og:url\" content=\"https:\/\/nitroerg.pl\/akcjonariusze\/status\/\" \/>\n<meta property=\"og:site_name\" content=\"NITROERG\" \/>\n<meta property=\"article:modified_time\" content=\"2023-08-18T10:19:29+00:00\" \/>\n<meta name=\"twitter:card\" content=\"summary_large_image\" \/>\n<meta name=\"twitter:label1\" content=\"Est. reading time\" \/>\n\t<meta name=\"twitter:data1\" content=\"1 minute\" \/>\n<script type=\"application\/ld+json\" class=\"yoast-schema-graph\">{\"@context\":\"https:\/\/schema.org\",\"@graph\":[{\"@type\":\"WebPage\",\"@id\":\"https:\/\/nitroerg.pl\/akcjonariusze\/status\/\",\"url\":\"https:\/\/nitroerg.pl\/akcjonariusze\/status\/\",\"name\":\"Akcjonariusze | NITROERG\",\"isPartOf\":{\"@id\":\"https:\/\/nitroerg.pl\/#website\"},\"datePublished\":\"2018-11-20T09:11:37+00:00\",\"dateModified\":\"2023-08-18T10:19:29+00:00\",\"breadcrumb\":{\"@id\":\"https:\/\/nitroerg.pl\/akcjonariusze\/status\/#breadcrumb\"},\"inLanguage\":\"en-US\",\"potentialAction\":[{\"@type\":\"ReadAction\",\"target\":[\"https:\/\/nitroerg.pl\/akcjonariusze\/status\/\"]}]},{\"@type\":\"BreadcrumbList\",\"@id\":\"https:\/\/nitroerg.pl\/akcjonariusze\/status\/#breadcrumb\",\"itemListElement\":[{\"@type\":\"ListItem\",\"position\":1,\"name\":\"Home\",\"item\":\"https:\/\/nitroerg.pl\/en\/\"},{\"@type\":\"ListItem\",\"position\":2,\"name\":\"Akcjonariusze\",\"item\":\"https:\/\/nitroerg.pl\/en\/akcjonariusze\/\"},{\"@type\":\"ListItem\",\"position\":3,\"name\":\"Status\"}]},{\"@type\":\"WebSite\",\"@id\":\"https:\/\/nitroerg.pl\/#website\",\"url\":\"https:\/\/nitroerg.pl\/\",\"name\":\"NITROERG\",\"description\":\"Najwi\u0119kszy w Polsce i jeden z najwi\u0119kszych w Europie producent materia\u0142\u00f3w wybuchowych\",\"potentialAction\":[{\"@type\":\"SearchAction\",\"target\":{\"@type\":\"EntryPoint\",\"urlTemplate\":\"https:\/\/nitroerg.pl\/?s={search_term_string}\"},\"query-input\":{\"@type\":\"PropertyValueSpecification\",\"valueRequired\":true,\"valueName\":\"search_term_string\"}}],\"inLanguage\":\"en-US\"}]}<\/script>\n<!-- \/ Yoast SEO plugin. -->","yoast_head_json":{"title":"Akcjonariusze | NITROERG","robots":{"index":"index","follow":"follow","max-snippet":"max-snippet:-1","max-image-preview":"max-image-preview:large","max-video-preview":"max-video-preview:-1"},"canonical":"https:\/\/nitroerg.pl\/akcjonariusze\/status\/","og_locale":"en_US","og_type":"article","og_title":"Akcjonariusze | NITROERG","og_description":"Zarz\u0105d NITROERG S.A. przekazuje w za\u0142\u0105czeniu tekst jednolity Statutu Sp\u00f3\u0142ki, uwzgl\u0119dniaj\u0105cy zmiany uchwalone przez Zwyczajne Walne Zgromadzenie Sp\u00f3\u0142ki w dniu...","og_url":"https:\/\/nitroerg.pl\/akcjonariusze\/status\/","og_site_name":"NITROERG","article_modified_time":"2023-08-18T10:19:29+00:00","twitter_card":"summary_large_image","twitter_misc":{"Est. reading time":"1 minute"},"schema":{"@context":"https:\/\/schema.org","@graph":[{"@type":"WebPage","@id":"https:\/\/nitroerg.pl\/akcjonariusze\/status\/","url":"https:\/\/nitroerg.pl\/akcjonariusze\/status\/","name":"Akcjonariusze | NITROERG","isPartOf":{"@id":"https:\/\/nitroerg.pl\/#website"},"datePublished":"2018-11-20T09:11:37+00:00","dateModified":"2023-08-18T10:19:29+00:00","breadcrumb":{"@id":"https:\/\/nitroerg.pl\/akcjonariusze\/status\/#breadcrumb"},"inLanguage":"en-US","potentialAction":[{"@type":"ReadAction","target":["https:\/\/nitroerg.pl\/akcjonariusze\/status\/"]}]},{"@type":"BreadcrumbList","@id":"https:\/\/nitroerg.pl\/akcjonariusze\/status\/#breadcrumb","itemListElement":[{"@type":"ListItem","position":1,"name":"Home","item":"https:\/\/nitroerg.pl\/en\/"},{"@type":"ListItem","position":2,"name":"Akcjonariusze","item":"https:\/\/nitroerg.pl\/en\/akcjonariusze\/"},{"@type":"ListItem","position":3,"name":"Status"}]},{"@type":"WebSite","@id":"https:\/\/nitroerg.pl\/#website","url":"https:\/\/nitroerg.pl\/","name":"NITROERG","description":"Najwi\u0119kszy w Polsce i jeden z najwi\u0119kszych w Europie producent materia\u0142\u00f3w wybuchowych","potentialAction":[{"@type":"SearchAction","target":{"@type":"EntryPoint","urlTemplate":"https:\/\/nitroerg.pl\/?s={search_term_string}"},"query-input":{"@type":"PropertyValueSpecification","valueRequired":true,"valueName":"search_term_string"}}],"inLanguage":"en-US"}]}},"_links":{"self":[{"href":"https:\/\/nitroerg.pl\/en\/wp-json\/wp\/v2\/pages\/1777","targetHints":{"allow":["GET"]}}],"collection":[{"href":"https:\/\/nitroerg.pl\/en\/wp-json\/wp\/v2\/pages"}],"about":[{"href":"https:\/\/nitroerg.pl\/en\/wp-json\/wp\/v2\/types\/page"}],"author":[{"embeddable":true,"href":"https:\/\/nitroerg.pl\/en\/wp-json\/wp\/v2\/users\/3"}],"replies":[{"embeddable":true,"href":"https:\/\/nitroerg.pl\/en\/wp-json\/wp\/v2\/comments?post=1777"}],"version-history":[{"count":13,"href":"https:\/\/nitroerg.pl\/en\/wp-json\/wp\/v2\/pages\/1777\/revisions"}],"predecessor-version":[{"id":13000,"href":"https:\/\/nitroerg.pl\/en\/wp-json\/wp\/v2\/pages\/1777\/revisions\/13000"}],"up":[{"embeddable":true,"href":"https:\/\/nitroerg.pl\/en\/wp-json\/wp\/v2\/pages\/1801"}],"wp:attachment":[{"href":"https:\/\/nitroerg.pl\/en\/wp-json\/wp\/v2\/media?parent=1777"}],"curies":[{"name":"wp","href":"https:\/\/api.w.org\/{rel}","templated":true}]}}