{"id":1737,"date":"2018-11-21T10:33:39","date_gmt":"2018-11-21T09:33:39","guid":{"rendered":"http:\/\/nitroerg.pl\/uslugi-wiertniczo-strzalowe\/"},"modified":"2019-02-18T16:06:48","modified_gmt":"2019-02-18T15:06:48","slug":"drilling-and-blasting-services","status":"publish","type":"page","link":"https:\/\/nitroerg.pl\/en\/drilling-and-blasting-services\/","title":{"rendered":"Drilling and blasting services"},"content":{"rendered":"<p align=\"JUSTIFY\"><span lang=\"en-GB\">NITROERG SERWIS is a representative and distributor of NITROERG S.A. within the scope of blasting agents on the open-pit mining market and within the area of civil works carried out using of explosives.<\/span><\/p>\n","protected":false},"excerpt":{"rendered":"<p>NITROERG SERWIS is a representative and distributor of NITROERG S.A. within the scope of blasting agents on the open-pit mining<a class=\"more-link\" href=\"https:\/\/nitroerg.pl\/en\/drilling-and-blasting-services\/\">&#8230;<\/a><\/p>\n","protected":false},"author":3,"featured_media":0,"parent":0,"menu_order":0,"comment_status":"closed","ping_status":"closed","template":"templates\/template-service.php","meta":{"_acf_changed":false,"footnotes":""},"class_list":["post-1737","page","type-page","status-publish","hentry"],"acf":[],"yoast_head":"<!-- This site is optimized with the Yoast SEO plugin v27.1.1 - https:\/\/yoast.com\/product\/yoast-seo-wordpress\/ -->\n<title>Drilling and blasting services - NITROERG<\/title>\n<meta name=\"robots\" content=\"index, follow, max-snippet:-1, max-image-preview:large, max-video-preview:-1\" \/>\n<link rel=\"canonical\" href=\"https:\/\/nitroerg.pl\/en\/drilling-and-blasting-services\/\" \/>\n<meta property=\"og:locale\" content=\"en_US\" \/>\n<meta property=\"og:type\" content=\"article\" \/>\n<meta property=\"og:title\" content=\"Drilling and blasting services - NITROERG\" \/>\n<meta property=\"og:description\" content=\"NITROERG SERWIS is a representative and distributor of NITROERG S.A. within the scope of blasting agents on the open-pit mining...\" \/>\n<meta property=\"og:url\" content=\"https:\/\/nitroerg.pl\/en\/drilling-and-blasting-services\/\" \/>\n<meta property=\"og:site_name\" content=\"NITROERG\" \/>\n<meta property=\"article:modified_time\" content=\"2019-02-18T15:06:48+00:00\" \/>\n<meta name=\"twitter:card\" content=\"summary_large_image\" \/>\n<script type=\"application\/ld+json\" class=\"yoast-schema-graph\">{\"@context\":\"https:\/\/schema.org\",\"@graph\":[{\"@type\":\"WebPage\",\"@id\":\"https:\/\/nitroerg.pl\/en\/drilling-and-blasting-services\/\",\"url\":\"https:\/\/nitroerg.pl\/en\/drilling-and-blasting-services\/\",\"name\":\"Drilling and blasting services - NITROERG\",\"isPartOf\":{\"@id\":\"https:\/\/nitroerg.pl\/#website\"},\"datePublished\":\"2018-11-21T09:33:39+00:00\",\"dateModified\":\"2019-02-18T15:06:48+00:00\",\"breadcrumb\":{\"@id\":\"https:\/\/nitroerg.pl\/en\/drilling-and-blasting-services\/#breadcrumb\"},\"inLanguage\":\"en-US\",\"potentialAction\":[{\"@type\":\"ReadAction\",\"target\":[\"https:\/\/nitroerg.pl\/en\/drilling-and-blasting-services\/\"]}]},{\"@type\":\"BreadcrumbList\",\"@id\":\"https:\/\/nitroerg.pl\/en\/drilling-and-blasting-services\/#breadcrumb\",\"itemListElement\":[{\"@type\":\"ListItem\",\"position\":1,\"name\":\"Home\",\"item\":\"https:\/\/nitroerg.pl\/en\/\"},{\"@type\":\"ListItem\",\"position\":2,\"name\":\"Drilling and blasting services\"}]},{\"@type\":\"WebSite\",\"@id\":\"https:\/\/nitroerg.pl\/#website\",\"url\":\"https:\/\/nitroerg.pl\/\",\"name\":\"NITROERG\",\"description\":\"Najwi\u0119kszy w Polsce i jeden z najwi\u0119kszych w Europie producent materia\u0142\u00f3w wybuchowych\",\"potentialAction\":[{\"@type\":\"SearchAction\",\"target\":{\"@type\":\"EntryPoint\",\"urlTemplate\":\"https:\/\/nitroerg.pl\/?s={search_term_string}\"},\"query-input\":{\"@type\":\"PropertyValueSpecification\",\"valueRequired\":true,\"valueName\":\"search_term_string\"}}],\"inLanguage\":\"en-US\"}]}<\/script>\n<!-- \/ Yoast SEO plugin. -->","yoast_head_json":{"title":"Drilling and blasting services - NITROERG","robots":{"index":"index","follow":"follow","max-snippet":"max-snippet:-1","max-image-preview":"max-image-preview:large","max-video-preview":"max-video-preview:-1"},"canonical":"https:\/\/nitroerg.pl\/en\/drilling-and-blasting-services\/","og_locale":"en_US","og_type":"article","og_title":"Drilling and blasting services - NITROERG","og_description":"NITROERG SERWIS is a representative and distributor of NITROERG S.A. within the scope of blasting agents on the open-pit mining...","og_url":"https:\/\/nitroerg.pl\/en\/drilling-and-blasting-services\/","og_site_name":"NITROERG","article_modified_time":"2019-02-18T15:06:48+00:00","twitter_card":"summary_large_image","schema":{"@context":"https:\/\/schema.org","@graph":[{"@type":"WebPage","@id":"https:\/\/nitroerg.pl\/en\/drilling-and-blasting-services\/","url":"https:\/\/nitroerg.pl\/en\/drilling-and-blasting-services\/","name":"Drilling and blasting services - NITROERG","isPartOf":{"@id":"https:\/\/nitroerg.pl\/#website"},"datePublished":"2018-11-21T09:33:39+00:00","dateModified":"2019-02-18T15:06:48+00:00","breadcrumb":{"@id":"https:\/\/nitroerg.pl\/en\/drilling-and-blasting-services\/#breadcrumb"},"inLanguage":"en-US","potentialAction":[{"@type":"ReadAction","target":["https:\/\/nitroerg.pl\/en\/drilling-and-blasting-services\/"]}]},{"@type":"BreadcrumbList","@id":"https:\/\/nitroerg.pl\/en\/drilling-and-blasting-services\/#breadcrumb","itemListElement":[{"@type":"ListItem","position":1,"name":"Home","item":"https:\/\/nitroerg.pl\/en\/"},{"@type":"ListItem","position":2,"name":"Drilling and blasting services"}]},{"@type":"WebSite","@id":"https:\/\/nitroerg.pl\/#website","url":"https:\/\/nitroerg.pl\/","name":"NITROERG","description":"Najwi\u0119kszy w Polsce i jeden z najwi\u0119kszych w Europie producent materia\u0142\u00f3w wybuchowych","potentialAction":[{"@type":"SearchAction","target":{"@type":"EntryPoint","urlTemplate":"https:\/\/nitroerg.pl\/?s={search_term_string}"},"query-input":{"@type":"PropertyValueSpecification","valueRequired":true,"valueName":"search_term_string"}}],"inLanguage":"en-US"}]}},"_links":{"self":[{"href":"https:\/\/nitroerg.pl\/en\/wp-json\/wp\/v2\/pages\/1737","targetHints":{"allow":["GET"]}}],"collection":[{"href":"https:\/\/nitroerg.pl\/en\/wp-json\/wp\/v2\/pages"}],"about":[{"href":"https:\/\/nitroerg.pl\/en\/wp-json\/wp\/v2\/types\/page"}],"author":[{"embeddable":true,"href":"https:\/\/nitroerg.pl\/en\/wp-json\/wp\/v2\/users\/3"}],"replies":[{"embeddable":true,"href":"https:\/\/nitroerg.pl\/en\/wp-json\/wp\/v2\/comments?post=1737"}],"version-history":[{"count":16,"href":"https:\/\/nitroerg.pl\/en\/wp-json\/wp\/v2\/pages\/1737\/revisions"}],"predecessor-version":[{"id":3902,"href":"https:\/\/nitroerg.pl\/en\/wp-json\/wp\/v2\/pages\/1737\/revisions\/3902"}],"wp:attachment":[{"href":"https:\/\/nitroerg.pl\/en\/wp-json\/wp\/v2\/media?parent=1737"}],"curies":[{"name":"wp","href":"https:\/\/api.w.org\/{rel}","templated":true}]}}