{"id":1733,"date":"2018-11-21T10:55:35","date_gmt":"2018-11-21T09:55:35","guid":{"rendered":"http:\/\/nitroerg.pl\/wladze-spolki\/"},"modified":"2025-11-17T23:40:10","modified_gmt":"2025-11-17T22:40:10","slug":"company-authorities","status":"publish","type":"page","link":"https:\/\/nitroerg.pl\/en\/company-authorities\/","title":{"rendered":"Management Board"},"content":{"rendered":"<p align=\"JUSTIFY\"><span lang=\"en-GB\">The Management Board and the Supervisory Board supervise the operating effectiveness and cohesion of NITROERG S.A. Thanks to cooperation and clearly defined objectives, the company is able to pursue the adopted strategy and strive for further development.<\/span><\/p>\n","protected":false},"excerpt":{"rendered":"<p>The Management Board and the Supervisory Board supervise the operating effectiveness and cohesion of NITROERG S.A. Thanks to cooperation and<a class=\"more-link\" href=\"https:\/\/nitroerg.pl\/en\/company-authorities\/\">&#8230;<\/a><\/p>\n","protected":false},"author":3,"featured_media":0,"parent":0,"menu_order":0,"comment_status":"closed","ping_status":"closed","template":"templates\/template-management.php","meta":{"_acf_changed":false,"footnotes":""},"class_list":["post-1733","page","type-page","status-publish","hentry"],"acf":[],"yoast_head":"<!-- This site is optimized with the Yoast SEO plugin v27.1.1 - https:\/\/yoast.com\/product\/yoast-seo-wordpress\/ -->\n<title>Company authorities<\/title>\n<meta name=\"robots\" content=\"index, follow, max-snippet:-1, max-image-preview:large, max-video-preview:-1\" \/>\n<link rel=\"canonical\" href=\"https:\/\/nitroerg.pl\/en\/company-authorities\/\" \/>\n<meta property=\"og:locale\" content=\"en_US\" \/>\n<meta property=\"og:type\" content=\"article\" \/>\n<meta property=\"og:title\" content=\"Company authorities\" \/>\n<meta property=\"og:description\" content=\"The Management Board and the Supervisory Board supervise the operating effectiveness and cohesion of NITROERG S.A. Thanks to cooperation and...\" \/>\n<meta property=\"og:url\" content=\"https:\/\/nitroerg.pl\/en\/company-authorities\/\" \/>\n<meta property=\"og:site_name\" content=\"NITROERG\" \/>\n<meta property=\"article:modified_time\" content=\"2025-11-17T22:40:10+00:00\" \/>\n<meta name=\"twitter:card\" content=\"summary_large_image\" \/>\n<meta name=\"twitter:label1\" content=\"Est. reading time\" \/>\n\t<meta name=\"twitter:data1\" content=\"1 minute\" \/>\n<script type=\"application\/ld+json\" class=\"yoast-schema-graph\">{\"@context\":\"https:\/\/schema.org\",\"@graph\":[{\"@type\":\"WebPage\",\"@id\":\"https:\/\/nitroerg.pl\/en\/company-authorities\/\",\"url\":\"https:\/\/nitroerg.pl\/en\/company-authorities\/\",\"name\":\"Company authorities\",\"isPartOf\":{\"@id\":\"https:\/\/nitroerg.pl\/#website\"},\"datePublished\":\"2018-11-21T09:55:35+00:00\",\"dateModified\":\"2025-11-17T22:40:10+00:00\",\"breadcrumb\":{\"@id\":\"https:\/\/nitroerg.pl\/en\/company-authorities\/#breadcrumb\"},\"inLanguage\":\"en-US\",\"potentialAction\":[{\"@type\":\"ReadAction\",\"target\":[\"https:\/\/nitroerg.pl\/en\/company-authorities\/\"]}]},{\"@type\":\"BreadcrumbList\",\"@id\":\"https:\/\/nitroerg.pl\/en\/company-authorities\/#breadcrumb\",\"itemListElement\":[{\"@type\":\"ListItem\",\"position\":1,\"name\":\"Home\",\"item\":\"https:\/\/nitroerg.pl\/en\/\"},{\"@type\":\"ListItem\",\"position\":2,\"name\":\"Management Board\"}]},{\"@type\":\"WebSite\",\"@id\":\"https:\/\/nitroerg.pl\/#website\",\"url\":\"https:\/\/nitroerg.pl\/\",\"name\":\"NITROERG\",\"description\":\"Najwi\u0119kszy w Polsce i jeden z najwi\u0119kszych w Europie producent materia\u0142\u00f3w wybuchowych\",\"potentialAction\":[{\"@type\":\"SearchAction\",\"target\":{\"@type\":\"EntryPoint\",\"urlTemplate\":\"https:\/\/nitroerg.pl\/?s={search_term_string}\"},\"query-input\":{\"@type\":\"PropertyValueSpecification\",\"valueRequired\":true,\"valueName\":\"search_term_string\"}}],\"inLanguage\":\"en-US\"}]}<\/script>\n<!-- \/ Yoast SEO plugin. -->","yoast_head_json":{"title":"Company authorities","robots":{"index":"index","follow":"follow","max-snippet":"max-snippet:-1","max-image-preview":"max-image-preview:large","max-video-preview":"max-video-preview:-1"},"canonical":"https:\/\/nitroerg.pl\/en\/company-authorities\/","og_locale":"en_US","og_type":"article","og_title":"Company authorities","og_description":"The Management Board and the Supervisory Board supervise the operating effectiveness and cohesion of NITROERG S.A. Thanks to cooperation and...","og_url":"https:\/\/nitroerg.pl\/en\/company-authorities\/","og_site_name":"NITROERG","article_modified_time":"2025-11-17T22:40:10+00:00","twitter_card":"summary_large_image","twitter_misc":{"Est. reading time":"1 minute"},"schema":{"@context":"https:\/\/schema.org","@graph":[{"@type":"WebPage","@id":"https:\/\/nitroerg.pl\/en\/company-authorities\/","url":"https:\/\/nitroerg.pl\/en\/company-authorities\/","name":"Company authorities","isPartOf":{"@id":"https:\/\/nitroerg.pl\/#website"},"datePublished":"2018-11-21T09:55:35+00:00","dateModified":"2025-11-17T22:40:10+00:00","breadcrumb":{"@id":"https:\/\/nitroerg.pl\/en\/company-authorities\/#breadcrumb"},"inLanguage":"en-US","potentialAction":[{"@type":"ReadAction","target":["https:\/\/nitroerg.pl\/en\/company-authorities\/"]}]},{"@type":"BreadcrumbList","@id":"https:\/\/nitroerg.pl\/en\/company-authorities\/#breadcrumb","itemListElement":[{"@type":"ListItem","position":1,"name":"Home","item":"https:\/\/nitroerg.pl\/en\/"},{"@type":"ListItem","position":2,"name":"Management Board"}]},{"@type":"WebSite","@id":"https:\/\/nitroerg.pl\/#website","url":"https:\/\/nitroerg.pl\/","name":"NITROERG","description":"Najwi\u0119kszy w Polsce i jeden z najwi\u0119kszych w Europie producent materia\u0142\u00f3w wybuchowych","potentialAction":[{"@type":"SearchAction","target":{"@type":"EntryPoint","urlTemplate":"https:\/\/nitroerg.pl\/?s={search_term_string}"},"query-input":{"@type":"PropertyValueSpecification","valueRequired":true,"valueName":"search_term_string"}}],"inLanguage":"en-US"}]}},"_links":{"self":[{"href":"https:\/\/nitroerg.pl\/en\/wp-json\/wp\/v2\/pages\/1733","targetHints":{"allow":["GET"]}}],"collection":[{"href":"https:\/\/nitroerg.pl\/en\/wp-json\/wp\/v2\/pages"}],"about":[{"href":"https:\/\/nitroerg.pl\/en\/wp-json\/wp\/v2\/types\/page"}],"author":[{"embeddable":true,"href":"https:\/\/nitroerg.pl\/en\/wp-json\/wp\/v2\/users\/3"}],"replies":[{"embeddable":true,"href":"https:\/\/nitroerg.pl\/en\/wp-json\/wp\/v2\/comments?post=1733"}],"version-history":[{"count":39,"href":"https:\/\/nitroerg.pl\/en\/wp-json\/wp\/v2\/pages\/1733\/revisions"}],"predecessor-version":[{"id":19039,"href":"https:\/\/nitroerg.pl\/en\/wp-json\/wp\/v2\/pages\/1733\/revisions\/19039"}],"wp:attachment":[{"href":"https:\/\/nitroerg.pl\/en\/wp-json\/wp\/v2\/media?parent=1733"}],"curies":[{"name":"wp","href":"https:\/\/api.w.org\/{rel}","templated":true}]}}