{"id":1730,"date":"2018-12-02T18:50:59","date_gmt":"2018-12-02T17:50:59","guid":{"rendered":"http:\/\/nitroerg.pl\/produkty\/systemy-inicjowania\/"},"modified":"2019-03-20T15:52:36","modified_gmt":"2019-03-20T14:52:36","slug":"initiating-systems","status":"publish","type":"page","link":"https:\/\/nitroerg.pl\/en\/produkty\/initiating-systems\/","title":{"rendered":"Initiating systems"},"content":{"rendered":"","protected":false},"excerpt":{"rendered":"","protected":false},"author":3,"featured_media":0,"parent":1722,"menu_order":0,"comment_status":"closed","ping_status":"closed","template":"templates\/template-products.php","meta":{"_acf_changed":false,"footnotes":""},"class_list":["post-1730","page","type-page","status-publish","hentry"],"acf":[],"yoast_head":"<!-- This site is optimized with the Yoast SEO plugin v27.1.1 - https:\/\/yoast.com\/product\/yoast-seo-wordpress\/ -->\n<title>Initiating systems - NITROERG<\/title>\n<meta name=\"robots\" content=\"index, follow, max-snippet:-1, max-image-preview:large, max-video-preview:-1\" \/>\n<link rel=\"canonical\" href=\"https:\/\/nitroerg.pl\/en\/produkty\/initiating-systems\/\" \/>\n<meta property=\"og:locale\" content=\"en_US\" \/>\n<meta property=\"og:type\" content=\"article\" \/>\n<meta property=\"og:title\" content=\"Initiating systems - NITROERG\" \/>\n<meta property=\"og:url\" content=\"https:\/\/nitroerg.pl\/en\/produkty\/initiating-systems\/\" \/>\n<meta property=\"og:site_name\" content=\"NITROERG\" \/>\n<meta property=\"article:modified_time\" content=\"2019-03-20T14:52:36+00:00\" \/>\n<meta name=\"twitter:card\" content=\"summary_large_image\" \/>\n<script type=\"application\/ld+json\" class=\"yoast-schema-graph\">{\"@context\":\"https:\/\/schema.org\",\"@graph\":[{\"@type\":\"WebPage\",\"@id\":\"https:\/\/nitroerg.pl\/en\/produkty\/initiating-systems\/\",\"url\":\"https:\/\/nitroerg.pl\/en\/produkty\/initiating-systems\/\",\"name\":\"Initiating systems - NITROERG\",\"isPartOf\":{\"@id\":\"https:\/\/nitroerg.pl\/#website\"},\"datePublished\":\"2018-12-02T17:50:59+00:00\",\"dateModified\":\"2019-03-20T14:52:36+00:00\",\"breadcrumb\":{\"@id\":\"https:\/\/nitroerg.pl\/en\/produkty\/initiating-systems\/#breadcrumb\"},\"inLanguage\":\"en-US\",\"potentialAction\":[{\"@type\":\"ReadAction\",\"target\":[\"https:\/\/nitroerg.pl\/en\/produkty\/initiating-systems\/\"]}]},{\"@type\":\"BreadcrumbList\",\"@id\":\"https:\/\/nitroerg.pl\/en\/produkty\/initiating-systems\/#breadcrumb\",\"itemListElement\":[{\"@type\":\"ListItem\",\"position\":1,\"name\":\"Home\",\"item\":\"https:\/\/nitroerg.pl\/en\/\"},{\"@type\":\"ListItem\",\"position\":2,\"name\":\"Produkty\",\"item\":\"https:\/\/nitroerg.pl\/en\/produkty\/\"},{\"@type\":\"ListItem\",\"position\":3,\"name\":\"Initiating systems\"}]},{\"@type\":\"WebSite\",\"@id\":\"https:\/\/nitroerg.pl\/#website\",\"url\":\"https:\/\/nitroerg.pl\/\",\"name\":\"NITROERG\",\"description\":\"Najwi\u0119kszy w Polsce i jeden z najwi\u0119kszych w Europie producent materia\u0142\u00f3w wybuchowych\",\"potentialAction\":[{\"@type\":\"SearchAction\",\"target\":{\"@type\":\"EntryPoint\",\"urlTemplate\":\"https:\/\/nitroerg.pl\/?s={search_term_string}\"},\"query-input\":{\"@type\":\"PropertyValueSpecification\",\"valueRequired\":true,\"valueName\":\"search_term_string\"}}],\"inLanguage\":\"en-US\"}]}<\/script>\n<!-- \/ Yoast SEO plugin. -->","yoast_head_json":{"title":"Initiating systems - NITROERG","robots":{"index":"index","follow":"follow","max-snippet":"max-snippet:-1","max-image-preview":"max-image-preview:large","max-video-preview":"max-video-preview:-1"},"canonical":"https:\/\/nitroerg.pl\/en\/produkty\/initiating-systems\/","og_locale":"en_US","og_type":"article","og_title":"Initiating systems - NITROERG","og_url":"https:\/\/nitroerg.pl\/en\/produkty\/initiating-systems\/","og_site_name":"NITROERG","article_modified_time":"2019-03-20T14:52:36+00:00","twitter_card":"summary_large_image","schema":{"@context":"https:\/\/schema.org","@graph":[{"@type":"WebPage","@id":"https:\/\/nitroerg.pl\/en\/produkty\/initiating-systems\/","url":"https:\/\/nitroerg.pl\/en\/produkty\/initiating-systems\/","name":"Initiating systems - NITROERG","isPartOf":{"@id":"https:\/\/nitroerg.pl\/#website"},"datePublished":"2018-12-02T17:50:59+00:00","dateModified":"2019-03-20T14:52:36+00:00","breadcrumb":{"@id":"https:\/\/nitroerg.pl\/en\/produkty\/initiating-systems\/#breadcrumb"},"inLanguage":"en-US","potentialAction":[{"@type":"ReadAction","target":["https:\/\/nitroerg.pl\/en\/produkty\/initiating-systems\/"]}]},{"@type":"BreadcrumbList","@id":"https:\/\/nitroerg.pl\/en\/produkty\/initiating-systems\/#breadcrumb","itemListElement":[{"@type":"ListItem","position":1,"name":"Home","item":"https:\/\/nitroerg.pl\/en\/"},{"@type":"ListItem","position":2,"name":"Produkty","item":"https:\/\/nitroerg.pl\/en\/produkty\/"},{"@type":"ListItem","position":3,"name":"Initiating systems"}]},{"@type":"WebSite","@id":"https:\/\/nitroerg.pl\/#website","url":"https:\/\/nitroerg.pl\/","name":"NITROERG","description":"Najwi\u0119kszy w Polsce i jeden z najwi\u0119kszych w Europie producent materia\u0142\u00f3w wybuchowych","potentialAction":[{"@type":"SearchAction","target":{"@type":"EntryPoint","urlTemplate":"https:\/\/nitroerg.pl\/?s={search_term_string}"},"query-input":{"@type":"PropertyValueSpecification","valueRequired":true,"valueName":"search_term_string"}}],"inLanguage":"en-US"}]}},"_links":{"self":[{"href":"https:\/\/nitroerg.pl\/en\/wp-json\/wp\/v2\/pages\/1730","targetHints":{"allow":["GET"]}}],"collection":[{"href":"https:\/\/nitroerg.pl\/en\/wp-json\/wp\/v2\/pages"}],"about":[{"href":"https:\/\/nitroerg.pl\/en\/wp-json\/wp\/v2\/types\/page"}],"author":[{"embeddable":true,"href":"https:\/\/nitroerg.pl\/en\/wp-json\/wp\/v2\/users\/3"}],"replies":[{"embeddable":true,"href":"https:\/\/nitroerg.pl\/en\/wp-json\/wp\/v2\/comments?post=1730"}],"version-history":[{"count":19,"href":"https:\/\/nitroerg.pl\/en\/wp-json\/wp\/v2\/pages\/1730\/revisions"}],"predecessor-version":[{"id":4980,"href":"https:\/\/nitroerg.pl\/en\/wp-json\/wp\/v2\/pages\/1730\/revisions\/4980"}],"up":[{"embeddable":true,"href":"https:\/\/nitroerg.pl\/en\/wp-json\/wp\/v2\/pages\/1722"}],"wp:attachment":[{"href":"https:\/\/nitroerg.pl\/en\/wp-json\/wp\/v2\/media?parent=1730"}],"curies":[{"name":"wp","href":"https:\/\/api.w.org\/{rel}","templated":true}]}}