{"id":1709,"date":"2018-12-03T12:44:19","date_gmt":"2018-12-03T11:44:19","guid":{"rendered":"http:\/\/nitroerg.pl\/ochrona-srodowiska\/"},"modified":"2026-03-10T20:35:42","modified_gmt":"2026-03-10T19:35:42","slug":"environmental-management","status":"publish","type":"page","link":"https:\/\/nitroerg.pl\/en\/environmental-management\/","title":{"rendered":"Environmental management"},"content":{"rendered":"<p data-path-to-node=\"3\"><strong>NITROERG S.A. conducts a range of activities that constitute its environmental management strategy. <\/strong><\/p>\n<p data-path-to-node=\"3\">The Krupski M\u0142yn site has implemented a certified and continuously improved environmental management system that complies with the ISO 14001:2015 standard.\u00a0In accordance with ISO 14001:2015 requirements, the company regularly conducts internal audits and environmental inspections. It also assesses risks and opportunities, including environmental aspects, by comparing their values against the requirements specified in administrative decisions. Furthermore, the product life cycle and the organization&#8217;s internal and external context have been defined. The scope, methods, and frequency of monitoring technological processes\u2014including the measurement and recording of emission levels\u2014adhere to the conditions set out in valid environmental permits.<\/p>\n<p data-path-to-node=\"5\">NITROERG S.A. holds all legally required permits for environmental resource use. All permits are current and subject to regular reviews to ensure their completeness and validity, including:<\/p>\n<ul>\n<li data-path-to-node=\"6,0,0\">Integrated permits;<\/li>\n<li data-path-to-node=\"6,0,0\">Water-law permits for groundwater abstraction;<\/li>\n<li data-path-to-node=\"6,0,0\">Permits for the emission of gases and dust into the air;<\/li>\n<li data-path-to-node=\"6,0,0\">Water-law permits for the discharge of domestic sewage;<\/li>\n<li data-path-to-node=\"6,0,0\">Water-law permits for the discharge of industrial wastewater containing substances particularly harmful to the aquatic environment.<\/li>\n<\/ul>\n<p><img loading=\"lazy\" decoding=\"async\" class=\"alignnone wp-image-19916 size-full\" src=\"https:\/\/nitroerg.pl\/wp-content\/uploads\/2026\/02\/Zarzadzanie-srodowiskiem.png\" alt=\"\" width=\"1024\" height=\"768\" \/><\/p>\n","protected":false},"excerpt":{"rendered":"<p>NITROERG S.A. conducts a range of activities that constitute its environmental management strategy. The Krupski M\u0142yn site has implemented a<a class=\"more-link\" href=\"https:\/\/nitroerg.pl\/en\/environmental-management\/\">&#8230;<\/a><\/p>\n","protected":false},"author":3,"featured_media":0,"parent":0,"menu_order":0,"comment_status":"closed","ping_status":"closed","template":"","meta":{"_acf_changed":false,"footnotes":""},"class_list":["post-1709","page","type-page","status-publish","hentry"],"acf":[],"yoast_head":"<!-- This site is optimized with the Yoast SEO plugin v27.1.1 - https:\/\/yoast.com\/product\/yoast-seo-wordpress\/ -->\n<title>Environmental management - NITROERG<\/title>\n<meta name=\"robots\" content=\"index, follow, max-snippet:-1, max-image-preview:large, max-video-preview:-1\" \/>\n<link rel=\"canonical\" href=\"https:\/\/nitroerg.pl\/en\/environmental-management\/\" \/>\n<meta property=\"og:locale\" content=\"en_US\" \/>\n<meta property=\"og:type\" content=\"article\" \/>\n<meta property=\"og:title\" content=\"Environmental management - NITROERG\" \/>\n<meta property=\"og:description\" content=\"NITROERG S.A. conducts a range of activities that constitute its environmental management strategy. The Krupski M\u0142yn site has implemented a...\" \/>\n<meta property=\"og:url\" content=\"https:\/\/nitroerg.pl\/en\/environmental-management\/\" \/>\n<meta property=\"og:site_name\" content=\"NITROERG\" \/>\n<meta property=\"article:modified_time\" content=\"2026-03-10T19:35:42+00:00\" \/>\n<meta name=\"twitter:card\" content=\"summary_large_image\" \/>\n<meta name=\"twitter:label1\" content=\"Est. reading time\" \/>\n\t<meta name=\"twitter:data1\" content=\"2 minutes\" \/>\n<script type=\"application\/ld+json\" class=\"yoast-schema-graph\">{\"@context\":\"https:\/\/schema.org\",\"@graph\":[{\"@type\":\"WebPage\",\"@id\":\"https:\/\/nitroerg.pl\/en\/environmental-management\/\",\"url\":\"https:\/\/nitroerg.pl\/en\/environmental-management\/\",\"name\":\"Environmental management - NITROERG\",\"isPartOf\":{\"@id\":\"https:\/\/nitroerg.pl\/#website\"},\"primaryImageOfPage\":{\"@id\":\"https:\/\/nitroerg.pl\/en\/environmental-management\/#primaryimage\"},\"image\":{\"@id\":\"https:\/\/nitroerg.pl\/en\/environmental-management\/#primaryimage\"},\"thumbnailUrl\":\"https:\/\/nitroerg.pl\/wp-content\/uploads\/2026\/02\/Zarzadzanie-srodowiskiem.png\",\"datePublished\":\"2018-12-03T11:44:19+00:00\",\"dateModified\":\"2026-03-10T19:35:42+00:00\",\"breadcrumb\":{\"@id\":\"https:\/\/nitroerg.pl\/en\/environmental-management\/#breadcrumb\"},\"inLanguage\":\"en-US\",\"potentialAction\":[{\"@type\":\"ReadAction\",\"target\":[\"https:\/\/nitroerg.pl\/en\/environmental-management\/\"]}]},{\"@type\":\"ImageObject\",\"inLanguage\":\"en-US\",\"@id\":\"https:\/\/nitroerg.pl\/en\/environmental-management\/#primaryimage\",\"url\":\"https:\/\/nitroerg.pl\/wp-content\/uploads\/2026\/02\/Zarzadzanie-srodowiskiem.png\",\"contentUrl\":\"https:\/\/nitroerg.pl\/wp-content\/uploads\/2026\/02\/Zarzadzanie-srodowiskiem.png\"},{\"@type\":\"BreadcrumbList\",\"@id\":\"https:\/\/nitroerg.pl\/en\/environmental-management\/#breadcrumb\",\"itemListElement\":[{\"@type\":\"ListItem\",\"position\":1,\"name\":\"Home\",\"item\":\"https:\/\/nitroerg.pl\/en\/\"},{\"@type\":\"ListItem\",\"position\":2,\"name\":\"Environmental management\"}]},{\"@type\":\"WebSite\",\"@id\":\"https:\/\/nitroerg.pl\/#website\",\"url\":\"https:\/\/nitroerg.pl\/\",\"name\":\"NITROERG\",\"description\":\"Najwi\u0119kszy w Polsce i jeden z najwi\u0119kszych w Europie producent materia\u0142\u00f3w wybuchowych\",\"potentialAction\":[{\"@type\":\"SearchAction\",\"target\":{\"@type\":\"EntryPoint\",\"urlTemplate\":\"https:\/\/nitroerg.pl\/?s={search_term_string}\"},\"query-input\":{\"@type\":\"PropertyValueSpecification\",\"valueRequired\":true,\"valueName\":\"search_term_string\"}}],\"inLanguage\":\"en-US\"}]}<\/script>\n<!-- \/ Yoast SEO plugin. -->","yoast_head_json":{"title":"Environmental management - NITROERG","robots":{"index":"index","follow":"follow","max-snippet":"max-snippet:-1","max-image-preview":"max-image-preview:large","max-video-preview":"max-video-preview:-1"},"canonical":"https:\/\/nitroerg.pl\/en\/environmental-management\/","og_locale":"en_US","og_type":"article","og_title":"Environmental management - NITROERG","og_description":"NITROERG S.A. conducts a range of activities that constitute its environmental management strategy. The Krupski M\u0142yn site has implemented a...","og_url":"https:\/\/nitroerg.pl\/en\/environmental-management\/","og_site_name":"NITROERG","article_modified_time":"2026-03-10T19:35:42+00:00","twitter_card":"summary_large_image","twitter_misc":{"Est. reading time":"2 minutes"},"schema":{"@context":"https:\/\/schema.org","@graph":[{"@type":"WebPage","@id":"https:\/\/nitroerg.pl\/en\/environmental-management\/","url":"https:\/\/nitroerg.pl\/en\/environmental-management\/","name":"Environmental management - NITROERG","isPartOf":{"@id":"https:\/\/nitroerg.pl\/#website"},"primaryImageOfPage":{"@id":"https:\/\/nitroerg.pl\/en\/environmental-management\/#primaryimage"},"image":{"@id":"https:\/\/nitroerg.pl\/en\/environmental-management\/#primaryimage"},"thumbnailUrl":"https:\/\/nitroerg.pl\/wp-content\/uploads\/2026\/02\/Zarzadzanie-srodowiskiem.png","datePublished":"2018-12-03T11:44:19+00:00","dateModified":"2026-03-10T19:35:42+00:00","breadcrumb":{"@id":"https:\/\/nitroerg.pl\/en\/environmental-management\/#breadcrumb"},"inLanguage":"en-US","potentialAction":[{"@type":"ReadAction","target":["https:\/\/nitroerg.pl\/en\/environmental-management\/"]}]},{"@type":"ImageObject","inLanguage":"en-US","@id":"https:\/\/nitroerg.pl\/en\/environmental-management\/#primaryimage","url":"https:\/\/nitroerg.pl\/wp-content\/uploads\/2026\/02\/Zarzadzanie-srodowiskiem.png","contentUrl":"https:\/\/nitroerg.pl\/wp-content\/uploads\/2026\/02\/Zarzadzanie-srodowiskiem.png"},{"@type":"BreadcrumbList","@id":"https:\/\/nitroerg.pl\/en\/environmental-management\/#breadcrumb","itemListElement":[{"@type":"ListItem","position":1,"name":"Home","item":"https:\/\/nitroerg.pl\/en\/"},{"@type":"ListItem","position":2,"name":"Environmental management"}]},{"@type":"WebSite","@id":"https:\/\/nitroerg.pl\/#website","url":"https:\/\/nitroerg.pl\/","name":"NITROERG","description":"Najwi\u0119kszy w Polsce i jeden z najwi\u0119kszych w Europie producent materia\u0142\u00f3w wybuchowych","potentialAction":[{"@type":"SearchAction","target":{"@type":"EntryPoint","urlTemplate":"https:\/\/nitroerg.pl\/?s={search_term_string}"},"query-input":{"@type":"PropertyValueSpecification","valueRequired":true,"valueName":"search_term_string"}}],"inLanguage":"en-US"}]}},"_links":{"self":[{"href":"https:\/\/nitroerg.pl\/en\/wp-json\/wp\/v2\/pages\/1709","targetHints":{"allow":["GET"]}}],"collection":[{"href":"https:\/\/nitroerg.pl\/en\/wp-json\/wp\/v2\/pages"}],"about":[{"href":"https:\/\/nitroerg.pl\/en\/wp-json\/wp\/v2\/types\/page"}],"author":[{"embeddable":true,"href":"https:\/\/nitroerg.pl\/en\/wp-json\/wp\/v2\/users\/3"}],"replies":[{"embeddable":true,"href":"https:\/\/nitroerg.pl\/en\/wp-json\/wp\/v2\/comments?post=1709"}],"version-history":[{"count":29,"href":"https:\/\/nitroerg.pl\/en\/wp-json\/wp\/v2\/pages\/1709\/revisions"}],"predecessor-version":[{"id":20018,"href":"https:\/\/nitroerg.pl\/en\/wp-json\/wp\/v2\/pages\/1709\/revisions\/20018"}],"wp:attachment":[{"href":"https:\/\/nitroerg.pl\/en\/wp-json\/wp\/v2\/media?parent=1709"}],"curies":[{"name":"wp","href":"https:\/\/api.w.org\/{rel}","templated":true}]}}