{"id":11539,"date":"2022-03-22T16:22:41","date_gmt":"2022-03-22T15:22:41","guid":{"rendered":"https:\/\/nitroerg.pl\/?page_id=11539"},"modified":"2025-10-20T10:53:41","modified_gmt":"2025-10-20T08:53:41","slug":"presentations","status":"publish","type":"page","link":"https:\/\/nitroerg.pl\/en\/presentations\/","title":{"rendered":"Presentations"},"content":{"rendered":"<p>We would like to invite you to watch the business presentation of NITROERG S.A.<\/p>\n","protected":false},"excerpt":{"rendered":"<p>We would like to invite you to watch the business presentation of NITROERG S.A.<\/p>\n","protected":false},"author":2,"featured_media":0,"parent":0,"menu_order":0,"comment_status":"closed","ping_status":"closed","template":"","meta":{"_acf_changed":false,"footnotes":""},"class_list":["post-11539","page","type-page","status-publish","hentry"],"acf":[],"yoast_head":"<!-- This site is optimized with the Yoast SEO plugin v27.5 - https:\/\/yoast.com\/product\/yoast-seo-wordpress\/ -->\n<title>Presentations - NITROERG<\/title>\n<meta name=\"robots\" content=\"index, follow, max-snippet:-1, max-image-preview:large, max-video-preview:-1\" \/>\n<link rel=\"canonical\" href=\"https:\/\/nitroerg.pl\/en\/presentations\/\" \/>\n<meta property=\"og:locale\" content=\"en_US\" \/>\n<meta property=\"og:type\" content=\"article\" \/>\n<meta property=\"og:title\" content=\"Presentations - NITROERG\" \/>\n<meta property=\"og:description\" content=\"We would like to invite you to watch the business presentation of NITROERG S.A.\" \/>\n<meta property=\"og:url\" content=\"https:\/\/nitroerg.pl\/en\/presentations\/\" \/>\n<meta property=\"og:site_name\" content=\"NITROERG\" \/>\n<meta property=\"article:modified_time\" content=\"2025-10-20T08:53:41+00:00\" \/>\n<meta name=\"twitter:card\" content=\"summary_large_image\" \/>\n<meta name=\"twitter:label1\" content=\"Est. reading time\" \/>\n\t<meta name=\"twitter:data1\" content=\"1 minute\" \/>\n<script type=\"application\/ld+json\" class=\"yoast-schema-graph\">{\"@context\":\"https:\\\/\\\/schema.org\",\"@graph\":[{\"@type\":\"WebPage\",\"@id\":\"https:\\\/\\\/nitroerg.pl\\\/en\\\/presentations\\\/\",\"url\":\"https:\\\/\\\/nitroerg.pl\\\/en\\\/presentations\\\/\",\"name\":\"Presentations - NITROERG\",\"isPartOf\":{\"@id\":\"https:\\\/\\\/nitroerg.pl\\\/#website\"},\"datePublished\":\"2022-03-22T15:22:41+00:00\",\"dateModified\":\"2025-10-20T08:53:41+00:00\",\"breadcrumb\":{\"@id\":\"https:\\\/\\\/nitroerg.pl\\\/en\\\/presentations\\\/#breadcrumb\"},\"inLanguage\":\"en-US\",\"potentialAction\":[{\"@type\":\"ReadAction\",\"target\":[\"https:\\\/\\\/nitroerg.pl\\\/en\\\/presentations\\\/\"]}]},{\"@type\":\"BreadcrumbList\",\"@id\":\"https:\\\/\\\/nitroerg.pl\\\/en\\\/presentations\\\/#breadcrumb\",\"itemListElement\":[{\"@type\":\"ListItem\",\"position\":1,\"name\":\"Home\",\"item\":\"https:\\\/\\\/nitroerg.pl\\\/en\\\/\"},{\"@type\":\"ListItem\",\"position\":2,\"name\":\"Presentations\"}]},{\"@type\":\"WebSite\",\"@id\":\"https:\\\/\\\/nitroerg.pl\\\/#website\",\"url\":\"https:\\\/\\\/nitroerg.pl\\\/\",\"name\":\"NITROERG\",\"description\":\"Najwi\u0119kszy w Polsce i jeden z najwi\u0119kszych w Europie producent materia\u0142\u00f3w wybuchowych\",\"potentialAction\":[{\"@type\":\"SearchAction\",\"target\":{\"@type\":\"EntryPoint\",\"urlTemplate\":\"https:\\\/\\\/nitroerg.pl\\\/?s={search_term_string}\"},\"query-input\":{\"@type\":\"PropertyValueSpecification\",\"valueRequired\":true,\"valueName\":\"search_term_string\"}}],\"inLanguage\":\"en-US\"}]}<\/script>\n<!-- \/ Yoast SEO plugin. -->","yoast_head_json":{"title":"Presentations - NITROERG","robots":{"index":"index","follow":"follow","max-snippet":"max-snippet:-1","max-image-preview":"max-image-preview:large","max-video-preview":"max-video-preview:-1"},"canonical":"https:\/\/nitroerg.pl\/en\/presentations\/","og_locale":"en_US","og_type":"article","og_title":"Presentations - NITROERG","og_description":"We would like to invite you to watch the business presentation of NITROERG S.A.","og_url":"https:\/\/nitroerg.pl\/en\/presentations\/","og_site_name":"NITROERG","article_modified_time":"2025-10-20T08:53:41+00:00","twitter_card":"summary_large_image","twitter_misc":{"Est. reading time":"1 minute"},"schema":{"@context":"https:\/\/schema.org","@graph":[{"@type":"WebPage","@id":"https:\/\/nitroerg.pl\/en\/presentations\/","url":"https:\/\/nitroerg.pl\/en\/presentations\/","name":"Presentations - NITROERG","isPartOf":{"@id":"https:\/\/nitroerg.pl\/#website"},"datePublished":"2022-03-22T15:22:41+00:00","dateModified":"2025-10-20T08:53:41+00:00","breadcrumb":{"@id":"https:\/\/nitroerg.pl\/en\/presentations\/#breadcrumb"},"inLanguage":"en-US","potentialAction":[{"@type":"ReadAction","target":["https:\/\/nitroerg.pl\/en\/presentations\/"]}]},{"@type":"BreadcrumbList","@id":"https:\/\/nitroerg.pl\/en\/presentations\/#breadcrumb","itemListElement":[{"@type":"ListItem","position":1,"name":"Home","item":"https:\/\/nitroerg.pl\/en\/"},{"@type":"ListItem","position":2,"name":"Presentations"}]},{"@type":"WebSite","@id":"https:\/\/nitroerg.pl\/#website","url":"https:\/\/nitroerg.pl\/","name":"NITROERG","description":"Najwi\u0119kszy w Polsce i jeden z najwi\u0119kszych w Europie producent materia\u0142\u00f3w wybuchowych","potentialAction":[{"@type":"SearchAction","target":{"@type":"EntryPoint","urlTemplate":"https:\/\/nitroerg.pl\/?s={search_term_string}"},"query-input":{"@type":"PropertyValueSpecification","valueRequired":true,"valueName":"search_term_string"}}],"inLanguage":"en-US"}]}},"_links":{"self":[{"href":"https:\/\/nitroerg.pl\/en\/wp-json\/wp\/v2\/pages\/11539","targetHints":{"allow":["GET"]}}],"collection":[{"href":"https:\/\/nitroerg.pl\/en\/wp-json\/wp\/v2\/pages"}],"about":[{"href":"https:\/\/nitroerg.pl\/en\/wp-json\/wp\/v2\/types\/page"}],"author":[{"embeddable":true,"href":"https:\/\/nitroerg.pl\/en\/wp-json\/wp\/v2\/users\/2"}],"replies":[{"embeddable":true,"href":"https:\/\/nitroerg.pl\/en\/wp-json\/wp\/v2\/comments?post=11539"}],"version-history":[{"count":2,"href":"https:\/\/nitroerg.pl\/en\/wp-json\/wp\/v2\/pages\/11539\/revisions"}],"predecessor-version":[{"id":18344,"href":"https:\/\/nitroerg.pl\/en\/wp-json\/wp\/v2\/pages\/11539\/revisions\/18344"}],"wp:attachment":[{"href":"https:\/\/nitroerg.pl\/en\/wp-json\/wp\/v2\/media?parent=11539"}],"curies":[{"name":"wp","href":"https:\/\/api.w.org\/{rel}","templated":true}]}}